{"id":973,"date":"2023-07-16T14:35:41","date_gmt":"2023-07-16T12:35:41","guid":{"rendered":"https:\/\/hangarmusik-cm1aat3bjj.live-website.com\/?page_id=973"},"modified":"2025-08-03T20:50:27","modified_gmt":"2025-08-03T18:50:27","slug":"foerderung","status":"publish","type":"page","link":"https:\/\/hangarmusik.de\/en\/foerderung\/","title":{"rendered":"Support"},"content":{"rendered":"<div class=\"wp-block-cover alignfull is-light has-parallax wp-duotone-unset-1\" style=\"min-height:430px;aspect-ratio:unset;\"><div class=\"wp-block-cover__image-background wp-image-3078 size-full has-parallax\" style=\"background-position:50% 50%;background-image:url(https:\/\/hangarmusik.de\/wp-content\/uploads\/2025\/05\/2016-hangar-06-4109.jpeg)\"><\/div><span aria-hidden=\"true\" class=\"wp-block-cover__background has-background-dim-0 has-background-dim\" style=\"background-color:#b5a69b\"><\/span><div class=\"wp-block-cover__inner-container is-layout-flow wp-block-cover-is-layout-flow\">\n<p class=\"has-text-align-center has-large-font-size\"><\/p>\n<\/div><\/div>\n\n\n\n<div class=\"wp-block-group has-global-padding is-layout-constrained wp-container-core-group-is-layout-ff778368 wp-block-group-is-layout-constrained\" style=\"padding-right:var(--wp--preset--spacing--30);padding-left:var(--wp--preset--spacing--30)\"><h2 style=\"margin-bottom:var(--wp--preset--spacing--50);\" class=\"has-text-align-center wp-block-post-title\">Support<\/h2>\n\n\n<div class=\"wp-block-group has-global-padding is-layout-constrained wp-container-core-group-is-layout-323a0f85 wp-block-group-is-layout-constrained\" style=\"padding-right:0;padding-left:0\">\n<p>Many thanks to all supporters of HANGARMUSIK! <\/p>\n\n\n\n<p>We extend our sincere gratitude to the many anonymous donors and sponsors.<\/p>\n<\/div>\n\n\n\n<figure class=\"wp-block-gallery has-nested-images columns-default wp-block-gallery-2 is-layout-flex wp-block-gallery-is-layout-flex\">\n<figure class=\"wp-block-image aligncenter size-full is-style-default wp-container-content-69bc4bdf\"><img loading=\"lazy\" decoding=\"async\" width=\"226\" height=\"96\" data-id=\"2363\" src=\"https:\/\/hangarmusik.de\/wp-content\/uploads\/2025\/01\/buehler-bolstorff-stiftung-logo-neu-226x96-1.jpg\" alt=\"\" class=\"wp-image-2363\" srcset=\"https:\/\/hangarmusik.de\/wp-content\/uploads\/2025\/01\/buehler-bolstorff-stiftung-logo-neu-226x96-1.jpg 226w, https:\/\/hangarmusik.de\/wp-content\/uploads\/2025\/01\/buehler-bolstorff-stiftung-logo-neu-226x96-1-18x8.jpg 18w\" sizes=\"auto, (max-width: 226px) 100vw, 226px\" \/><\/figure>\n\n\n\n<figure class=\"wp-block-image size-medium\"><img loading=\"lazy\" decoding=\"async\" width=\"300\" height=\"96\" data-id=\"2966\" src=\"https:\/\/hangarmusik.de\/wp-content\/uploads\/2025\/05\/RAUE-Logo-300x96.png\" alt=\"\" class=\"wp-image-2966\" srcset=\"https:\/\/hangarmusik.de\/wp-content\/uploads\/2025\/05\/RAUE-Logo-300x96.png 300w, https:\/\/hangarmusik.de\/wp-content\/uploads\/2025\/05\/RAUE-Logo-18x6.png 18w, https:\/\/hangarmusik.de\/wp-content\/uploads\/2025\/05\/RAUE-Logo.png 418w\" sizes=\"auto, (max-width: 300px) 100vw, 300px\" \/><\/figure>\n\n\n\n<figure class=\"wp-block-image size-medium\"><img loading=\"lazy\" decoding=\"async\" width=\"300\" height=\"225\" data-id=\"2968\" src=\"https:\/\/hangarmusik.de\/wp-content\/uploads\/2025\/05\/BuM_Logo_5-300x225.png\" alt=\"\" class=\"wp-image-2968\" srcset=\"https:\/\/hangarmusik.de\/wp-content\/uploads\/2025\/05\/BuM_Logo_5-300x225.png 300w, https:\/\/hangarmusik.de\/wp-content\/uploads\/2025\/05\/BuM_Logo_5-1024x768.png 1024w, https:\/\/hangarmusik.de\/wp-content\/uploads\/2025\/05\/BuM_Logo_5-768x576.png 768w, https:\/\/hangarmusik.de\/wp-content\/uploads\/2025\/05\/BuM_Logo_5-1536x1152.png 1536w, https:\/\/hangarmusik.de\/wp-content\/uploads\/2025\/05\/BuM_Logo_5-2048x1536.png 2048w, https:\/\/hangarmusik.de\/wp-content\/uploads\/2025\/05\/BuM_Logo_5-16x12.png 16w\" sizes=\"auto, (max-width: 300px) 100vw, 300px\" \/><\/figure>\n\n\n\n<figure class=\"wp-block-image size-medium\"><img loading=\"lazy\" decoding=\"async\" width=\"300\" height=\"96\" data-id=\"2969\" src=\"https:\/\/hangarmusik.de\/wp-content\/uploads\/2025\/05\/LogoMachreichArtists-1-300x96.jpg\" alt=\"\" class=\"wp-image-2969\" srcset=\"https:\/\/hangarmusik.de\/wp-content\/uploads\/2025\/05\/LogoMachreichArtists-1-300x96.jpg 300w, https:\/\/hangarmusik.de\/wp-content\/uploads\/2025\/05\/LogoMachreichArtists-1-18x6.jpg 18w, https:\/\/hangarmusik.de\/wp-content\/uploads\/2025\/05\/LogoMachreichArtists-1.jpg 395w\" sizes=\"auto, (max-width: 300px) 100vw, 300px\" \/><\/figure>\n\n\n\n<figure class=\"wp-block-image size-full\"><img loading=\"lazy\" decoding=\"async\" width=\"1169\" height=\"394\" data-id=\"2410\" src=\"https:\/\/hangarmusik.de\/wp-content\/uploads\/2025\/01\/Camaro-Schriftzug-A4-1.jpg\" alt=\"\" class=\"wp-image-2410\" srcset=\"https:\/\/hangarmusik.de\/wp-content\/uploads\/2025\/01\/Camaro-Schriftzug-A4-1.jpg 1169w, https:\/\/hangarmusik.de\/wp-content\/uploads\/2025\/01\/Camaro-Schriftzug-A4-1-300x101.jpg 300w, https:\/\/hangarmusik.de\/wp-content\/uploads\/2025\/01\/Camaro-Schriftzug-A4-1-1024x345.jpg 1024w, https:\/\/hangarmusik.de\/wp-content\/uploads\/2025\/01\/Camaro-Schriftzug-A4-1-768x259.jpg 768w, https:\/\/hangarmusik.de\/wp-content\/uploads\/2025\/01\/Camaro-Schriftzug-A4-1-18x6.jpg 18w\" sizes=\"auto, (max-width: 1169px) 100vw, 1169px\" \/><\/figure>\n<\/figure>\n\n\n\n<hr class=\"wp-block-separator has-alpha-channel-opacity is-style-wide\" style=\"margin-top:var(--wp--preset--spacing--50);margin-bottom:var(--wp--preset--spacing--50)\"\/>\n\n\n\n<div class=\"wp-block-group has-global-padding is-layout-constrained wp-container-core-group-is-layout-7db9d80f wp-block-group-is-layout-constrained\" style=\"padding-right:0;padding-left:0\">\n<p>We would like to thank the Alexander and Renata Camaro Foundation for the opportunity to make music in the Camaro House.<\/p>\n\n\n\n<p>Our thanks go to Gabriele Endlich for her support behind the scenes. <\/p>\n\n\n\n<p>We would also like to thank Simon Rattle and Magdalena Kozena, Gustavo Dudamel, Ivan Fischer, Rudi Watzel as well as Catherine Milliken, Eva B\u00f6cker and Megumi Kasakawa from the Ensemble Modern for the opportunity to allow children, teenagers and young adults from HANGARMUSIK to experience the professional world of the orchestra. We would also like to thank Marlis Petersen and her calendar project as well as Dr Oliver Bartels.<\/p>\n\n\n\n<p>In memoriam we would like to thank Dr Jos\u00e9 Antonio Abreu and Wilfried Merle from Venezuela for their inspiration.<\/p>\n<\/div>\n<\/div>","protected":false},"excerpt":{"rendered":"<p>Herzlichen Dank an alle Unterst\u00fctzer von HANGARMUSIK! Unser besonderer Dank gilt neben vielen ungenannten Spendern und F\u00f6rderern: Wir danken der Alexander und Renata Camaro-Stiftung f\u00fcr die M\u00f6glichkeit, im Camaro-Haus zu musizieren. F\u00fcr die Unterst\u00fctzung hinter den Kulissen gilt unser Dank Gabriele Endlich. Simon Rattle und Magdalena Kozena, Gustavo Dudamel, Ivan Fischer, Rudi Watzel sowie Catherine [&hellip;]<\/p>\n","protected":false},"author":1,"featured_media":0,"parent":0,"menu_order":0,"comment_status":"closed","ping_status":"closed","template":"","meta":{"footnotes":""},"class_list":["post-973","page","type-page","status-publish","hentry"],"yoast_head":"<!-- This site is optimized with the Yoast SEO plugin v27.5 - https:\/\/yoast.com\/product\/yoast-seo-wordpress\/ -->\n<title>F\u00f6rderung - HANGARMUSIK<\/title>\n<meta name=\"robots\" content=\"index, follow, max-snippet:-1, max-image-preview:large, max-video-preview:-1\" \/>\n<link rel=\"canonical\" href=\"https:\/\/hangarmusik.de\/en\/foerderung\/\" \/>\n<meta property=\"og:locale\" content=\"en_GB\" \/>\n<meta property=\"og:type\" content=\"article\" \/>\n<meta property=\"og:title\" content=\"F\u00f6rderung - HANGARMUSIK\" \/>\n<meta property=\"og:description\" content=\"Herzlichen Dank an alle Unterst\u00fctzer von HANGARMUSIK! Unser besonderer Dank gilt neben vielen ungenannten Spendern und F\u00f6rderern: Wir danken der Alexander und Renata Camaro-Stiftung f\u00fcr die M\u00f6glichkeit, im Camaro-Haus zu musizieren. F\u00fcr die Unterst\u00fctzung hinter den Kulissen gilt unser Dank Gabriele Endlich. Simon Rattle und Magdalena Kozena, Gustavo Dudamel, Ivan Fischer, Rudi Watzel sowie Catherine [&hellip;]\" \/>\n<meta property=\"og:url\" content=\"https:\/\/hangarmusik.de\/en\/foerderung\/\" \/>\n<meta property=\"og:site_name\" content=\"HANGARMUSIK\" \/>\n<meta property=\"article:modified_time\" content=\"2025-08-03T18:50:27+00:00\" \/>\n<meta property=\"og:image\" content=\"https:\/\/hangarmusik.de\/wp-content\/uploads\/2025\/01\/buehler-bolstorff-stiftung-logo-neu-226x96-1.jpg\" \/>\n\t<meta property=\"og:image:width\" content=\"226\" \/>\n\t<meta property=\"og:image:height\" content=\"96\" \/>\n\t<meta property=\"og:image:type\" content=\"image\/jpeg\" \/>\n<meta name=\"twitter:card\" content=\"summary_large_image\" \/>\n<meta name=\"twitter:label1\" content=\"Estimated reading time\" \/>\n\t<meta name=\"twitter:data1\" content=\"2 minutes\" \/>\n<script type=\"application\/ld+json\" class=\"yoast-schema-graph\">{\"@context\":\"https:\\\/\\\/schema.org\",\"@graph\":[{\"@type\":\"WebPage\",\"@id\":\"https:\\\/\\\/hangarmusik.de\\\/foerderung\\\/\",\"url\":\"https:\\\/\\\/hangarmusik.de\\\/foerderung\\\/\",\"name\":\"F\u00f6rderung - HANGARMUSIK\",\"isPartOf\":{\"@id\":\"https:\\\/\\\/hangarmusik.de\\\/#website\"},\"primaryImageOfPage\":{\"@id\":\"https:\\\/\\\/hangarmusik.de\\\/foerderung\\\/#primaryimage\"},\"image\":{\"@id\":\"https:\\\/\\\/hangarmusik.de\\\/foerderung\\\/#primaryimage\"},\"thumbnailUrl\":\"https:\\\/\\\/hangarmusik.de\\\/wp-content\\\/uploads\\\/2025\\\/01\\\/buehler-bolstorff-stiftung-logo-neu-226x96-1.jpg\",\"datePublished\":\"2023-07-16T12:35:41+00:00\",\"dateModified\":\"2025-08-03T18:50:27+00:00\",\"breadcrumb\":{\"@id\":\"https:\\\/\\\/hangarmusik.de\\\/foerderung\\\/#breadcrumb\"},\"inLanguage\":\"en-GB\",\"potentialAction\":[{\"@type\":\"ReadAction\",\"target\":[\"https:\\\/\\\/hangarmusik.de\\\/foerderung\\\/\"]}]},{\"@type\":\"ImageObject\",\"inLanguage\":\"en-GB\",\"@id\":\"https:\\\/\\\/hangarmusik.de\\\/foerderung\\\/#primaryimage\",\"url\":\"https:\\\/\\\/hangarmusik.de\\\/wp-content\\\/uploads\\\/2025\\\/01\\\/buehler-bolstorff-stiftung-logo-neu-226x96-1.jpg\",\"contentUrl\":\"https:\\\/\\\/hangarmusik.de\\\/wp-content\\\/uploads\\\/2025\\\/01\\\/buehler-bolstorff-stiftung-logo-neu-226x96-1.jpg\"},{\"@type\":\"BreadcrumbList\",\"@id\":\"https:\\\/\\\/hangarmusik.de\\\/foerderung\\\/#breadcrumb\",\"itemListElement\":[{\"@type\":\"ListItem\",\"position\":1,\"name\":\"Startseite\",\"item\":\"https:\\\/\\\/hangarmusik.de\\\/\"},{\"@type\":\"ListItem\",\"position\":2,\"name\":\"F\u00f6rderung\"}]},{\"@type\":\"WebSite\",\"@id\":\"https:\\\/\\\/hangarmusik.de\\\/#website\",\"url\":\"https:\\\/\\\/hangarmusik.de\\\/\",\"name\":\"HANGARMUSIK\",\"description\":\"Soziale Integration durch Orchestermusik\",\"publisher\":{\"@id\":\"https:\\\/\\\/hangarmusik.de\\\/#organization\"},\"alternateName\":\"Hangarmusik\",\"potentialAction\":[{\"@type\":\"SearchAction\",\"target\":{\"@type\":\"EntryPoint\",\"urlTemplate\":\"https:\\\/\\\/hangarmusik.de\\\/?s={search_term_string}\"},\"query-input\":{\"@type\":\"PropertyValueSpecification\",\"valueRequired\":true,\"valueName\":\"search_term_string\"}}],\"inLanguage\":\"en-GB\"},{\"@type\":\"Organization\",\"@id\":\"https:\\\/\\\/hangarmusik.de\\\/#organization\",\"name\":\"HANGARMUSIK\",\"url\":\"https:\\\/\\\/hangarmusik.de\\\/\",\"logo\":{\"@type\":\"ImageObject\",\"inLanguage\":\"en-GB\",\"@id\":\"https:\\\/\\\/hangarmusik.de\\\/#\\\/schema\\\/logo\\\/image\\\/\",\"url\":\"https:\\\/\\\/hangarmusik.de\\\/wp-content\\\/uploads\\\/2023\\\/07\\\/Hangarmusik_Logo-scaled.jpg\",\"contentUrl\":\"https:\\\/\\\/hangarmusik.de\\\/wp-content\\\/uploads\\\/2023\\\/07\\\/Hangarmusik_Logo-scaled.jpg\",\"width\":2560,\"height\":1280,\"caption\":\"HANGARMUSIK\"},\"image\":{\"@id\":\"https:\\\/\\\/hangarmusik.de\\\/#\\\/schema\\\/logo\\\/image\\\/\"},\"sameAs\":[\"https:\\\/\\\/www.instagram.com\\\/hangarmusik\\\/\"]}]}<\/script>\n<!-- \/ Yoast SEO plugin. -->","yoast_head_json":{"title":"F\u00f6rderung - HANGARMUSIK","robots":{"index":"index","follow":"follow","max-snippet":"max-snippet:-1","max-image-preview":"max-image-preview:large","max-video-preview":"max-video-preview:-1"},"canonical":"https:\/\/hangarmusik.de\/en\/foerderung\/","og_locale":"en_GB","og_type":"article","og_title":"F\u00f6rderung - HANGARMUSIK","og_description":"Herzlichen Dank an alle Unterst\u00fctzer von HANGARMUSIK! Unser besonderer Dank gilt neben vielen ungenannten Spendern und F\u00f6rderern: Wir danken der Alexander und Renata Camaro-Stiftung f\u00fcr die M\u00f6glichkeit, im Camaro-Haus zu musizieren. F\u00fcr die Unterst\u00fctzung hinter den Kulissen gilt unser Dank Gabriele Endlich. Simon Rattle und Magdalena Kozena, Gustavo Dudamel, Ivan Fischer, Rudi Watzel sowie Catherine [&hellip;]","og_url":"https:\/\/hangarmusik.de\/en\/foerderung\/","og_site_name":"HANGARMUSIK","article_modified_time":"2025-08-03T18:50:27+00:00","og_image":[{"width":226,"height":96,"url":"https:\/\/hangarmusik.de\/wp-content\/uploads\/2025\/01\/buehler-bolstorff-stiftung-logo-neu-226x96-1.jpg","type":"image\/jpeg"}],"twitter_card":"summary_large_image","twitter_misc":{"Estimated reading time":"2 minutes"},"schema":{"@context":"https:\/\/schema.org","@graph":[{"@type":"WebPage","@id":"https:\/\/hangarmusik.de\/foerderung\/","url":"https:\/\/hangarmusik.de\/foerderung\/","name":"F\u00f6rderung - HANGARMUSIK","isPartOf":{"@id":"https:\/\/hangarmusik.de\/#website"},"primaryImageOfPage":{"@id":"https:\/\/hangarmusik.de\/foerderung\/#primaryimage"},"image":{"@id":"https:\/\/hangarmusik.de\/foerderung\/#primaryimage"},"thumbnailUrl":"https:\/\/hangarmusik.de\/wp-content\/uploads\/2025\/01\/buehler-bolstorff-stiftung-logo-neu-226x96-1.jpg","datePublished":"2023-07-16T12:35:41+00:00","dateModified":"2025-08-03T18:50:27+00:00","breadcrumb":{"@id":"https:\/\/hangarmusik.de\/foerderung\/#breadcrumb"},"inLanguage":"en-GB","potentialAction":[{"@type":"ReadAction","target":["https:\/\/hangarmusik.de\/foerderung\/"]}]},{"@type":"ImageObject","inLanguage":"en-GB","@id":"https:\/\/hangarmusik.de\/foerderung\/#primaryimage","url":"https:\/\/hangarmusik.de\/wp-content\/uploads\/2025\/01\/buehler-bolstorff-stiftung-logo-neu-226x96-1.jpg","contentUrl":"https:\/\/hangarmusik.de\/wp-content\/uploads\/2025\/01\/buehler-bolstorff-stiftung-logo-neu-226x96-1.jpg"},{"@type":"BreadcrumbList","@id":"https:\/\/hangarmusik.de\/foerderung\/#breadcrumb","itemListElement":[{"@type":"ListItem","position":1,"name":"Startseite","item":"https:\/\/hangarmusik.de\/"},{"@type":"ListItem","position":2,"name":"F\u00f6rderung"}]},{"@type":"WebSite","@id":"https:\/\/hangarmusik.de\/#website","url":"https:\/\/hangarmusik.de\/","name":"HANGARMUSIK","description":"Social integration through orchestral music","publisher":{"@id":"https:\/\/hangarmusik.de\/#organization"},"alternateName":"Hangarmusik","potentialAction":[{"@type":"SearchAction","target":{"@type":"EntryPoint","urlTemplate":"https:\/\/hangarmusik.de\/?s={search_term_string}"},"query-input":{"@type":"PropertyValueSpecification","valueRequired":true,"valueName":"search_term_string"}}],"inLanguage":"en-GB"},{"@type":"Organization","@id":"https:\/\/hangarmusik.de\/#organization","name":"HANGARMUSIK","url":"https:\/\/hangarmusik.de\/","logo":{"@type":"ImageObject","inLanguage":"en-GB","@id":"https:\/\/hangarmusik.de\/#\/schema\/logo\/image\/","url":"https:\/\/hangarmusik.de\/wp-content\/uploads\/2023\/07\/Hangarmusik_Logo-scaled.jpg","contentUrl":"https:\/\/hangarmusik.de\/wp-content\/uploads\/2023\/07\/Hangarmusik_Logo-scaled.jpg","width":2560,"height":1280,"caption":"HANGARMUSIK"},"image":{"@id":"https:\/\/hangarmusik.de\/#\/schema\/logo\/image\/"},"sameAs":["https:\/\/www.instagram.com\/hangarmusik\/"]}]}},"_links":{"self":[{"href":"https:\/\/hangarmusik.de\/en\/wp-json\/wp\/v2\/pages\/973","targetHints":{"allow":["GET"]}}],"collection":[{"href":"https:\/\/hangarmusik.de\/en\/wp-json\/wp\/v2\/pages"}],"about":[{"href":"https:\/\/hangarmusik.de\/en\/wp-json\/wp\/v2\/types\/page"}],"author":[{"embeddable":true,"href":"https:\/\/hangarmusik.de\/en\/wp-json\/wp\/v2\/users\/1"}],"replies":[{"embeddable":true,"href":"https:\/\/hangarmusik.de\/en\/wp-json\/wp\/v2\/comments?post=973"}],"version-history":[{"count":172,"href":"https:\/\/hangarmusik.de\/en\/wp-json\/wp\/v2\/pages\/973\/revisions"}],"predecessor-version":[{"id":4699,"href":"https:\/\/hangarmusik.de\/en\/wp-json\/wp\/v2\/pages\/973\/revisions\/4699"}],"wp:attachment":[{"href":"https:\/\/hangarmusik.de\/en\/wp-json\/wp\/v2\/media?parent=973"}],"curies":[{"name":"wp","href":"https:\/\/api.w.org\/{rel}","templated":true}]}}