{"id":452,"date":"2023-07-05T07:44:26","date_gmt":"2023-07-05T07:44:26","guid":{"rendered":"https:\/\/hangarmusik-cm1aat3bjj.live-website.com\/?page_id=452"},"modified":"2026-02-01T01:39:25","modified_gmt":"2026-02-01T00:39:25","slug":"team","status":"publish","type":"page","link":"https:\/\/hangarmusik.de\/en\/team\/","title":{"rendered":"Team"},"content":{"rendered":"<div class=\"wp-block-cover alignfull has-parallax\" style=\"min-height:400px;aspect-ratio:unset;\"><div class=\"wp-block-cover__image-background wp-image-1316 size-full has-parallax\" style=\"background-position:50% 50%;background-image:url(https:\/\/hangarmusik.de\/wp-content\/uploads\/2023\/08\/HM_1885-edited.jpg)\"><\/div><span aria-hidden=\"true\" class=\"wp-block-cover__background has-background-dim-20 has-background-dim\" style=\"background-color:#756d70\"><\/span><div class=\"wp-block-cover__inner-container has-global-padding is-layout-constrained wp-block-cover-is-layout-constrained\">\n<p class=\"has-text-align-center has-large-font-size\"><\/p>\n<\/div><\/div>\n\n\n\n<div class=\"wp-block-group has-global-padding is-layout-constrained wp-container-core-group-is-layout-ff778368 wp-block-group-is-layout-constrained\" style=\"padding-right:var(--wp--preset--spacing--30);padding-left:var(--wp--preset--spacing--30)\"><h2 style=\"padding-bottom:var(--wp--preset--spacing--50);\" class=\"has-text-align-center wp-block-post-title\">Team<\/h2>\n\n\n<div class=\"wp-block-group has-global-padding is-layout-constrained wp-container-core-group-is-layout-c5bbea69 wp-block-group-is-layout-constrained\">\n<div class=\"wp-block-group is-layout-flex wp-container-core-group-is-layout-d0921e6e wp-block-group-is-layout-flex\">\n<div class=\"wp-block-group is-nowrap is-layout-flex wp-container-core-group-is-layout-6c531013 wp-block-group-is-layout-flex\">\n<figure class=\"wp-block-image aligncenter size-full is-resized has-custom-border\" style=\"margin-top:0;margin-bottom:0\"><img loading=\"lazy\" decoding=\"async\" width=\"667\" height=\"1000\" src=\"https:\/\/hangarmusik.de\/wp-content\/uploads\/2025\/07\/LeilaWeber\u00a9Andreas-Knapp-119.jpg\" alt=\"\" class=\"wp-image-4541\" style=\"border-style:none;border-width:0px;width:326px;height:auto\" srcset=\"https:\/\/hangarmusik.de\/wp-content\/uploads\/2025\/07\/LeilaWeber\u00a9Andreas-Knapp-119.jpg 667w, https:\/\/hangarmusik.de\/wp-content\/uploads\/2025\/07\/LeilaWeber\u00a9Andreas-Knapp-119-200x300.jpg 200w\" sizes=\"auto, (max-width: 667px) 100vw, 667px\" \/><\/figure>\n\n\n\n<div class=\"wp-block-group wp-container-content-9456a016 has-global-padding is-content-justification-center is-layout-constrained wp-block-group-is-layout-constrained\">\n<p class=\"has-text-align-left wp-container-content-68ac353a\" style=\"font-size:clamp(14px, 0.875rem + ((1vw - 3.2px) * 0.682), 20px);\"><strong>Leila Weber<\/strong> (violist, artistic director) taught children's and youth orchestras at \"El Sistema\" in Venezuela as part of an initiative by the German Music Council. Her experience at \"El Sistema\" inspired her to found Hangarmusik in 2015. She has also worked with various youth orchestras in Europe, South Africa and Jamaica and has acquired a wide range of skills in working with children from socially deprived backgrounds. She studied viola at the University of Music Freiburg im Breisgau with Wolfram Christ and at the Hanns Eisler Academy of Music Berlin with Walter K\u00fcssner, supplemented by lessons and masterclasses with Tabea Zimmermann, J\u00f6rg Widmann and Thomas Riebl. Leila Weber has played in the Gustav Mahler Youth Orchestra, with the Faust Quartet, the Ensemble Resonanz, the Kammerakademie Potsdam, the Konzerthausorchester Berlin and the Berliner Philharmoniker.<\/p>\n<\/div>\n<\/div>\n<\/div>\n\n\n\n<div class=\"wp-block-group is-layout-flex wp-container-core-group-is-layout-d0921e6e wp-block-group-is-layout-flex\">\n<div class=\"wp-block-group is-nowrap is-layout-flex wp-container-core-group-is-layout-6c531013 wp-block-group-is-layout-flex\">\n<div class=\"wp-block-group wp-container-content-9456a016 is-vertical is-layout-flex wp-container-core-group-is-layout-fe9cc265 wp-block-group-is-layout-flex\">\n<div class=\"wp-block-group has-global-padding is-layout-constrained wp-block-group-is-layout-constrained\">\n<p class=\"has-text-align-left wp-container-content-68ac353a\" style=\"font-size:clamp(14px, 0.875rem + ((1vw - 3.2px) * 0.682), 20px);\"><strong>Andreas Knapp<\/strong> Andreas Knapp (co-director) founded HANGARMUSIK together with Leila Weber. For the Salzburg Festival, Schleswig-Holstein Festival, and the Berliner Philharmoniker Foundation, he offered exceptional artists, including Leonard Bernstein, Alfred Brendel, Peter E\u00f6tv\u00f6s, Gy\u00f6rgy Ligeti, Frank Zappa, and for many years, Sir Simon Rattle, the finest opportunities to realize their artistic potential. He now provides these same opportunities for young talents at HANGARMUSIK. After studying German philology (M.A. phil) in Frankfurt am Main, specialising in exile literature, he worked for several years at the Fritz Bauer Institute on the history and impact of the Holocaust. In addition to his artistic work, he is dedicated to documenting contemporary historical topics with a focus on culture and migration through his photography.\nwww.andreas-knapp.de<\/p>\n\n\n\n<p class=\"has-text-align-left wp-container-content-68ac353a\" style=\"font-size:clamp(14px, 0.875rem + ((1vw - 3.2px) * 0.455), 18px);\">www.andreas-knapp.de<\/p>\n<\/div>\n<\/div>\n\n\n\n<figure class=\"wp-block-image aligncenter size-full is-resized wp-container-content-5b984bb6\"><img loading=\"lazy\" decoding=\"async\" width=\"503\" height=\"820\" src=\"https:\/\/hangarmusik.de\/wp-content\/uploads\/2025\/07\/AndrasKnapp\u00a9AndreasKnapp_40875-1.jpg\" alt=\"\" class=\"wp-image-4552\" style=\"width:250px\" srcset=\"https:\/\/hangarmusik.de\/wp-content\/uploads\/2025\/07\/AndrasKnapp\u00a9AndreasKnapp_40875-1.jpg 503w, https:\/\/hangarmusik.de\/wp-content\/uploads\/2025\/07\/AndrasKnapp\u00a9AndreasKnapp_40875-1-184x300.jpg 184w\" sizes=\"auto, (max-width: 503px) 100vw, 503px\" \/><\/figure>\n<\/div>\n<\/div>\n\n\n\n<div class=\"wp-block-group is-layout-flex wp-container-core-group-is-layout-d0921e6e wp-block-group-is-layout-flex\">\n<div class=\"wp-block-group is-nowrap is-layout-flex wp-container-core-group-is-layout-6c531013 wp-block-group-is-layout-flex\">\n<figure class=\"wp-block-image aligncenter size-full is-resized wp-container-content-5b984bb6\"><img loading=\"lazy\" decoding=\"async\" width=\"667\" height=\"1000\" src=\"https:\/\/hangarmusik.de\/wp-content\/uploads\/2025\/07\/HM-Paris\u00a9KnappA-0464.jpg\" alt=\"\" class=\"wp-image-4537\" style=\"width:300px\" srcset=\"https:\/\/hangarmusik.de\/wp-content\/uploads\/2025\/07\/HM-Paris\u00a9KnappA-0464.jpg 667w, https:\/\/hangarmusik.de\/wp-content\/uploads\/2025\/07\/HM-Paris\u00a9KnappA-0464-200x300.jpg 200w\" sizes=\"auto, (max-width: 667px) 100vw, 667px\" \/><\/figure>\n\n\n\n<div class=\"wp-block-group wp-container-content-9456a016 has-global-padding is-content-justification-center is-layout-constrained wp-block-group-is-layout-constrained\">\n<p class=\"has-text-align-left wp-container-content-68ac353a\" style=\"font-size:clamp(14px, 0.875rem + ((1vw - 3.2px) * 0.682), 20px);\"><strong>Natalie Pl\u00f6ger<\/strong> (double bass) studied classical double bass, instrumental pedagogy and school music at Detmold University of Applied Sciences. During her studies, she was deeply engaged with jazz music, gaining experience in various big bands and jazz-pop ensembles Musical work with children is particularly close to Natalie's heart, which, in addition to her involvement with Hangarmusik, is expressed in her many years of teaching at the Kleinmachnow music school, among others.<\/p>\n<\/div>\n<\/div>\n<\/div>\n\n\n\n<div class=\"wp-block-group is-layout-flex wp-container-core-group-is-layout-d0921e6e wp-block-group-is-layout-flex\">\n<div class=\"wp-block-group is-nowrap is-layout-flex wp-container-core-group-is-layout-6c531013 wp-block-group-is-layout-flex\">\n<div class=\"wp-block-group wp-container-content-9456a016 has-global-padding is-layout-constrained wp-block-group-is-layout-constrained\">\n<p class=\"has-text-align-left wp-container-content-68ac353a\" style=\"font-size:clamp(14px, 0.875rem + ((1vw - 3.2px) * 0.682), 20px);\"><strong>Angela Brunton-Tr\u00fcg <\/strong>(double bass) is an orchestral musician and Gestalt therapist. She has worked with the NDR Symphony Orchestra, the Schleswig-Holstein State Theatre and the Komische Oper. Since 2013, she has been a freelance musician, performing both nationally and internationally. In addition to her career as a musician and music educator, she is an independant Gestalt therapist with a focus on trauma therapy\u00a0and is a member of the Society for Psychotraumatology and Violence Research (GPTG). For Angela, the special thing about working with HANGARMUSIK is experiencing how making music together without the pressure to perform has a healing and stabilising effect on so many levels. Since all participants are welcomed for the skills they bring at any given moment, everyone plays a part in creating unique musical experiences and fostering a supportive community.<\/p>\n<\/div>\n\n\n\n<figure class=\"wp-block-image aligncenter size-full wp-container-content-5b984bb6\"><img loading=\"lazy\" decoding=\"async\" width=\"667\" height=\"1000\" src=\"https:\/\/hangarmusik.de\/wp-content\/uploads\/2025\/07\/AngelaBruntonTrueg@AndreasKnapp.jpg\" alt=\"\" class=\"wp-image-4545\" srcset=\"https:\/\/hangarmusik.de\/wp-content\/uploads\/2025\/07\/AngelaBruntonTrueg@AndreasKnapp.jpg 667w, https:\/\/hangarmusik.de\/wp-content\/uploads\/2025\/07\/AngelaBruntonTrueg@AndreasKnapp-200x300.jpg 200w\" sizes=\"auto, (max-width: 667px) 100vw, 667px\" \/><\/figure>\n<\/div>\n<\/div>\n\n\n\n<div class=\"wp-block-group is-layout-flex wp-container-core-group-is-layout-d0921e6e wp-block-group-is-layout-flex\">\n<div class=\"wp-block-group is-nowrap is-layout-flex wp-container-core-group-is-layout-6c531013 wp-block-group-is-layout-flex\">\n<figure class=\"wp-block-image aligncenter size-full is-resized wp-container-content-5b984bb6\"><img loading=\"lazy\" decoding=\"async\" width=\"678\" height=\"1000\" src=\"https:\/\/hangarmusik.de\/wp-content\/uploads\/2025\/07\/AnnaCarewe@AndreasKnapp.jpg\" alt=\"\" class=\"wp-image-4548\" style=\"width:300px\" srcset=\"https:\/\/hangarmusik.de\/wp-content\/uploads\/2025\/07\/AnnaCarewe@AndreasKnapp.jpg 678w, https:\/\/hangarmusik.de\/wp-content\/uploads\/2025\/07\/AnnaCarewe@AndreasKnapp-203x300.jpg 203w\" sizes=\"auto, (max-width: 678px) 100vw, 678px\" \/><\/figure>\n\n\n\n<div class=\"wp-block-group wp-container-content-9456a016 has-global-padding is-layout-constrained wp-block-group-is-layout-constrained\">\n<p class=\"has-text-align-left wp-container-content-68ac353a\" style=\"font-size:clamp(14px, 0.875rem + ((1vw - 3.2px) * 0.682), 20px);\">The English cellist <strong>Anna Carewe's <\/strong>believes that every musical goal should serve as a gateway to the unknown. This applies both to her work with her duet partner, vibraphonist Oli Bott, and to her work with the Sheridan Ensemble, which she founded. Both are ensembles that lead the audience into surprising musical worlds and invite them to expand their own listening horizons. The further teaching endeavours she has been pursuing since 2022 have been a great enrichment to Anna\u2019s life working with HANGARMUSIK has been a focus of Anna's work since 2023 and forms the basis of her philosophy that music can positively influence a person's life on many psychological levels.<\/p>\n<\/div>\n<\/div>\n<\/div>\n\n\n\n<div class=\"wp-block-group is-layout-flex wp-container-core-group-is-layout-d0921e6e wp-block-group-is-layout-flex\">\n<div class=\"wp-block-group is-nowrap is-layout-flex wp-container-core-group-is-layout-6c531013 wp-block-group-is-layout-flex\">\n<div class=\"wp-block-group wp-container-content-9456a016 is-vertical is-layout-flex wp-container-core-group-is-layout-fe9cc265 wp-block-group-is-layout-flex\">\n<p class=\"has-text-align-left wp-container-content-68ac353a\" style=\"font-size:clamp(14px, 0.875rem + ((1vw - 3.2px) * 0.682), 20px);\"><strong>Brigitte T\u00e4ubl <\/strong>(Violin) Already during her studies at the Graz University of Music, she was interested in the baroque style of playing the violin and attended several masterclasses in Innsbruck with Ingrid Seifert. From 1987 she deepened her training in this direction at the Scola Cantorum Basiliensis with J. Schr\u00f6der and Th. Hengelbrock. From there she crossed paths with the Freiburg Baroque Orchestra, where she has been a member for over 30 years. She has performed with renowned artists such as Ivor Bolton, Rene Jacobs, Cecilia Bartoli, Jordi Savall, Thomas Quasthoff, N. Harnoncourt and others. Together with Lorenz Duftschmid, she founded the Ensemble Armonico Tributo in 1989, where she serves as concertmaster and performs as a chamber musician.<br><\/p>\n<\/div>\n\n\n\n<figure class=\"wp-block-image aligncenter size-full is-resized wp-container-content-5b984bb6\"><img loading=\"lazy\" decoding=\"async\" width=\"1387\" height=\"1706\" src=\"https:\/\/hangarmusik.de\/wp-content\/uploads\/2019\/07\/2024-12@AKnapp-0497-Verbessert-RR-scaled-e1752871931335.jpg\" alt=\"\" class=\"wp-image-2979\" style=\"width:300px\" srcset=\"https:\/\/hangarmusik.de\/wp-content\/uploads\/2019\/07\/2024-12@AKnapp-0497-Verbessert-RR-scaled-e1752871931335.jpg 1387w, https:\/\/hangarmusik.de\/wp-content\/uploads\/2019\/07\/2024-12@AKnapp-0497-Verbessert-RR-scaled-e1752871931335-244x300.jpg 244w, https:\/\/hangarmusik.de\/wp-content\/uploads\/2019\/07\/2024-12@AKnapp-0497-Verbessert-RR-scaled-e1752871931335-833x1024.jpg 833w, https:\/\/hangarmusik.de\/wp-content\/uploads\/2019\/07\/2024-12@AKnapp-0497-Verbessert-RR-scaled-e1752871931335-768x945.jpg 768w, https:\/\/hangarmusik.de\/wp-content\/uploads\/2019\/07\/2024-12@AKnapp-0497-Verbessert-RR-scaled-e1752871931335-1249x1536.jpg 1249w, https:\/\/hangarmusik.de\/wp-content\/uploads\/2019\/07\/2024-12@AKnapp-0497-Verbessert-RR-scaled-e1752871931335-10x12.jpg 10w\" sizes=\"auto, (max-width: 1387px) 100vw, 1387px\" \/><\/figure>\n<\/div>\n<\/div>\n\n\n\n<div class=\"wp-block-group is-layout-flex wp-container-core-group-is-layout-d0921e6e wp-block-group-is-layout-flex\">\n<div class=\"wp-block-group is-nowrap is-layout-flex wp-container-core-group-is-layout-6c531013 wp-block-group-is-layout-flex\">\n<figure class=\"wp-block-image aligncenter size-full is-resized wp-container-content-5b984bb6\"><img loading=\"lazy\" decoding=\"async\" width=\"1280\" height=\"1280\" src=\"https:\/\/hangarmusik.de\/wp-content\/uploads\/2025\/12\/luzie-jehle\u00a9AndreasKnapp.jpeg\" alt=\"\" class=\"wp-image-4790\" style=\"aspect-ratio:2\/3;object-fit:contain;width:250px\" srcset=\"https:\/\/hangarmusik.de\/wp-content\/uploads\/2025\/12\/luzie-jehle\u00a9AndreasKnapp.jpeg 1280w, https:\/\/hangarmusik.de\/wp-content\/uploads\/2025\/12\/luzie-jehle\u00a9AndreasKnapp-300x300.jpeg 300w, https:\/\/hangarmusik.de\/wp-content\/uploads\/2025\/12\/luzie-jehle\u00a9AndreasKnapp-1024x1024.jpeg 1024w, https:\/\/hangarmusik.de\/wp-content\/uploads\/2025\/12\/luzie-jehle\u00a9AndreasKnapp-150x150.jpeg 150w, https:\/\/hangarmusik.de\/wp-content\/uploads\/2025\/12\/luzie-jehle\u00a9AndreasKnapp-768x768.jpeg 768w, https:\/\/hangarmusik.de\/wp-content\/uploads\/2025\/12\/luzie-jehle\u00a9AndreasKnapp-12x12.jpeg 12w\" sizes=\"auto, (max-width: 1280px) 100vw, 1280px\" \/><\/figure>\n\n\n\n<div class=\"wp-block-group wp-container-content-9456a016 has-global-padding is-layout-constrained wp-block-group-is-layout-constrained\">\n<div class=\"wp-block-group has-global-padding is-layout-constrained wp-block-group-is-layout-constrained\" style=\"font-size:clamp(14px, 0.875rem + ((1vw - 3.2px) * 0.682), 20px);\">\n<p class=\"has-text-align-left wp-container-content-68ac353a\" style=\"font-size:clamp(14px, 0.875rem + ((1vw - 3.2px) * 0.682), 20px);\">Since beginning of 2024 <strong>Luzie Jehle<\/strong> has been part of the HANGARMUSIK team since the beginning of 2024 and supports our beginners and second violins. She is inspired by the energy and enthusiasm of the young people and constantly amazed by how effectively the principle works\u2014that anyone can join, regardless of prior experience. Luzie has often highlighted that there is a continuous cycle of learning amongst the children, with everyone teaching and learning from one another across the orchestra As a social worker, she recognises that HANGARMUSIK is an important part of the integration process for young refugees. A sense of belonging and enrichment through musical interaction can have a positive impact upon this process.<\/p>\n\n\n\n<p class=\"has-text-align-left wp-container-content-68ac353a\" style=\"font-size:clamp(14px, 0.875rem + ((1vw - 3.2px) * 0.455), 18px);\"><\/p>\n<\/div>\n<\/div>\n<\/div>\n<\/div>\n<\/div>\n<\/div>\n\n\n\n<div style=\"height:150px\" aria-hidden=\"true\" class=\"wp-block-spacer\"><\/div>","protected":false},"excerpt":{"rendered":"<p>Leila Weber (Bratschistin, K\u00fcnstlerische Leiterin) unterrichtete auf Initiative des Deutschen Musikrats Kinder- und Jugendorchester bei \u201eEl Sistema&#8220; in Venezuela. Ihre Erfahrung bei \u201eEl Sistema\u201c inspirierte sie 2015 zur Gr\u00fcndung von HANGARMUSIK. Ausserdem arbeitete sie mit verschiedenen Jugendorchestern in Europa, S\u00fcdafrika und Jamaika und erwarb sich vielf\u00e4ltige Kompetenzen im Umgang mit Kindern aus sozialen Brennpunkten. Bratsche [&hellip;]<\/p>\n","protected":false},"author":2,"featured_media":0,"parent":0,"menu_order":0,"comment_status":"closed","ping_status":"closed","template":"","meta":{"footnotes":""},"class_list":["post-452","page","type-page","status-publish","hentry"],"yoast_head":"<!-- This site is optimized with the Yoast SEO plugin v27.5 - https:\/\/yoast.com\/product\/yoast-seo-wordpress\/ -->\n<title>Team - HANGARMUSIK<\/title>\n<meta name=\"robots\" content=\"index, follow, max-snippet:-1, max-image-preview:large, max-video-preview:-1\" \/>\n<link rel=\"canonical\" href=\"https:\/\/hangarmusik.de\/en\/team\/\" \/>\n<meta property=\"og:locale\" content=\"en_GB\" \/>\n<meta property=\"og:type\" content=\"article\" \/>\n<meta property=\"og:title\" content=\"Team - HANGARMUSIK\" \/>\n<meta property=\"og:description\" content=\"Leila Weber (Bratschistin, K\u00fcnstlerische Leiterin) unterrichtete auf Initiative des Deutschen Musikrats Kinder- und Jugendorchester bei \u201eEl Sistema&#8220; in Venezuela. Ihre Erfahrung bei \u201eEl Sistema\u201c inspirierte sie 2015 zur Gr\u00fcndung von HANGARMUSIK. Ausserdem arbeitete sie mit verschiedenen Jugendorchestern in Europa, S\u00fcdafrika und Jamaika und erwarb sich vielf\u00e4ltige Kompetenzen im Umgang mit Kindern aus sozialen Brennpunkten. Bratsche [&hellip;]\" \/>\n<meta property=\"og:url\" content=\"https:\/\/hangarmusik.de\/en\/team\/\" \/>\n<meta property=\"og:site_name\" content=\"HANGARMUSIK\" \/>\n<meta property=\"article:modified_time\" content=\"2026-02-01T00:39:25+00:00\" \/>\n<meta property=\"og:image\" content=\"https:\/\/hangarmusik.de\/wp-content\/uploads\/2025\/07\/AngelaBruntonTrueg@AndreasKnapp.jpg\" \/>\n<meta name=\"twitter:card\" content=\"summary_large_image\" \/>\n<meta name=\"twitter:label1\" content=\"Estimated reading time\" \/>\n\t<meta name=\"twitter:data1\" content=\"6 minutes\" \/>\n<script type=\"application\/ld+json\" class=\"yoast-schema-graph\">{\"@context\":\"https:\\\/\\\/schema.org\",\"@graph\":[{\"@type\":\"WebPage\",\"@id\":\"https:\\\/\\\/hangarmusik.de\\\/team\\\/\",\"url\":\"https:\\\/\\\/hangarmusik.de\\\/team\\\/\",\"name\":\"Team - HANGARMUSIK\",\"isPartOf\":{\"@id\":\"https:\\\/\\\/hangarmusik.de\\\/#website\"},\"primaryImageOfPage\":{\"@id\":\"https:\\\/\\\/hangarmusik.de\\\/team\\\/#primaryimage\"},\"image\":{\"@id\":\"https:\\\/\\\/hangarmusik.de\\\/team\\\/#primaryimage\"},\"thumbnailUrl\":\"https:\\\/\\\/hangarmusik.de\\\/wp-content\\\/uploads\\\/2025\\\/07\\\/AngelaBruntonTrueg@AndreasKnapp.jpg\",\"datePublished\":\"2023-07-05T07:44:26+00:00\",\"dateModified\":\"2026-02-01T00:39:25+00:00\",\"breadcrumb\":{\"@id\":\"https:\\\/\\\/hangarmusik.de\\\/team\\\/#breadcrumb\"},\"inLanguage\":\"en-GB\",\"potentialAction\":[{\"@type\":\"ReadAction\",\"target\":[\"https:\\\/\\\/hangarmusik.de\\\/team\\\/\"]}]},{\"@type\":\"ImageObject\",\"inLanguage\":\"en-GB\",\"@id\":\"https:\\\/\\\/hangarmusik.de\\\/team\\\/#primaryimage\",\"url\":\"https:\\\/\\\/hangarmusik.de\\\/wp-content\\\/uploads\\\/2025\\\/07\\\/AngelaBruntonTrueg@AndreasKnapp.jpg\",\"contentUrl\":\"https:\\\/\\\/hangarmusik.de\\\/wp-content\\\/uploads\\\/2025\\\/07\\\/AngelaBruntonTrueg@AndreasKnapp.jpg\"},{\"@type\":\"BreadcrumbList\",\"@id\":\"https:\\\/\\\/hangarmusik.de\\\/team\\\/#breadcrumb\",\"itemListElement\":[{\"@type\":\"ListItem\",\"position\":1,\"name\":\"Startseite\",\"item\":\"https:\\\/\\\/hangarmusik.de\\\/\"},{\"@type\":\"ListItem\",\"position\":2,\"name\":\"Team\"}]},{\"@type\":\"WebSite\",\"@id\":\"https:\\\/\\\/hangarmusik.de\\\/#website\",\"url\":\"https:\\\/\\\/hangarmusik.de\\\/\",\"name\":\"HANGARMUSIK\",\"description\":\"Soziale Integration durch Orchestermusik\",\"publisher\":{\"@id\":\"https:\\\/\\\/hangarmusik.de\\\/#organization\"},\"alternateName\":\"Hangarmusik\",\"potentialAction\":[{\"@type\":\"SearchAction\",\"target\":{\"@type\":\"EntryPoint\",\"urlTemplate\":\"https:\\\/\\\/hangarmusik.de\\\/?s={search_term_string}\"},\"query-input\":{\"@type\":\"PropertyValueSpecification\",\"valueRequired\":true,\"valueName\":\"search_term_string\"}}],\"inLanguage\":\"en-GB\"},{\"@type\":\"Organization\",\"@id\":\"https:\\\/\\\/hangarmusik.de\\\/#organization\",\"name\":\"HANGARMUSIK\",\"url\":\"https:\\\/\\\/hangarmusik.de\\\/\",\"logo\":{\"@type\":\"ImageObject\",\"inLanguage\":\"en-GB\",\"@id\":\"https:\\\/\\\/hangarmusik.de\\\/#\\\/schema\\\/logo\\\/image\\\/\",\"url\":\"https:\\\/\\\/hangarmusik.de\\\/wp-content\\\/uploads\\\/2023\\\/07\\\/Hangarmusik_Logo-scaled.jpg\",\"contentUrl\":\"https:\\\/\\\/hangarmusik.de\\\/wp-content\\\/uploads\\\/2023\\\/07\\\/Hangarmusik_Logo-scaled.jpg\",\"width\":2560,\"height\":1280,\"caption\":\"HANGARMUSIK\"},\"image\":{\"@id\":\"https:\\\/\\\/hangarmusik.de\\\/#\\\/schema\\\/logo\\\/image\\\/\"},\"sameAs\":[\"https:\\\/\\\/www.instagram.com\\\/hangarmusik\\\/\"]}]}<\/script>\n<!-- \/ Yoast SEO plugin. -->","yoast_head_json":{"title":"Team - HANGARMUSIK","robots":{"index":"index","follow":"follow","max-snippet":"max-snippet:-1","max-image-preview":"max-image-preview:large","max-video-preview":"max-video-preview:-1"},"canonical":"https:\/\/hangarmusik.de\/en\/team\/","og_locale":"en_GB","og_type":"article","og_title":"Team - HANGARMUSIK","og_description":"Leila Weber (Bratschistin, K\u00fcnstlerische Leiterin) unterrichtete auf Initiative des Deutschen Musikrats Kinder- und Jugendorchester bei \u201eEl Sistema&#8220; in Venezuela. Ihre Erfahrung bei \u201eEl Sistema\u201c inspirierte sie 2015 zur Gr\u00fcndung von HANGARMUSIK. Ausserdem arbeitete sie mit verschiedenen Jugendorchestern in Europa, S\u00fcdafrika und Jamaika und erwarb sich vielf\u00e4ltige Kompetenzen im Umgang mit Kindern aus sozialen Brennpunkten. Bratsche [&hellip;]","og_url":"https:\/\/hangarmusik.de\/en\/team\/","og_site_name":"HANGARMUSIK","article_modified_time":"2026-02-01T00:39:25+00:00","og_image":[{"url":"https:\/\/hangarmusik.de\/wp-content\/uploads\/2025\/07\/AngelaBruntonTrueg@AndreasKnapp.jpg","type":"","width":"","height":""}],"twitter_card":"summary_large_image","twitter_misc":{"Estimated reading time":"6 minutes"},"schema":{"@context":"https:\/\/schema.org","@graph":[{"@type":"WebPage","@id":"https:\/\/hangarmusik.de\/team\/","url":"https:\/\/hangarmusik.de\/team\/","name":"Team - HANGARMUSIK","isPartOf":{"@id":"https:\/\/hangarmusik.de\/#website"},"primaryImageOfPage":{"@id":"https:\/\/hangarmusik.de\/team\/#primaryimage"},"image":{"@id":"https:\/\/hangarmusik.de\/team\/#primaryimage"},"thumbnailUrl":"https:\/\/hangarmusik.de\/wp-content\/uploads\/2025\/07\/AngelaBruntonTrueg@AndreasKnapp.jpg","datePublished":"2023-07-05T07:44:26+00:00","dateModified":"2026-02-01T00:39:25+00:00","breadcrumb":{"@id":"https:\/\/hangarmusik.de\/team\/#breadcrumb"},"inLanguage":"en-GB","potentialAction":[{"@type":"ReadAction","target":["https:\/\/hangarmusik.de\/team\/"]}]},{"@type":"ImageObject","inLanguage":"en-GB","@id":"https:\/\/hangarmusik.de\/team\/#primaryimage","url":"https:\/\/hangarmusik.de\/wp-content\/uploads\/2025\/07\/AngelaBruntonTrueg@AndreasKnapp.jpg","contentUrl":"https:\/\/hangarmusik.de\/wp-content\/uploads\/2025\/07\/AngelaBruntonTrueg@AndreasKnapp.jpg"},{"@type":"BreadcrumbList","@id":"https:\/\/hangarmusik.de\/team\/#breadcrumb","itemListElement":[{"@type":"ListItem","position":1,"name":"Startseite","item":"https:\/\/hangarmusik.de\/"},{"@type":"ListItem","position":2,"name":"Team"}]},{"@type":"WebSite","@id":"https:\/\/hangarmusik.de\/#website","url":"https:\/\/hangarmusik.de\/","name":"HANGARMUSIK","description":"Social integration through orchestral music","publisher":{"@id":"https:\/\/hangarmusik.de\/#organization"},"alternateName":"Hangarmusik","potentialAction":[{"@type":"SearchAction","target":{"@type":"EntryPoint","urlTemplate":"https:\/\/hangarmusik.de\/?s={search_term_string}"},"query-input":{"@type":"PropertyValueSpecification","valueRequired":true,"valueName":"search_term_string"}}],"inLanguage":"en-GB"},{"@type":"Organization","@id":"https:\/\/hangarmusik.de\/#organization","name":"HANGARMUSIK","url":"https:\/\/hangarmusik.de\/","logo":{"@type":"ImageObject","inLanguage":"en-GB","@id":"https:\/\/hangarmusik.de\/#\/schema\/logo\/image\/","url":"https:\/\/hangarmusik.de\/wp-content\/uploads\/2023\/07\/Hangarmusik_Logo-scaled.jpg","contentUrl":"https:\/\/hangarmusik.de\/wp-content\/uploads\/2023\/07\/Hangarmusik_Logo-scaled.jpg","width":2560,"height":1280,"caption":"HANGARMUSIK"},"image":{"@id":"https:\/\/hangarmusik.de\/#\/schema\/logo\/image\/"},"sameAs":["https:\/\/www.instagram.com\/hangarmusik\/"]}]}},"_links":{"self":[{"href":"https:\/\/hangarmusik.de\/en\/wp-json\/wp\/v2\/pages\/452","targetHints":{"allow":["GET"]}}],"collection":[{"href":"https:\/\/hangarmusik.de\/en\/wp-json\/wp\/v2\/pages"}],"about":[{"href":"https:\/\/hangarmusik.de\/en\/wp-json\/wp\/v2\/types\/page"}],"author":[{"embeddable":true,"href":"https:\/\/hangarmusik.de\/en\/wp-json\/wp\/v2\/users\/2"}],"replies":[{"embeddable":true,"href":"https:\/\/hangarmusik.de\/en\/wp-json\/wp\/v2\/comments?post=452"}],"version-history":[{"count":561,"href":"https:\/\/hangarmusik.de\/en\/wp-json\/wp\/v2\/pages\/452\/revisions"}],"predecessor-version":[{"id":4948,"href":"https:\/\/hangarmusik.de\/en\/wp-json\/wp\/v2\/pages\/452\/revisions\/4948"}],"wp:attachment":[{"href":"https:\/\/hangarmusik.de\/en\/wp-json\/wp\/v2\/media?parent=452"}],"curies":[{"name":"wp","href":"https:\/\/api.w.org\/{rel}","templated":true}]}}