{"id":909,"date":"2023-07-16T08:10:47","date_gmt":"2023-07-16T08:10:47","guid":{"rendered":"https:\/\/hangarmusik-cm1aat3bjj.live-website.com\/?page_id=909"},"modified":"2025-07-21T23:17:46","modified_gmt":"2025-07-21T21:17:46","slug":"auszeichnungen","status":"publish","type":"page","link":"https:\/\/hangarmusik.de\/de\/auszeichnungen\/","title":{"rendered":"Auszeichnungen"},"content":{"rendered":"\n<div class=\"wp-block-cover alignfull has-parallax\" style=\"min-height:400px;aspect-ratio:unset;\"><div class=\"wp-block-cover__image-background wp-image-4401 size-full has-parallax\" style=\"background-position:50% 50%;background-image:url(https:\/\/hangarmusik.de\/wp-content\/uploads\/2025\/07\/2024-12@AKnapp-0495-Verbessert-RR-scaled-1.jpg)\"><\/div><span aria-hidden=\"true\" class=\"wp-block-cover__background has-background-dim-0 has-background-dim\" style=\"background-color:#8c6c60\"><\/span><div class=\"wp-block-cover__inner-container has-global-padding is-layout-constrained wp-block-cover-is-layout-constrained\">\n<p class=\"has-text-align-center has-large-font-size\"><\/p>\n<\/div><\/div>\n\n\n<h2 style=\"margin-bottom:var(--wp--preset--spacing--50);\" class=\"has-text-align-center wp-block-post-title\">Auszeichnungen<\/h2>\n\n\n<div class=\"wp-block-group has-global-padding is-layout-constrained wp-container-core-group-is-layout-0f1330e2 wp-block-group-is-layout-constrained\" style=\"margin-top:var(--wp--preset--spacing--30);padding-right:var(--wp--preset--spacing--30);padding-left:var(--wp--preset--spacing--30)\">\n<div class=\"wp-block-query is-layout-flow wp-block-query-is-layout-flow\"><ul class=\"wp-block-post-template is-layout-flow wp-container-core-post-template-is-layout-c4582066 wp-block-post-template-is-layout-flow\"><li class=\"wp-block-post post-3338 post type-post status-publish format-standard hentry category-auszeichnungen tag-auszeichnung tag-kulturpreis\">\n<h2 style=\"font-size:clamp(0.929rem, 0.929rem + ((1vw - 0.2rem) * 0.856), 1.4rem);font-style:normal;font-weight:700; margin-top:0;margin-bottom:0;\" class=\"wp-block-post-title\"><a href=\"https:\/\/hangarmusik.de\/de\/h-g-kulturpreis-fuer-hangarmusik\/\" target=\"_self\" >Georg Heindl Kulturpreis f\u00fcr HANGARMUSIK<\/a><\/h2>\n\n<div style=\"padding-bottom:var(--wp--preset--spacing--30);margin-top:var(--wp--preset--spacing--30);\" class=\"has-text-align-left wp-block-post-date has-medium-font-size\"><time datetime=\"2024-08-08T12:54:24+02:00\">8. August 2024<\/time><\/div>\n\n<div style=\"padding-top:0;padding-bottom:0;margin-top:0;margin-bottom:var(--wp--preset--spacing--30);margin-left:0;margin-right:0;\" class=\"has-text-align-left wp-block-post-excerpt has-medium-font-size\"><p class=\"wp-block-post-excerpt__excerpt\">Die Jury der AHMW Kulturstiftung verlieh HANGARMUSIK den Georg Heindl Kulturpreis. Die \u00dcberreichung der Urkunde durch die beiden Stifter, die Metall- und Schmuckk\u00fcnstlerin Anna Heindl und den bildenden K\u00fcnstler&hellip;<\/p><p class=\"wp-block-post-excerpt__more-text\"><a class=\"wp-block-post-excerpt__more-link\" href=\"https:\/\/hangarmusik.de\/de\/h-g-kulturpreis-fuer-hangarmusik\/\">Mehr<\/a><\/p><\/div>\n\n\n<hr class=\"wp-block-separator has-css-opacity is-style-wide\" style=\"margin-top:0;margin-bottom:0\"\/>\n\n<\/li><li class=\"wp-block-post post-832 post type-post status-publish format-standard hentry category-auszeichnungen\">\n<h2 style=\"font-size:clamp(0.929rem, 0.929rem + ((1vw - 0.2rem) * 0.856), 1.4rem);font-style:normal;font-weight:700; margin-top:0;margin-bottom:0;\" class=\"wp-block-post-title\"><a href=\"https:\/\/hangarmusik.de\/de\/hangarmusik-und-demos-erhalten-den-foerderpreis-2023-der-deutschen-nationalstiftung\/\" target=\"_self\" >F\u00f6rderpreis der Deutschen Nationalstiftung f\u00fcr HANGARMUSIK und D\u00c9MOS<\/a><\/h2>\n\n<div style=\"padding-bottom:var(--wp--preset--spacing--30);margin-top:var(--wp--preset--spacing--30);\" class=\"has-text-align-left wp-block-post-date has-medium-font-size\"><time datetime=\"2023-07-06T16:30:03+02:00\">6. Juli 2023<\/time><\/div>\n\n<div style=\"padding-top:0;padding-bottom:0;margin-top:0;margin-bottom:var(--wp--preset--spacing--30);margin-left:0;margin-right:0;\" class=\"has-text-align-left wp-block-post-excerpt has-medium-font-size\"><p class=\"wp-block-post-excerpt__excerpt\">Aus den H\u00e4nden des ehemaligen Pr\u00e4sidenten des Bundesverfassungsgerichts und Senatsvorsitzenden der Deutschen Nationalstiftung Prof. Dr. Andreas Vo\u00dfkuhle erhielten Leila Weber und Andreas Knapp am 6. Juli 2023 f\u00fcr Hangarmusik&hellip;<\/p><p class=\"wp-block-post-excerpt__more-text\"><a class=\"wp-block-post-excerpt__more-link\" href=\"https:\/\/hangarmusik.de\/de\/hangarmusik-und-demos-erhalten-den-foerderpreis-2023-der-deutschen-nationalstiftung\/\">Mehr<\/a><\/p><\/div>\n\n\n<hr class=\"wp-block-separator has-css-opacity is-style-wide\" style=\"margin-top:0;margin-bottom:0\"\/>\n\n<\/li><li class=\"wp-block-post post-802 post type-post status-publish format-standard hentry category-auszeichnungen\">\n<h2 style=\"font-size:clamp(0.929rem, 0.929rem + ((1vw - 0.2rem) * 0.856), 1.4rem);font-style:normal;font-weight:700; margin-top:0;margin-bottom:0;\" class=\"wp-block-post-title\"><a href=\"https:\/\/hangarmusik.de\/de\/bundespraesident-frank-walter-steinmeier-zeichnet-leila-weber-und-andreas-knapp-mit-dem-verdienstorden-der-bundesrepublik-deutschland-aus\/\" target=\"_self\" >Bundespr\u00e4sident Frank-Walter Steinmeier zeichnet Leila Weber und Andreas Knapp mit dem Verdienstorden der Bundesrepublik Deutschland aus<\/a><\/h2>\n\n<div style=\"padding-bottom:var(--wp--preset--spacing--30);margin-top:var(--wp--preset--spacing--30);\" class=\"has-text-align-left wp-block-post-date has-medium-font-size\"><time datetime=\"2022-09-30T20:33:00+02:00\">30. September 2022<\/time><\/div>\n\n<div style=\"padding-top:0;padding-bottom:0;margin-top:0;margin-bottom:var(--wp--preset--spacing--30);margin-left:0;margin-right:0;\" class=\"has-text-align-left wp-block-post-excerpt has-medium-font-size\"><p class=\"wp-block-post-excerpt__excerpt\">&#8220;Br\u00fccken bauen&#8221; \u2013 unter diesem Motto hat Bundespr\u00e4sident Frank-Walter Steinmeier am 30. September 2022 in Schloss Bellevue Leila Weber und Andreas Knapp zum Tag der Deutschen Einheit mit dem&hellip;<\/p><p class=\"wp-block-post-excerpt__more-text\"><a class=\"wp-block-post-excerpt__more-link\" href=\"https:\/\/hangarmusik.de\/de\/bundespraesident-frank-walter-steinmeier-zeichnet-leila-weber-und-andreas-knapp-mit-dem-verdienstorden-der-bundesrepublik-deutschland-aus\/\">Mehr<\/a><\/p><\/div>\n\n\n<hr class=\"wp-block-separator has-css-opacity is-style-wide\" style=\"margin-top:0;margin-bottom:0\"\/>\n\n<\/li><li class=\"wp-block-post post-778 post type-post status-publish format-standard hentry category-auszeichnungen\">\n<h2 style=\"font-size:clamp(0.929rem, 0.929rem + ((1vw - 0.2rem) * 0.856), 1.4rem);font-style:normal;font-weight:700; margin-top:0;margin-bottom:0;\" class=\"wp-block-post-title\"><a href=\"https:\/\/hangarmusik.de\/de\/peter-raue-preis-fuer-hangarmusik\/\" target=\"_self\" >Peter Raue Preis 2021 f\u00fcr HANGARMUSIK<\/a><\/h2>\n\n<div style=\"padding-bottom:var(--wp--preset--spacing--30);margin-top:var(--wp--preset--spacing--30);\" class=\"has-text-align-left wp-block-post-date has-medium-font-size\"><time datetime=\"2021-11-03T20:20:00+01:00\">3. November 2021<\/time><\/div>\n\n<div style=\"padding-top:0;padding-bottom:0;margin-top:0;margin-bottom:var(--wp--preset--spacing--30);margin-left:0;margin-right:0;\" class=\"has-text-align-left wp-block-post-excerpt has-medium-font-size\"><p class=\"wp-block-post-excerpt__excerpt\">HANGARMUSIK wurde am 3. November 2021 in den R\u00e4umlichkeiten der Societ\u00e4t RAUE in Berlin mit dem erstmals verliehenen PETER RAUE PREIS geehrt. Laudatio von Dr. Wolfram Hertel, Gesch\u00e4ftsf\u00fchrender Partner&hellip;<\/p><p class=\"wp-block-post-excerpt__more-text\"><a class=\"wp-block-post-excerpt__more-link\" href=\"https:\/\/hangarmusik.de\/de\/peter-raue-preis-fuer-hangarmusik\/\">Mehr<\/a><\/p><\/div>\n\n\n<hr class=\"wp-block-separator has-css-opacity is-style-wide\" style=\"margin-top:0;margin-bottom:0\"\/>\n\n<\/li><li class=\"wp-block-post post-1059 post type-post status-publish format-standard hentry category-auszeichnungen\">\n<h2 style=\"font-size:clamp(0.929rem, 0.929rem + ((1vw - 0.2rem) * 0.856), 1.4rem);font-style:normal;font-weight:700; margin-top:0;margin-bottom:0;\" class=\"wp-block-post-title\"><a href=\"https:\/\/hangarmusik.de\/de\/foerderpreis-musik-bewegt\/\" target=\"_self\" >F\u00f6rderpreis &#8220;Musik Bewegt&#8221;<\/a><\/h2>\n\n<div style=\"padding-bottom:var(--wp--preset--spacing--30);margin-top:var(--wp--preset--spacing--30);\" class=\"has-text-align-left wp-block-post-date has-medium-font-size\"><time datetime=\"2017-05-28T19:08:00+02:00\">28. Mai 2017<\/time><\/div>\n\n<div style=\"padding-top:0;padding-bottom:0;margin-top:0;margin-bottom:var(--wp--preset--spacing--30);margin-left:0;margin-right:0;\" class=\"has-text-align-left wp-block-post-excerpt has-medium-font-size\"><p class=\"wp-block-post-excerpt__excerpt\">F\u00fcr das soziale und kulturelle Engagement wurde HANGARMUSIK von der Initiative \u201eMusik Bewegt\u201c mit einem F\u00f6rderpreis ausgezeichnet. Dies erm\u00f6glichte uns, ein mehrt\u00e4giges Musikcamp in der Zollgarage zu veranstalten.Zur Preis\u00fcbergabe&hellip;<\/p><p class=\"wp-block-post-excerpt__more-text\"><a class=\"wp-block-post-excerpt__more-link\" href=\"https:\/\/hangarmusik.de\/de\/foerderpreis-musik-bewegt\/\">Mehr<\/a><\/p><\/div>\n\n\n<hr class=\"wp-block-separator has-css-opacity is-style-wide\" style=\"margin-top:0;margin-bottom:0\"\/>\n\n<\/li><\/ul><\/div>\n<\/div>\n","protected":false},"excerpt":{"rendered":"","protected":false},"author":1,"featured_media":0,"parent":0,"menu_order":0,"comment_status":"closed","ping_status":"closed","template":"","meta":{"footnotes":""},"class_list":["post-909","page","type-page","status-publish","hentry"],"yoast_head":"<!-- This site is optimized with the Yoast SEO plugin v27.3 - https:\/\/yoast.com\/product\/yoast-seo-wordpress\/ -->\n<title>Auszeichnungen - HANGARMUSIK<\/title>\n<meta name=\"robots\" content=\"index, follow, max-snippet:-1, max-image-preview:large, max-video-preview:-1\" \/>\n<link rel=\"canonical\" href=\"https:\/\/hangarmusik.de\/de\/auszeichnungen\/\" \/>\n<meta property=\"og:locale\" content=\"de_DE\" \/>\n<meta property=\"og:type\" content=\"article\" \/>\n<meta property=\"og:title\" content=\"Auszeichnungen - HANGARMUSIK\" \/>\n<meta property=\"og:url\" content=\"https:\/\/hangarmusik.de\/de\/auszeichnungen\/\" \/>\n<meta property=\"og:site_name\" content=\"HANGARMUSIK\" \/>\n<meta property=\"article:modified_time\" content=\"2025-07-21T21:17:46+00:00\" \/>\n<meta name=\"twitter:card\" content=\"summary_large_image\" \/>\n<script type=\"application\/ld+json\" class=\"yoast-schema-graph\">{\"@context\":\"https:\\\/\\\/schema.org\",\"@graph\":[{\"@type\":\"WebPage\",\"@id\":\"https:\\\/\\\/hangarmusik.de\\\/auszeichnungen\\\/\",\"url\":\"https:\\\/\\\/hangarmusik.de\\\/auszeichnungen\\\/\",\"name\":\"Auszeichnungen - HANGARMUSIK\",\"isPartOf\":{\"@id\":\"https:\\\/\\\/hangarmusik.de\\\/#website\"},\"datePublished\":\"2023-07-16T08:10:47+00:00\",\"dateModified\":\"2025-07-21T21:17:46+00:00\",\"breadcrumb\":{\"@id\":\"https:\\\/\\\/hangarmusik.de\\\/auszeichnungen\\\/#breadcrumb\"},\"inLanguage\":\"de\",\"potentialAction\":[{\"@type\":\"ReadAction\",\"target\":[\"https:\\\/\\\/hangarmusik.de\\\/auszeichnungen\\\/\"]}]},{\"@type\":\"BreadcrumbList\",\"@id\":\"https:\\\/\\\/hangarmusik.de\\\/auszeichnungen\\\/#breadcrumb\",\"itemListElement\":[{\"@type\":\"ListItem\",\"position\":1,\"name\":\"Startseite\",\"item\":\"https:\\\/\\\/hangarmusik.de\\\/\"},{\"@type\":\"ListItem\",\"position\":2,\"name\":\"Auszeichnungen\"}]},{\"@type\":\"WebSite\",\"@id\":\"https:\\\/\\\/hangarmusik.de\\\/#website\",\"url\":\"https:\\\/\\\/hangarmusik.de\\\/\",\"name\":\"HANGARMUSIK\",\"description\":\"Soziale Integration durch Orchestermusik\",\"publisher\":{\"@id\":\"https:\\\/\\\/hangarmusik.de\\\/#organization\"},\"alternateName\":\"Hangarmusik\",\"potentialAction\":[{\"@type\":\"SearchAction\",\"target\":{\"@type\":\"EntryPoint\",\"urlTemplate\":\"https:\\\/\\\/hangarmusik.de\\\/?s={search_term_string}\"},\"query-input\":{\"@type\":\"PropertyValueSpecification\",\"valueRequired\":true,\"valueName\":\"search_term_string\"}}],\"inLanguage\":\"de\"},{\"@type\":\"Organization\",\"@id\":\"https:\\\/\\\/hangarmusik.de\\\/#organization\",\"name\":\"HANGARMUSIK\",\"url\":\"https:\\\/\\\/hangarmusik.de\\\/\",\"logo\":{\"@type\":\"ImageObject\",\"inLanguage\":\"de\",\"@id\":\"https:\\\/\\\/hangarmusik.de\\\/#\\\/schema\\\/logo\\\/image\\\/\",\"url\":\"https:\\\/\\\/hangarmusik.de\\\/wp-content\\\/uploads\\\/2023\\\/07\\\/Hangarmusik_Logo-scaled.jpg\",\"contentUrl\":\"https:\\\/\\\/hangarmusik.de\\\/wp-content\\\/uploads\\\/2023\\\/07\\\/Hangarmusik_Logo-scaled.jpg\",\"width\":2560,\"height\":1280,\"caption\":\"HANGARMUSIK\"},\"image\":{\"@id\":\"https:\\\/\\\/hangarmusik.de\\\/#\\\/schema\\\/logo\\\/image\\\/\"},\"sameAs\":[\"https:\\\/\\\/www.instagram.com\\\/hangarmusik\\\/\"]}]}<\/script>\n<!-- \/ Yoast SEO plugin. -->","yoast_head_json":{"title":"Auszeichnungen - HANGARMUSIK","robots":{"index":"index","follow":"follow","max-snippet":"max-snippet:-1","max-image-preview":"max-image-preview:large","max-video-preview":"max-video-preview:-1"},"canonical":"https:\/\/hangarmusik.de\/de\/auszeichnungen\/","og_locale":"de_DE","og_type":"article","og_title":"Auszeichnungen - HANGARMUSIK","og_url":"https:\/\/hangarmusik.de\/de\/auszeichnungen\/","og_site_name":"HANGARMUSIK","article_modified_time":"2025-07-21T21:17:46+00:00","twitter_card":"summary_large_image","schema":{"@context":"https:\/\/schema.org","@graph":[{"@type":"WebPage","@id":"https:\/\/hangarmusik.de\/auszeichnungen\/","url":"https:\/\/hangarmusik.de\/auszeichnungen\/","name":"Auszeichnungen - HANGARMUSIK","isPartOf":{"@id":"https:\/\/hangarmusik.de\/#website"},"datePublished":"2023-07-16T08:10:47+00:00","dateModified":"2025-07-21T21:17:46+00:00","breadcrumb":{"@id":"https:\/\/hangarmusik.de\/auszeichnungen\/#breadcrumb"},"inLanguage":"de","potentialAction":[{"@type":"ReadAction","target":["https:\/\/hangarmusik.de\/auszeichnungen\/"]}]},{"@type":"BreadcrumbList","@id":"https:\/\/hangarmusik.de\/auszeichnungen\/#breadcrumb","itemListElement":[{"@type":"ListItem","position":1,"name":"Startseite","item":"https:\/\/hangarmusik.de\/"},{"@type":"ListItem","position":2,"name":"Auszeichnungen"}]},{"@type":"WebSite","@id":"https:\/\/hangarmusik.de\/#website","url":"https:\/\/hangarmusik.de\/","name":"HANGARMUSIK","description":"Soziale Integration durch Orchestermusik","publisher":{"@id":"https:\/\/hangarmusik.de\/#organization"},"alternateName":"Hangarmusik","potentialAction":[{"@type":"SearchAction","target":{"@type":"EntryPoint","urlTemplate":"https:\/\/hangarmusik.de\/?s={search_term_string}"},"query-input":{"@type":"PropertyValueSpecification","valueRequired":true,"valueName":"search_term_string"}}],"inLanguage":"de"},{"@type":"Organization","@id":"https:\/\/hangarmusik.de\/#organization","name":"HANGARMUSIK","url":"https:\/\/hangarmusik.de\/","logo":{"@type":"ImageObject","inLanguage":"de","@id":"https:\/\/hangarmusik.de\/#\/schema\/logo\/image\/","url":"https:\/\/hangarmusik.de\/wp-content\/uploads\/2023\/07\/Hangarmusik_Logo-scaled.jpg","contentUrl":"https:\/\/hangarmusik.de\/wp-content\/uploads\/2023\/07\/Hangarmusik_Logo-scaled.jpg","width":2560,"height":1280,"caption":"HANGARMUSIK"},"image":{"@id":"https:\/\/hangarmusik.de\/#\/schema\/logo\/image\/"},"sameAs":["https:\/\/www.instagram.com\/hangarmusik\/"]}]}},"_links":{"self":[{"href":"https:\/\/hangarmusik.de\/de\/wp-json\/wp\/v2\/pages\/909","targetHints":{"allow":["GET"]}}],"collection":[{"href":"https:\/\/hangarmusik.de\/de\/wp-json\/wp\/v2\/pages"}],"about":[{"href":"https:\/\/hangarmusik.de\/de\/wp-json\/wp\/v2\/types\/page"}],"author":[{"embeddable":true,"href":"https:\/\/hangarmusik.de\/de\/wp-json\/wp\/v2\/users\/1"}],"replies":[{"embeddable":true,"href":"https:\/\/hangarmusik.de\/de\/wp-json\/wp\/v2\/comments?post=909"}],"version-history":[{"count":141,"href":"https:\/\/hangarmusik.de\/de\/wp-json\/wp\/v2\/pages\/909\/revisions"}],"predecessor-version":[{"id":4403,"href":"https:\/\/hangarmusik.de\/de\/wp-json\/wp\/v2\/pages\/909\/revisions\/4403"}],"wp:attachment":[{"href":"https:\/\/hangarmusik.de\/de\/wp-json\/wp\/v2\/media?parent=909"}],"curies":[{"name":"wp","href":"https:\/\/api.w.org\/{rel}","templated":true}]}}