{"id":4802,"date":"2026-01-25T21:59:52","date_gmt":"2026-01-25T20:59:52","guid":{"rendered":"https:\/\/hangarmusik.de\/?page_id=4802"},"modified":"2026-01-27T21:33:19","modified_gmt":"2026-01-27T20:33:19","slug":"hangarmusik-kanarische-inseln","status":"publish","type":"page","link":"https:\/\/hangarmusik.de\/de\/hangarmusik-kanarische-inseln\/","title":{"rendered":"HANGARMUSIK Kanarische Inseln"},"content":{"rendered":"\n<div class=\"wp-block-cover alignfull is-light has-parallax\" style=\"min-height:400px;aspect-ratio:unset;\"><div class=\"wp-block-cover__image-background wp-image-4832 size-large has-parallax\" style=\"background-position:50% 50%;background-image:url(https:\/\/hangarmusik.de\/wp-content\/uploads\/2026\/01\/Bildschirmfoto-2026-01-25-um-19.14.52-1024x482.png)\"><\/div><span aria-hidden=\"true\" class=\"wp-block-cover__background has-background-dim-0 has-background-dim\" style=\"background-color:#877e7f\"><\/span><div class=\"wp-block-cover__inner-container has-global-padding is-layout-constrained wp-block-cover-is-layout-constrained\">\n<p class=\"has-text-align-center has-large-font-size\"><\/p>\n<\/div><\/div>\n\n\n\n<div class=\"wp-block-group has-global-padding is-layout-constrained wp-block-group-is-layout-constrained\">\n<h2 class=\"wp-block-heading has-text-align-center has-x-large-font-size\" style=\"border-style:none;border-width:0px;margin-top:0;margin-right:var(--wp--preset--spacing--40);margin-bottom:0;margin-left:var(--wp--preset--spacing--40)\">HANGARMUSIK auf den Kanarischen Inseln<\/h2>\n\n\n\n<p><\/p>\n\n\n\n<p class=\"has-text-align-left\" style=\"border-style:none;border-width:0px;border-top-left-radius:0px;border-top-right-radius:0px;border-bottom-left-radius:0px;border-bottom-right-radius:0px;padding-top:0;padding-right:var(--wp--preset--spacing--30);padding-bottom:0;padding-left:var(--wp--preset--spacing--30)\">Auf den Kanarischen Inseln leben derzeit \u00fcber 6.000 unbegleitete minderj\u00e4hrige Gefl\u00fcchtete, \u00fcberwiegend aus Westafrika. Viele von ihnen haben auf ihrer Flucht Gewalt, Verlust und gro\u00dfe Unsicherheit erlebt. Im Dezember 2025 fand in Zusammenarbeit mit der Regierung der Kanarischen Inseln in Unterk\u00fcnften f\u00fcr unbegleitete minderj\u00e4hrige Gefl\u00fcchtete ein einmonatiges Hangarmusik Projekt auf Teneriffa statt.<br>Leila Weber und Andreas Knapp von Hangarmusik begleiteten gemeinsam mit einem lokalen Team aus Santa Cruz Kinder und Jugendliche bei ihren ersten musikalischen Erfahrungen auf Geigen und Celli. F\u00fcr alle war es das erste Mal, ein Streichinstrument in den H\u00e4nden zu halten. Durch das gemeinsame Musizieren entstanden Momente der Konzentration, des Vertrauens und der Freude.<br>Ein besonders ber\u00fchrender H\u00f6hepunkt des Projekts war die Einladung des Symphonieorchesters des Bayerischen Rundfunks (BRSO) zu einer Probe im Auditorio de Tenerife. Im Anschluss spielten 13 Musikerinnen des Orchesters gemeinsam mit den Kindern und Jugendlichen sowie dem Hangarmusik Team eine Sequenz aus der 1. Sinfonie von Gustav Mahler. In diesem Moment verschmolzen professionelle Orchestermusik und erste musikalische Schritte zu einer gemeinsamen Erfahrung. F\u00fcr allen Beteiligten war dies eine einzigartige und tief bewegende Erfahrung.<\/p>\n\n\n\n<p class=\"has-text-align-left\" style=\"border-style:none;border-width:0px;border-top-left-radius:0px;border-top-right-radius:0px;border-bottom-left-radius:0px;border-bottom-right-radius:0px;padding-top:0;padding-right:var(--wp--preset--spacing--30);padding-bottom:0;padding-left:var(--wp--preset--spacing--30)\">Wir danken der Regierung der Kanarischen Inseln sowie der Stiftung Winterreise herzlich f\u00fcr die Unterst\u00fctzung dieses besonderen Projekts.<br><\/p>\n<\/div>\n\n\n\n<figure class=\"wp-block-gallery has-nested-images columns-default is-cropped wp-block-gallery-1 is-layout-flex wp-block-gallery-is-layout-flex\">\n<figure class=\"wp-block-image size-large\" style=\"margin-top:0;margin-right:0;margin-bottom:0;margin-left:0\"><img loading=\"lazy\" decoding=\"async\" width=\"1024\" height=\"682\" data-id=\"4841\" src=\"https:\/\/hangarmusik.de\/wp-content\/uploads\/2026\/01\/HM-TF\u00a9KnappAndreas-1020172-1024x682.jpg\" alt=\"\" class=\"wp-image-4841\" srcset=\"https:\/\/hangarmusik.de\/wp-content\/uploads\/2026\/01\/HM-TF\u00a9KnappAndreas-1020172-1024x682.jpg 1024w, https:\/\/hangarmusik.de\/wp-content\/uploads\/2026\/01\/HM-TF\u00a9KnappAndreas-1020172-300x200.jpg 300w, https:\/\/hangarmusik.de\/wp-content\/uploads\/2026\/01\/HM-TF\u00a9KnappAndreas-1020172-768x512.jpg 768w, https:\/\/hangarmusik.de\/wp-content\/uploads\/2026\/01\/HM-TF\u00a9KnappAndreas-1020172-1536x1024.jpg 1536w, https:\/\/hangarmusik.de\/wp-content\/uploads\/2026\/01\/HM-TF\u00a9KnappAndreas-1020172-18x12.jpg 18w, https:\/\/hangarmusik.de\/wp-content\/uploads\/2026\/01\/HM-TF\u00a9KnappAndreas-1020172.jpg 2000w\" sizes=\"auto, (max-width: 1024px) 100vw, 1024px\" \/><\/figure>\n\n\n\n<figure class=\"wp-block-image size-large\"><img loading=\"lazy\" decoding=\"async\" width=\"1024\" height=\"682\" data-id=\"4808\" src=\"https:\/\/hangarmusik.de\/wp-content\/uploads\/2026\/01\/HM-TF\u00a9KnappAndreas-1020216-1024x682.jpg\" alt=\"\" class=\"wp-image-4808\" srcset=\"https:\/\/hangarmusik.de\/wp-content\/uploads\/2026\/01\/HM-TF\u00a9KnappAndreas-1020216-1024x682.jpg 1024w, https:\/\/hangarmusik.de\/wp-content\/uploads\/2026\/01\/HM-TF\u00a9KnappAndreas-1020216-300x200.jpg 300w, https:\/\/hangarmusik.de\/wp-content\/uploads\/2026\/01\/HM-TF\u00a9KnappAndreas-1020216-768x512.jpg 768w, https:\/\/hangarmusik.de\/wp-content\/uploads\/2026\/01\/HM-TF\u00a9KnappAndreas-1020216-1536x1024.jpg 1536w, https:\/\/hangarmusik.de\/wp-content\/uploads\/2026\/01\/HM-TF\u00a9KnappAndreas-1020216-18x12.jpg 18w, https:\/\/hangarmusik.de\/wp-content\/uploads\/2026\/01\/HM-TF\u00a9KnappAndreas-1020216.jpg 2000w\" sizes=\"auto, (max-width: 1024px) 100vw, 1024px\" \/><\/figure>\n\n\n\n<figure class=\"wp-block-image size-medium\"><img loading=\"lazy\" decoding=\"async\" width=\"300\" height=\"200\" data-id=\"4809\" src=\"https:\/\/hangarmusik.de\/wp-content\/uploads\/2026\/01\/HM-TF\u00a9KnappAndreas-1020527-300x200.jpg\" alt=\"\" class=\"wp-image-4809\" srcset=\"https:\/\/hangarmusik.de\/wp-content\/uploads\/2026\/01\/HM-TF\u00a9KnappAndreas-1020527-300x200.jpg 300w, https:\/\/hangarmusik.de\/wp-content\/uploads\/2026\/01\/HM-TF\u00a9KnappAndreas-1020527-1024x682.jpg 1024w, https:\/\/hangarmusik.de\/wp-content\/uploads\/2026\/01\/HM-TF\u00a9KnappAndreas-1020527-768x512.jpg 768w, https:\/\/hangarmusik.de\/wp-content\/uploads\/2026\/01\/HM-TF\u00a9KnappAndreas-1020527-1536x1024.jpg 1536w, https:\/\/hangarmusik.de\/wp-content\/uploads\/2026\/01\/HM-TF\u00a9KnappAndreas-1020527-18x12.jpg 18w, https:\/\/hangarmusik.de\/wp-content\/uploads\/2026\/01\/HM-TF\u00a9KnappAndreas-1020527.jpg 2000w\" sizes=\"auto, (max-width: 300px) 100vw, 300px\" \/><\/figure>\n\n\n\n<figure class=\"wp-block-image size-large\"><img loading=\"lazy\" decoding=\"async\" width=\"1024\" height=\"682\" data-id=\"4805\" src=\"https:\/\/hangarmusik.de\/wp-content\/uploads\/2026\/01\/BRSO\u00a9KnappAndreas-1441-1024x682.jpg\" alt=\"\" class=\"wp-image-4805\" srcset=\"https:\/\/hangarmusik.de\/wp-content\/uploads\/2026\/01\/BRSO\u00a9KnappAndreas-1441-1024x682.jpg 1024w, https:\/\/hangarmusik.de\/wp-content\/uploads\/2026\/01\/BRSO\u00a9KnappAndreas-1441-300x200.jpg 300w, https:\/\/hangarmusik.de\/wp-content\/uploads\/2026\/01\/BRSO\u00a9KnappAndreas-1441-768x512.jpg 768w, https:\/\/hangarmusik.de\/wp-content\/uploads\/2026\/01\/BRSO\u00a9KnappAndreas-1441-1536x1024.jpg 1536w, https:\/\/hangarmusik.de\/wp-content\/uploads\/2026\/01\/BRSO\u00a9KnappAndreas-1441-18x12.jpg 18w, https:\/\/hangarmusik.de\/wp-content\/uploads\/2026\/01\/BRSO\u00a9KnappAndreas-1441.jpg 1772w\" sizes=\"auto, (max-width: 1024px) 100vw, 1024px\" \/><\/figure>\n\n\n\n<figure class=\"wp-block-image size-large\"><img loading=\"lazy\" decoding=\"async\" width=\"1024\" height=\"703\" data-id=\"4810\" src=\"https:\/\/hangarmusik.de\/wp-content\/uploads\/2026\/01\/HM-TF\u00a9KnappAndreas-1020125-1024x703.jpg\" alt=\"\" class=\"wp-image-4810\" srcset=\"https:\/\/hangarmusik.de\/wp-content\/uploads\/2026\/01\/HM-TF\u00a9KnappAndreas-1020125-1024x703.jpg 1024w, https:\/\/hangarmusik.de\/wp-content\/uploads\/2026\/01\/HM-TF\u00a9KnappAndreas-1020125-300x206.jpg 300w, https:\/\/hangarmusik.de\/wp-content\/uploads\/2026\/01\/HM-TF\u00a9KnappAndreas-1020125-768x528.jpg 768w, https:\/\/hangarmusik.de\/wp-content\/uploads\/2026\/01\/HM-TF\u00a9KnappAndreas-1020125-1536x1055.jpg 1536w, https:\/\/hangarmusik.de\/wp-content\/uploads\/2026\/01\/HM-TF\u00a9KnappAndreas-1020125-18x12.jpg 18w, https:\/\/hangarmusik.de\/wp-content\/uploads\/2026\/01\/HM-TF\u00a9KnappAndreas-1020125.jpg 2000w\" sizes=\"auto, (max-width: 1024px) 100vw, 1024px\" \/><\/figure>\n\n\n\n<figure class=\"wp-block-image size-large\" style=\"margin-right:0;margin-left:0\"><img loading=\"lazy\" decoding=\"async\" width=\"2000\" height=\"1333\" data-id=\"4811\" src=\"https:\/\/hangarmusik.de\/wp-content\/uploads\/2026\/01\/BRSO\u00a9KnappAndreas-1030528-1.jpg\" alt=\"\" class=\"wp-image-4811\"\/><\/figure>\n<\/figure>\n\n\n\n<div class=\"wp-block-group is-content-justification-center is-nowrap is-layout-flex wp-container-core-group-is-layout-2a323262 wp-block-group-is-layout-flex\" style=\"padding-right:var(--wp--preset--spacing--30);padding-left:var(--wp--preset--spacing--30)\">\n<figure class=\"wp-block-image size-large is-resized has-custom-border\" style=\"margin-top:0;margin-right:0;margin-bottom:0;margin-left:0\"><img loading=\"lazy\" decoding=\"async\" width=\"534\" height=\"309\" src=\"https:\/\/hangarmusik.de\/wp-content\/uploads\/2026\/01\/image001.jpg-1.jpeg\" alt=\"\" class=\"wp-image-4818\" style=\"border-style:none;border-width:0px;border-top-left-radius:0px;border-top-right-radius:0px;border-bottom-left-radius:0px;border-bottom-right-radius:0px;object-fit:cover;width:250px;height:auto\"\/><\/figure>\n\n\n\n<div class=\"wp-block-group is-content-justification-center is-nowrap is-layout-flex wp-container-core-group-is-layout-23441af8 wp-block-group-is-layout-flex\">\n<div class=\"wp-block-group has-global-padding is-layout-constrained wp-block-group-is-layout-constrained\">\n<div class=\"wp-block-group is-nowrap is-layout-flex wp-container-core-group-is-layout-6c531013 wp-block-group-is-layout-flex\">\n<div class=\"wp-block-group has-global-padding is-layout-constrained wp-block-group-is-layout-constrained\">\n<figure class=\"wp-block-gallery has-nested-images columns-default is-cropped wp-block-gallery-2 is-layout-flex wp-block-gallery-is-layout-flex\">\n<figure class=\"wp-block-image size-large is-resized\"><img loading=\"lazy\" decoding=\"async\" width=\"200\" height=\"67\" data-id=\"4822\" src=\"https:\/\/hangarmusik.de\/wp-content\/uploads\/2026\/01\/logo_stiftung_winterreise-3.png\" alt=\"\" class=\"wp-image-4822\" style=\"width:145px;height:auto\" srcset=\"https:\/\/hangarmusik.de\/wp-content\/uploads\/2026\/01\/logo_stiftung_winterreise-3.png 200w, https:\/\/hangarmusik.de\/wp-content\/uploads\/2026\/01\/logo_stiftung_winterreise-3-18x6.png 18w\" sizes=\"auto, (max-width: 200px) 100vw, 200px\" \/><\/figure>\n<\/figure>\n<\/div>\n<\/div>\n<\/div>\n<\/div>\n<\/div>\n","protected":false},"excerpt":{"rendered":"<p>HANGARMUSIK auf den Kanarischen Inseln Auf den Kanarischen Inseln leben derzeit \u00fcber 6.000 unbegleitete minderj\u00e4hrige Gefl\u00fcchtete, \u00fcberwiegend aus Westafrika. Viele von ihnen haben auf ihrer Flucht Gewalt, Verlust und gro\u00dfe Unsicherheit erlebt. Im Dezember 2025 fand in Zusammenarbeit mit der Regierung der Kanarischen Inseln in Unterk\u00fcnften f\u00fcr unbegleitete minderj\u00e4hrige Gefl\u00fcchtete ein einmonatiges Hangarmusik Projekt auf [&hellip;]<\/p>\n","protected":false},"author":1,"featured_media":4828,"parent":0,"menu_order":0,"comment_status":"closed","ping_status":"closed","template":"","meta":{"footnotes":""},"class_list":["post-4802","page","type-page","status-publish","has-post-thumbnail","hentry"],"yoast_head":"<!-- This site is optimized with the Yoast SEO plugin v27.5 - https:\/\/yoast.com\/product\/yoast-seo-wordpress\/ -->\n<title>HANGARMUSIK Kanarische Inseln - HANGARMUSIK<\/title>\n<meta name=\"robots\" content=\"index, follow, max-snippet:-1, max-image-preview:large, max-video-preview:-1\" \/>\n<link rel=\"canonical\" href=\"https:\/\/hangarmusik.de\/de\/hangarmusik-kanarische-inseln\/\" \/>\n<meta property=\"og:locale\" content=\"de_DE\" \/>\n<meta property=\"og:type\" content=\"article\" \/>\n<meta property=\"og:title\" content=\"HANGARMUSIK Kanarische Inseln - HANGARMUSIK\" \/>\n<meta property=\"og:description\" content=\"HANGARMUSIK auf den Kanarischen Inseln Auf den Kanarischen Inseln leben derzeit \u00fcber 6.000 unbegleitete minderj\u00e4hrige Gefl\u00fcchtete, \u00fcberwiegend aus Westafrika. Viele von ihnen haben auf ihrer Flucht Gewalt, Verlust und gro\u00dfe Unsicherheit erlebt. Im Dezember 2025 fand in Zusammenarbeit mit der Regierung der Kanarischen Inseln in Unterk\u00fcnften f\u00fcr unbegleitete minderj\u00e4hrige Gefl\u00fcchtete ein einmonatiges Hangarmusik Projekt auf [&hellip;]\" \/>\n<meta property=\"og:url\" content=\"https:\/\/hangarmusik.de\/de\/hangarmusik-kanarische-inseln\/\" \/>\n<meta property=\"og:site_name\" content=\"HANGARMUSIK\" \/>\n<meta property=\"article:modified_time\" content=\"2026-01-27T20:33:19+00:00\" \/>\n<meta property=\"og:image\" content=\"https:\/\/hangarmusik.de\/wp-content\/uploads\/2026\/01\/Bildschirmfoto-2026-01-25-um-19.14.05.png\" \/>\n\t<meta property=\"og:image:width\" content=\"2000\" \/>\n\t<meta property=\"og:image:height\" content=\"678\" \/>\n\t<meta property=\"og:image:type\" content=\"image\/png\" \/>\n<meta name=\"twitter:card\" content=\"summary_large_image\" \/>\n<meta name=\"twitter:label1\" content=\"Gesch\u00e4tzte Lesezeit\" \/>\n\t<meta name=\"twitter:data1\" content=\"3\u00a0Minuten\" \/>\n<script type=\"application\/ld+json\" class=\"yoast-schema-graph\">{\"@context\":\"https:\\\/\\\/schema.org\",\"@graph\":[{\"@type\":\"WebPage\",\"@id\":\"https:\\\/\\\/hangarmusik.de\\\/hangarmusik-kanarische-inseln\\\/\",\"url\":\"https:\\\/\\\/hangarmusik.de\\\/hangarmusik-kanarische-inseln\\\/\",\"name\":\"HANGARMUSIK Kanarische Inseln - HANGARMUSIK\",\"isPartOf\":{\"@id\":\"https:\\\/\\\/hangarmusik.de\\\/#website\"},\"primaryImageOfPage\":{\"@id\":\"https:\\\/\\\/hangarmusik.de\\\/hangarmusik-kanarische-inseln\\\/#primaryimage\"},\"image\":{\"@id\":\"https:\\\/\\\/hangarmusik.de\\\/hangarmusik-kanarische-inseln\\\/#primaryimage\"},\"thumbnailUrl\":\"https:\\\/\\\/hangarmusik.de\\\/wp-content\\\/uploads\\\/2026\\\/01\\\/Bildschirmfoto-2026-01-25-um-19.14.05.png\",\"datePublished\":\"2026-01-25T20:59:52+00:00\",\"dateModified\":\"2026-01-27T20:33:19+00:00\",\"breadcrumb\":{\"@id\":\"https:\\\/\\\/hangarmusik.de\\\/hangarmusik-kanarische-inseln\\\/#breadcrumb\"},\"inLanguage\":\"de\",\"potentialAction\":[{\"@type\":\"ReadAction\",\"target\":[\"https:\\\/\\\/hangarmusik.de\\\/hangarmusik-kanarische-inseln\\\/\"]}]},{\"@type\":\"ImageObject\",\"inLanguage\":\"de\",\"@id\":\"https:\\\/\\\/hangarmusik.de\\\/hangarmusik-kanarische-inseln\\\/#primaryimage\",\"url\":\"https:\\\/\\\/hangarmusik.de\\\/wp-content\\\/uploads\\\/2026\\\/01\\\/Bildschirmfoto-2026-01-25-um-19.14.05.png\",\"contentUrl\":\"https:\\\/\\\/hangarmusik.de\\\/wp-content\\\/uploads\\\/2026\\\/01\\\/Bildschirmfoto-2026-01-25-um-19.14.05.png\",\"width\":2000,\"height\":678},{\"@type\":\"BreadcrumbList\",\"@id\":\"https:\\\/\\\/hangarmusik.de\\\/hangarmusik-kanarische-inseln\\\/#breadcrumb\",\"itemListElement\":[{\"@type\":\"ListItem\",\"position\":1,\"name\":\"Startseite\",\"item\":\"https:\\\/\\\/hangarmusik.de\\\/\"},{\"@type\":\"ListItem\",\"position\":2,\"name\":\"HANGARMUSIK Kanarische Inseln\"}]},{\"@type\":\"WebSite\",\"@id\":\"https:\\\/\\\/hangarmusik.de\\\/#website\",\"url\":\"https:\\\/\\\/hangarmusik.de\\\/\",\"name\":\"HANGARMUSIK\",\"description\":\"Soziale Integration durch Orchestermusik\",\"publisher\":{\"@id\":\"https:\\\/\\\/hangarmusik.de\\\/#organization\"},\"alternateName\":\"Hangarmusik\",\"potentialAction\":[{\"@type\":\"SearchAction\",\"target\":{\"@type\":\"EntryPoint\",\"urlTemplate\":\"https:\\\/\\\/hangarmusik.de\\\/?s={search_term_string}\"},\"query-input\":{\"@type\":\"PropertyValueSpecification\",\"valueRequired\":true,\"valueName\":\"search_term_string\"}}],\"inLanguage\":\"de\"},{\"@type\":\"Organization\",\"@id\":\"https:\\\/\\\/hangarmusik.de\\\/#organization\",\"name\":\"HANGARMUSIK\",\"url\":\"https:\\\/\\\/hangarmusik.de\\\/\",\"logo\":{\"@type\":\"ImageObject\",\"inLanguage\":\"de\",\"@id\":\"https:\\\/\\\/hangarmusik.de\\\/#\\\/schema\\\/logo\\\/image\\\/\",\"url\":\"https:\\\/\\\/hangarmusik.de\\\/wp-content\\\/uploads\\\/2023\\\/07\\\/Hangarmusik_Logo-scaled.jpg\",\"contentUrl\":\"https:\\\/\\\/hangarmusik.de\\\/wp-content\\\/uploads\\\/2023\\\/07\\\/Hangarmusik_Logo-scaled.jpg\",\"width\":2560,\"height\":1280,\"caption\":\"HANGARMUSIK\"},\"image\":{\"@id\":\"https:\\\/\\\/hangarmusik.de\\\/#\\\/schema\\\/logo\\\/image\\\/\"},\"sameAs\":[\"https:\\\/\\\/www.instagram.com\\\/hangarmusik\\\/\"]}]}<\/script>\n<!-- \/ Yoast SEO plugin. -->","yoast_head_json":{"title":"HANGARMUSIK Kanarische Inseln - HANGARMUSIK","robots":{"index":"index","follow":"follow","max-snippet":"max-snippet:-1","max-image-preview":"max-image-preview:large","max-video-preview":"max-video-preview:-1"},"canonical":"https:\/\/hangarmusik.de\/de\/hangarmusik-kanarische-inseln\/","og_locale":"de_DE","og_type":"article","og_title":"HANGARMUSIK Kanarische Inseln - HANGARMUSIK","og_description":"HANGARMUSIK auf den Kanarischen Inseln Auf den Kanarischen Inseln leben derzeit \u00fcber 6.000 unbegleitete minderj\u00e4hrige Gefl\u00fcchtete, \u00fcberwiegend aus Westafrika. Viele von ihnen haben auf ihrer Flucht Gewalt, Verlust und gro\u00dfe Unsicherheit erlebt. Im Dezember 2025 fand in Zusammenarbeit mit der Regierung der Kanarischen Inseln in Unterk\u00fcnften f\u00fcr unbegleitete minderj\u00e4hrige Gefl\u00fcchtete ein einmonatiges Hangarmusik Projekt auf [&hellip;]","og_url":"https:\/\/hangarmusik.de\/de\/hangarmusik-kanarische-inseln\/","og_site_name":"HANGARMUSIK","article_modified_time":"2026-01-27T20:33:19+00:00","og_image":[{"width":2000,"height":678,"url":"https:\/\/hangarmusik.de\/wp-content\/uploads\/2026\/01\/Bildschirmfoto-2026-01-25-um-19.14.05.png","type":"image\/png"}],"twitter_card":"summary_large_image","twitter_misc":{"Gesch\u00e4tzte Lesezeit":"3\u00a0Minuten"},"schema":{"@context":"https:\/\/schema.org","@graph":[{"@type":"WebPage","@id":"https:\/\/hangarmusik.de\/hangarmusik-kanarische-inseln\/","url":"https:\/\/hangarmusik.de\/hangarmusik-kanarische-inseln\/","name":"HANGARMUSIK Kanarische Inseln - HANGARMUSIK","isPartOf":{"@id":"https:\/\/hangarmusik.de\/#website"},"primaryImageOfPage":{"@id":"https:\/\/hangarmusik.de\/hangarmusik-kanarische-inseln\/#primaryimage"},"image":{"@id":"https:\/\/hangarmusik.de\/hangarmusik-kanarische-inseln\/#primaryimage"},"thumbnailUrl":"https:\/\/hangarmusik.de\/wp-content\/uploads\/2026\/01\/Bildschirmfoto-2026-01-25-um-19.14.05.png","datePublished":"2026-01-25T20:59:52+00:00","dateModified":"2026-01-27T20:33:19+00:00","breadcrumb":{"@id":"https:\/\/hangarmusik.de\/hangarmusik-kanarische-inseln\/#breadcrumb"},"inLanguage":"de","potentialAction":[{"@type":"ReadAction","target":["https:\/\/hangarmusik.de\/hangarmusik-kanarische-inseln\/"]}]},{"@type":"ImageObject","inLanguage":"de","@id":"https:\/\/hangarmusik.de\/hangarmusik-kanarische-inseln\/#primaryimage","url":"https:\/\/hangarmusik.de\/wp-content\/uploads\/2026\/01\/Bildschirmfoto-2026-01-25-um-19.14.05.png","contentUrl":"https:\/\/hangarmusik.de\/wp-content\/uploads\/2026\/01\/Bildschirmfoto-2026-01-25-um-19.14.05.png","width":2000,"height":678},{"@type":"BreadcrumbList","@id":"https:\/\/hangarmusik.de\/hangarmusik-kanarische-inseln\/#breadcrumb","itemListElement":[{"@type":"ListItem","position":1,"name":"Startseite","item":"https:\/\/hangarmusik.de\/"},{"@type":"ListItem","position":2,"name":"HANGARMUSIK Kanarische Inseln"}]},{"@type":"WebSite","@id":"https:\/\/hangarmusik.de\/#website","url":"https:\/\/hangarmusik.de\/","name":"HANGARMUSIK","description":"Soziale Integration durch Orchestermusik","publisher":{"@id":"https:\/\/hangarmusik.de\/#organization"},"alternateName":"Hangarmusik","potentialAction":[{"@type":"SearchAction","target":{"@type":"EntryPoint","urlTemplate":"https:\/\/hangarmusik.de\/?s={search_term_string}"},"query-input":{"@type":"PropertyValueSpecification","valueRequired":true,"valueName":"search_term_string"}}],"inLanguage":"de"},{"@type":"Organization","@id":"https:\/\/hangarmusik.de\/#organization","name":"HANGARMUSIK","url":"https:\/\/hangarmusik.de\/","logo":{"@type":"ImageObject","inLanguage":"de","@id":"https:\/\/hangarmusik.de\/#\/schema\/logo\/image\/","url":"https:\/\/hangarmusik.de\/wp-content\/uploads\/2023\/07\/Hangarmusik_Logo-scaled.jpg","contentUrl":"https:\/\/hangarmusik.de\/wp-content\/uploads\/2023\/07\/Hangarmusik_Logo-scaled.jpg","width":2560,"height":1280,"caption":"HANGARMUSIK"},"image":{"@id":"https:\/\/hangarmusik.de\/#\/schema\/logo\/image\/"},"sameAs":["https:\/\/www.instagram.com\/hangarmusik\/"]}]}},"_links":{"self":[{"href":"https:\/\/hangarmusik.de\/de\/wp-json\/wp\/v2\/pages\/4802","targetHints":{"allow":["GET"]}}],"collection":[{"href":"https:\/\/hangarmusik.de\/de\/wp-json\/wp\/v2\/pages"}],"about":[{"href":"https:\/\/hangarmusik.de\/de\/wp-json\/wp\/v2\/types\/page"}],"author":[{"embeddable":true,"href":"https:\/\/hangarmusik.de\/de\/wp-json\/wp\/v2\/users\/1"}],"replies":[{"embeddable":true,"href":"https:\/\/hangarmusik.de\/de\/wp-json\/wp\/v2\/comments?post=4802"}],"version-history":[{"count":62,"href":"https:\/\/hangarmusik.de\/de\/wp-json\/wp\/v2\/pages\/4802\/revisions"}],"predecessor-version":[{"id":4941,"href":"https:\/\/hangarmusik.de\/de\/wp-json\/wp\/v2\/pages\/4802\/revisions\/4941"}],"wp:featuredmedia":[{"embeddable":true,"href":"https:\/\/hangarmusik.de\/de\/wp-json\/wp\/v2\/media\/4828"}],"wp:attachment":[{"href":"https:\/\/hangarmusik.de\/de\/wp-json\/wp\/v2\/media?parent=4802"}],"curies":[{"name":"wp","href":"https:\/\/api.w.org\/{rel}","templated":true}]}}