{"id":452,"date":"2023-07-05T07:44:26","date_gmt":"2023-07-05T07:44:26","guid":{"rendered":"https:\/\/hangarmusik-cm1aat3bjj.live-website.com\/?page_id=452"},"modified":"2026-02-01T01:39:25","modified_gmt":"2026-02-01T00:39:25","slug":"team","status":"publish","type":"page","link":"https:\/\/hangarmusik.de\/de\/team\/","title":{"rendered":"Team"},"content":{"rendered":"\n<div class=\"wp-block-cover alignfull has-parallax\" style=\"min-height:400px;aspect-ratio:unset;\"><div class=\"wp-block-cover__image-background wp-image-1316 size-full has-parallax\" style=\"background-position:50% 50%;background-image:url(https:\/\/hangarmusik.de\/wp-content\/uploads\/2023\/08\/HM_1885-edited.jpg)\"><\/div><span aria-hidden=\"true\" class=\"wp-block-cover__background has-background-dim-20 has-background-dim\" style=\"background-color:#756d70\"><\/span><div class=\"wp-block-cover__inner-container has-global-padding is-layout-constrained wp-block-cover-is-layout-constrained\">\n<p class=\"has-text-align-center has-large-font-size\"><\/p>\n<\/div><\/div>\n\n\n\n<div class=\"wp-block-group has-global-padding is-layout-constrained wp-container-core-group-is-layout-ff778368 wp-block-group-is-layout-constrained\" style=\"padding-right:var(--wp--preset--spacing--30);padding-left:var(--wp--preset--spacing--30)\"><h2 style=\"padding-bottom:var(--wp--preset--spacing--50);\" class=\"has-text-align-center wp-block-post-title\">Team<\/h2>\n\n\n<div class=\"wp-block-group has-global-padding is-layout-constrained wp-container-core-group-is-layout-c5bbea69 wp-block-group-is-layout-constrained\">\n<div class=\"wp-block-group is-layout-flex wp-container-core-group-is-layout-d0921e6e wp-block-group-is-layout-flex\">\n<div class=\"wp-block-group is-nowrap is-layout-flex wp-container-core-group-is-layout-6c531013 wp-block-group-is-layout-flex\">\n<figure class=\"wp-block-image aligncenter size-full is-resized has-custom-border\" style=\"margin-top:0;margin-bottom:0\"><img loading=\"lazy\" decoding=\"async\" width=\"667\" height=\"1000\" src=\"https:\/\/hangarmusik.de\/wp-content\/uploads\/2025\/07\/LeilaWeber\u00a9Andreas-Knapp-119.jpg\" alt=\"\" class=\"wp-image-4541\" style=\"border-style:none;border-width:0px;width:326px;height:auto\" srcset=\"https:\/\/hangarmusik.de\/wp-content\/uploads\/2025\/07\/LeilaWeber\u00a9Andreas-Knapp-119.jpg 667w, https:\/\/hangarmusik.de\/wp-content\/uploads\/2025\/07\/LeilaWeber\u00a9Andreas-Knapp-119-200x300.jpg 200w\" sizes=\"auto, (max-width: 667px) 100vw, 667px\" \/><\/figure>\n\n\n\n<div class=\"wp-block-group wp-container-content-9456a016 has-global-padding is-content-justification-center is-layout-constrained wp-block-group-is-layout-constrained\">\n<p class=\"has-text-align-left wp-container-content-68ac353a\" style=\"font-size:clamp(14px, 0.875rem + ((1vw - 3.2px) * 0.682), 20px);\"><strong>Leila Weber<\/strong> (Bratschistin, K\u00fcnstlerische Leiterin) unterrichtete auf Initiative des Deutschen Musikrats Kinder- und Jugendorchester bei \u201eEl Sistema&#8221; in Venezuela. Ihre Erfahrung bei \u201eEl Sistema\u201c inspirierte sie 2015 zur Gr\u00fcndung von HANGARMUSIK. Ausserdem arbeitete sie mit verschiedenen Jugendorchestern in Europa, S\u00fcdafrika und Jamaika und erwarb sich vielf\u00e4ltige Kompetenzen im Umgang mit Kindern aus sozialen Brennpunkten. Bratsche studierte sie an der Hochschule f\u00fcr Musik Freiburg im Breisgau bei Wolfram Christ und an der Hochschule f\u00fcr Musik \u00bbHanns Eisler\u00ab Berlin bei Walter K\u00fcssner, erg\u00e4nzt durch Unterricht und Meisterkurse bei Tabea Zimmermann, J\u00f6rg Widmann und Thomas Riebl. Leila Weber spielte im Gustav Mahler Jugendorchester, mit dem Faustquartett, dem Ensemble Resonanz, der Kammerakademie Potsdam, dem Konzerthausorchester Berlin und den Berliner Philharmonikern.<\/p>\n<\/div>\n<\/div>\n<\/div>\n\n\n\n<div class=\"wp-block-group is-layout-flex wp-container-core-group-is-layout-d0921e6e wp-block-group-is-layout-flex\">\n<div class=\"wp-block-group is-nowrap is-layout-flex wp-container-core-group-is-layout-6c531013 wp-block-group-is-layout-flex\">\n<div class=\"wp-block-group wp-container-content-9456a016 is-vertical is-layout-flex wp-container-core-group-is-layout-fe9cc265 wp-block-group-is-layout-flex\">\n<div class=\"wp-block-group has-global-padding is-layout-constrained wp-block-group-is-layout-constrained\">\n<p class=\"has-text-align-left wp-container-content-68ac353a\" style=\"font-size:clamp(14px, 0.875rem + ((1vw - 3.2px) * 0.682), 20px);\"><strong>Andreas Knapp<\/strong> (Co-Leitung) hat gemeinsam mit Leila Weber HANGARMUSIK gegr\u00fcndet. Er hat f\u00fcr die Salzburger Festspiele, das Schleswig-Holstein-Festival und die Stiftung Berliner Philharmoniker au\u00dfergew\u00f6hnliche K\u00fcnstler wie Leonard Bernstein, Alfred Brendel, Peter E\u00f6tv\u00f6s, Gy\u00f6rgy Ligeti, Frank Zappa und \u00fcber lange Jahre Sir Simon Rattle mit den besten M\u00f6glichkeiten versorgt, ihr K\u00f6nnen zu verwirklichen. Jetzt erm\u00f6glicht er das jungen Talenten bei HANGARMUSIK. Nach dem Studium der Germanistik (M.A. phil) in Frankfurt am Main mit Schwerpunkt Exilliteratur war er einige Jahre Mitarbeiter beim Fritz-Bauer-Institut zur Geschichte und Wirkung des Holocaust. Im Bereich der Fotografie widmet er sich neben k\u00fcnstlerischen Arbeiten der Dokumentation zeitgeschichtlicher Themen mit Fokus auf Kultur und Migration.<\/p>\n\n\n\n<p class=\"has-text-align-left wp-container-content-68ac353a\" style=\"font-size:clamp(14px, 0.875rem + ((1vw - 3.2px) * 0.455), 18px);\">www.andreas-knapp.de<\/p>\n<\/div>\n<\/div>\n\n\n\n<figure class=\"wp-block-image aligncenter size-full is-resized wp-container-content-5b984bb6\"><img loading=\"lazy\" decoding=\"async\" width=\"503\" height=\"820\" src=\"https:\/\/hangarmusik.de\/wp-content\/uploads\/2025\/07\/AndrasKnapp\u00a9AndreasKnapp_40875-1.jpg\" alt=\"\" class=\"wp-image-4552\" style=\"width:250px\" srcset=\"https:\/\/hangarmusik.de\/wp-content\/uploads\/2025\/07\/AndrasKnapp\u00a9AndreasKnapp_40875-1.jpg 503w, https:\/\/hangarmusik.de\/wp-content\/uploads\/2025\/07\/AndrasKnapp\u00a9AndreasKnapp_40875-1-184x300.jpg 184w\" sizes=\"auto, (max-width: 503px) 100vw, 503px\" \/><\/figure>\n<\/div>\n<\/div>\n\n\n\n<div class=\"wp-block-group is-layout-flex wp-container-core-group-is-layout-d0921e6e wp-block-group-is-layout-flex\">\n<div class=\"wp-block-group is-nowrap is-layout-flex wp-container-core-group-is-layout-6c531013 wp-block-group-is-layout-flex\">\n<figure class=\"wp-block-image aligncenter size-full is-resized wp-container-content-5b984bb6\"><img loading=\"lazy\" decoding=\"async\" width=\"667\" height=\"1000\" src=\"https:\/\/hangarmusik.de\/wp-content\/uploads\/2025\/07\/HM-Paris\u00a9KnappA-0464.jpg\" alt=\"\" class=\"wp-image-4537\" style=\"width:300px\" srcset=\"https:\/\/hangarmusik.de\/wp-content\/uploads\/2025\/07\/HM-Paris\u00a9KnappA-0464.jpg 667w, https:\/\/hangarmusik.de\/wp-content\/uploads\/2025\/07\/HM-Paris\u00a9KnappA-0464-200x300.jpg 200w\" sizes=\"auto, (max-width: 667px) 100vw, 667px\" \/><\/figure>\n\n\n\n<div class=\"wp-block-group wp-container-content-9456a016 has-global-padding is-content-justification-center is-layout-constrained wp-block-group-is-layout-constrained\">\n<p class=\"has-text-align-left wp-container-content-68ac353a\" style=\"font-size:clamp(14px, 0.875rem + ((1vw - 3.2px) * 0.682), 20px);\"><strong>Natalie Pl\u00f6ger<\/strong> (Kontrabass) studierte an der Hochschule Detmold klassischen Kontrabass, Instrumentalp\u00e4dagogik und Schulmusik. Bereits in ihrer Studienzeit besch\u00e4ftigte sie sich intensiv mit Jazz, sammelte Erfahrungen in verschiedenen Bigbands und Jazz- Popformationen. Besonders am Herzen liegt Natalie die musikalische Arbeit mit Kindern, die sich neben ihrem Engagement bei HANGARMUSIK durch eine langj\u00e4hrige Unterrichtst\u00e4tigkeit u.a. an der Musikschule Kleinmachnow ausdr\u00fcckt.<\/p>\n<\/div>\n<\/div>\n<\/div>\n\n\n\n<div class=\"wp-block-group is-layout-flex wp-container-core-group-is-layout-d0921e6e wp-block-group-is-layout-flex\">\n<div class=\"wp-block-group is-nowrap is-layout-flex wp-container-core-group-is-layout-6c531013 wp-block-group-is-layout-flex\">\n<div class=\"wp-block-group wp-container-content-9456a016 has-global-padding is-layout-constrained wp-block-group-is-layout-constrained\">\n<p class=\"has-text-align-left wp-container-content-68ac353a\" style=\"font-size:clamp(14px, 0.875rem + ((1vw - 3.2px) * 0.682), 20px);\"><strong>Angela Brunton-Tr\u00fcg <\/strong>(Kontrabass) ist Orchestermusikerin und Gestalttherapeutin. Sie war beim NDR-Symphonieorchester, dem Schleswig-Holsteinischen Landestheater und der Komischen Oper unter Vertrag. Seit 2013 ist sie freischaffende Musikerin und spielt im in und Ausland. Parallel zu ihrer beruflichen T\u00e4tigkeit als Musikerin und Musikp\u00e4dagogin betreibt sie eine eigene Praxis f\u00fcr Gestalttherapie mit traumatherapeutischem Fokus (HeilprGPsych.) und ist Mitglied bei der Gesellschaft f\u00fcr Psychotraumatologie und Gewaltforschung (GPTG). F\u00fcr Angela ist das Besondere an der Arbeit mit HANGARMUSIK, zu erleben, wie das gemeinsame Musizieren ohne Leistungsdruck, heilsam und stabilisierend auf allen Ebenen wirkt. Da alle Beteiligten mit den F\u00e4higkeiten, die sie im jeweiligen Moment mitbringen, willkommen sind, tragen alle dazu bei, dass sowohl immer wieder sehr besondere musikalische Momente entstehen als auch eine wohlwollende Gemeinschaft.<\/p>\n<\/div>\n\n\n\n<figure class=\"wp-block-image aligncenter size-full wp-container-content-5b984bb6\"><img loading=\"lazy\" decoding=\"async\" width=\"667\" height=\"1000\" src=\"https:\/\/hangarmusik.de\/wp-content\/uploads\/2025\/07\/AngelaBruntonTrueg@AndreasKnapp.jpg\" alt=\"\" class=\"wp-image-4545\" srcset=\"https:\/\/hangarmusik.de\/wp-content\/uploads\/2025\/07\/AngelaBruntonTrueg@AndreasKnapp.jpg 667w, https:\/\/hangarmusik.de\/wp-content\/uploads\/2025\/07\/AngelaBruntonTrueg@AndreasKnapp-200x300.jpg 200w\" sizes=\"auto, (max-width: 667px) 100vw, 667px\" \/><\/figure>\n<\/div>\n<\/div>\n\n\n\n<div class=\"wp-block-group is-layout-flex wp-container-core-group-is-layout-d0921e6e wp-block-group-is-layout-flex\">\n<div class=\"wp-block-group is-nowrap is-layout-flex wp-container-core-group-is-layout-6c531013 wp-block-group-is-layout-flex\">\n<figure class=\"wp-block-image aligncenter size-full is-resized wp-container-content-5b984bb6\"><img loading=\"lazy\" decoding=\"async\" width=\"678\" height=\"1000\" src=\"https:\/\/hangarmusik.de\/wp-content\/uploads\/2025\/07\/AnnaCarewe@AndreasKnapp.jpg\" alt=\"\" class=\"wp-image-4548\" style=\"width:300px\" srcset=\"https:\/\/hangarmusik.de\/wp-content\/uploads\/2025\/07\/AnnaCarewe@AndreasKnapp.jpg 678w, https:\/\/hangarmusik.de\/wp-content\/uploads\/2025\/07\/AnnaCarewe@AndreasKnapp-203x300.jpg 203w\" sizes=\"auto, (max-width: 678px) 100vw, 678px\" \/><\/figure>\n\n\n\n<div class=\"wp-block-group wp-container-content-9456a016 has-global-padding is-layout-constrained wp-block-group-is-layout-constrained\">\n<p class=\"has-text-align-left wp-container-content-68ac353a\" style=\"font-size:clamp(14px, 0.875rem + ((1vw - 3.2px) * 0.682), 20px);\">Das Mantra der englischen Cellistin <strong>Anna Carewe <\/strong>ist, dass jedes musikalische Ziel auch als ein Sprungbrett ins Unbekannte dienen sollte. Das gilt sowohl f\u00fcr die Arbeit mit ihrem Duopartner, dem Vibraphonisten Oli Bott, als auch f\u00fcr die Arbeit mit dem von ihr gegr\u00fcndeten Sheridan Ensemble. Beides sind Ensembles, die das Publikum in \u00fcberraschende musikalische Welten f\u00fchren und dazu einladen, den eigenen H\u00f6rhorizont zu erweitern. Ihre seit 2022 erweiterten p\u00e4dagogischen T\u00e4tigkeiten stellen f\u00fcr Anna eine gro\u00dfe Bereicherung ihres Lebens da. Die Arbeit mit HANGARMUSIK ist seit 2023 ein Schwerpunkt von Annas Arbeit und bildet die Grundlage ihrer Philosophie, dass Musik das Leben eines Menschen auf vielen psychologischen Ebenen positiv beeinflussen kann.<\/p>\n<\/div>\n<\/div>\n<\/div>\n\n\n\n<div class=\"wp-block-group is-layout-flex wp-container-core-group-is-layout-d0921e6e wp-block-group-is-layout-flex\">\n<div class=\"wp-block-group is-nowrap is-layout-flex wp-container-core-group-is-layout-6c531013 wp-block-group-is-layout-flex\">\n<div class=\"wp-block-group wp-container-content-9456a016 is-vertical is-layout-flex wp-container-core-group-is-layout-fe9cc265 wp-block-group-is-layout-flex\">\n<p class=\"has-text-align-left wp-container-content-68ac353a\" style=\"font-size:clamp(14px, 0.875rem + ((1vw - 3.2px) * 0.682), 20px);\"><strong>Brigitte T\u00e4ubl <\/strong>(Geige) &#8211; Schon w\u00e4hrend ihres Studiums an der Grazer Musikhochschule interessierte sie sich f\u00fcr die barocke Spielweise auf der Violine und besuchte mehrere Meisterkurse in Innsbruck bei Ingrid Seifert. Ab 1987 vertiefte sie ihre Ausbildung in diese Richtung an der Scola Cantorum Basiliensis bei J. Schr\u00f6der und Th. Hengelbrock. Von dort entstand der Kontakt zum Freiburger Barockorchester, wo sie seit \u00fcber 30 Jahren Mitglied ist. Sie musiziert mit namhaften K\u00fcnstlern wie Ivor Bolton, Rene Jacobs, Cecilia Bartoli, Jordi Savall, Thomas Quasthoff, N. Harnoncourt u.a. Gemeinsam mit Lorenz Duftschmid gr\u00fcndete sie 1989 das Ensemble Armonico Tributo, in dem sie als Konzertmeisterin und Kammermusikerin t\u00e4tig ist.<br><\/p>\n<\/div>\n\n\n\n<figure class=\"wp-block-image aligncenter size-full is-resized wp-container-content-5b984bb6\"><img loading=\"lazy\" decoding=\"async\" width=\"1387\" height=\"1706\" src=\"https:\/\/hangarmusik.de\/wp-content\/uploads\/2019\/07\/2024-12@AKnapp-0497-Verbessert-RR-scaled-e1752871931335.jpg\" alt=\"\" class=\"wp-image-2979\" style=\"width:300px\" srcset=\"https:\/\/hangarmusik.de\/wp-content\/uploads\/2019\/07\/2024-12@AKnapp-0497-Verbessert-RR-scaled-e1752871931335.jpg 1387w, https:\/\/hangarmusik.de\/wp-content\/uploads\/2019\/07\/2024-12@AKnapp-0497-Verbessert-RR-scaled-e1752871931335-244x300.jpg 244w, https:\/\/hangarmusik.de\/wp-content\/uploads\/2019\/07\/2024-12@AKnapp-0497-Verbessert-RR-scaled-e1752871931335-833x1024.jpg 833w, https:\/\/hangarmusik.de\/wp-content\/uploads\/2019\/07\/2024-12@AKnapp-0497-Verbessert-RR-scaled-e1752871931335-768x945.jpg 768w, https:\/\/hangarmusik.de\/wp-content\/uploads\/2019\/07\/2024-12@AKnapp-0497-Verbessert-RR-scaled-e1752871931335-1249x1536.jpg 1249w, https:\/\/hangarmusik.de\/wp-content\/uploads\/2019\/07\/2024-12@AKnapp-0497-Verbessert-RR-scaled-e1752871931335-10x12.jpg 10w\" sizes=\"auto, (max-width: 1387px) 100vw, 1387px\" \/><\/figure>\n<\/div>\n<\/div>\n\n\n\n<div class=\"wp-block-group is-layout-flex wp-container-core-group-is-layout-d0921e6e wp-block-group-is-layout-flex\">\n<div class=\"wp-block-group is-nowrap is-layout-flex wp-container-core-group-is-layout-6c531013 wp-block-group-is-layout-flex\">\n<figure class=\"wp-block-image aligncenter size-full is-resized wp-container-content-5b984bb6\"><img loading=\"lazy\" decoding=\"async\" width=\"1280\" height=\"1280\" src=\"https:\/\/hangarmusik.de\/wp-content\/uploads\/2025\/12\/luzie-jehle\u00a9AndreasKnapp.jpeg\" alt=\"\" class=\"wp-image-4790\" style=\"aspect-ratio:2\/3;object-fit:contain;width:250px\" srcset=\"https:\/\/hangarmusik.de\/wp-content\/uploads\/2025\/12\/luzie-jehle\u00a9AndreasKnapp.jpeg 1280w, https:\/\/hangarmusik.de\/wp-content\/uploads\/2025\/12\/luzie-jehle\u00a9AndreasKnapp-300x300.jpeg 300w, https:\/\/hangarmusik.de\/wp-content\/uploads\/2025\/12\/luzie-jehle\u00a9AndreasKnapp-1024x1024.jpeg 1024w, https:\/\/hangarmusik.de\/wp-content\/uploads\/2025\/12\/luzie-jehle\u00a9AndreasKnapp-150x150.jpeg 150w, https:\/\/hangarmusik.de\/wp-content\/uploads\/2025\/12\/luzie-jehle\u00a9AndreasKnapp-768x768.jpeg 768w, https:\/\/hangarmusik.de\/wp-content\/uploads\/2025\/12\/luzie-jehle\u00a9AndreasKnapp-12x12.jpeg 12w\" sizes=\"auto, (max-width: 1280px) 100vw, 1280px\" \/><\/figure>\n\n\n\n<div class=\"wp-block-group wp-container-content-9456a016 has-global-padding is-layout-constrained wp-block-group-is-layout-constrained\">\n<div class=\"wp-block-group has-global-padding is-layout-constrained wp-block-group-is-layout-constrained\" style=\"font-size:clamp(14px, 0.875rem + ((1vw - 3.2px) * 0.682), 20px);\">\n<p class=\"has-text-align-left wp-container-content-68ac353a\" style=\"font-size:clamp(14px, 0.875rem + ((1vw - 3.2px) * 0.682), 20px);\">Seit Anfang 2024 ist <strong>Luzie Jehle<\/strong> Teil des HANGARMUSIK Teams und unterst\u00fctzt Einsteiger*innen sowie zweite Geigen. Sie begeistert der Elan und die Spielfreue der jungen Menschen. Wie gut das Prinzip funktioniert, dass alle auch ohne jegliche Vorerfahrung mitspielen k\u00f6nnen, erstaunt sie immer wieder. Ein stetiges miteinander und voneinander Lernen beobachtet Luzie im ganzen Orchester. Als Sozialarbeiterin sieht sie, dass HANGARMUSIK einen wichtigen Teil im Ankommensprozess von jungen gefl\u00fcchteten Menschen ausmacht. Ein Zugeh\u00f6rigkeitsgef\u00fchl und die Bereicherung durch das musikalische Miteinander tragen zu diesem Prozess positv bei.<\/p>\n\n\n\n<p class=\"has-text-align-left wp-container-content-68ac353a\" style=\"font-size:clamp(14px, 0.875rem + ((1vw - 3.2px) * 0.455), 18px);\"><\/p>\n<\/div>\n<\/div>\n<\/div>\n<\/div>\n<\/div>\n<\/div>\n\n\n\n<div style=\"height:150px\" aria-hidden=\"true\" class=\"wp-block-spacer\"><\/div>\n","protected":false},"excerpt":{"rendered":"<p>Leila Weber (Bratschistin, K\u00fcnstlerische Leiterin) unterrichtete auf Initiative des Deutschen Musikrats Kinder- und Jugendorchester bei \u201eEl Sistema&#8221; in Venezuela. Ihre Erfahrung bei \u201eEl Sistema\u201c inspirierte sie 2015 zur Gr\u00fcndung von HANGARMUSIK. Ausserdem arbeitete sie mit verschiedenen Jugendorchestern in Europa, S\u00fcdafrika und Jamaika und erwarb sich vielf\u00e4ltige Kompetenzen im Umgang mit Kindern aus sozialen Brennpunkten. Bratsche [&hellip;]<\/p>\n","protected":false},"author":2,"featured_media":0,"parent":0,"menu_order":0,"comment_status":"closed","ping_status":"closed","template":"","meta":{"footnotes":""},"class_list":["post-452","page","type-page","status-publish","hentry"],"yoast_head":"<!-- This site is optimized with the Yoast SEO plugin v27.5 - https:\/\/yoast.com\/product\/yoast-seo-wordpress\/ -->\n<title>Team - HANGARMUSIK<\/title>\n<meta name=\"robots\" content=\"index, follow, max-snippet:-1, max-image-preview:large, max-video-preview:-1\" \/>\n<link rel=\"canonical\" href=\"https:\/\/hangarmusik.de\/de\/team\/\" \/>\n<meta property=\"og:locale\" content=\"de_DE\" \/>\n<meta property=\"og:type\" content=\"article\" \/>\n<meta property=\"og:title\" content=\"Team - HANGARMUSIK\" \/>\n<meta property=\"og:description\" content=\"Leila Weber (Bratschistin, K\u00fcnstlerische Leiterin) unterrichtete auf Initiative des Deutschen Musikrats Kinder- und Jugendorchester bei \u201eEl Sistema&#8221; in Venezuela. Ihre Erfahrung bei \u201eEl Sistema\u201c inspirierte sie 2015 zur Gr\u00fcndung von HANGARMUSIK. Ausserdem arbeitete sie mit verschiedenen Jugendorchestern in Europa, S\u00fcdafrika und Jamaika und erwarb sich vielf\u00e4ltige Kompetenzen im Umgang mit Kindern aus sozialen Brennpunkten. Bratsche [&hellip;]\" \/>\n<meta property=\"og:url\" content=\"https:\/\/hangarmusik.de\/de\/team\/\" \/>\n<meta property=\"og:site_name\" content=\"HANGARMUSIK\" \/>\n<meta property=\"article:modified_time\" content=\"2026-02-01T00:39:25+00:00\" \/>\n<meta property=\"og:image\" content=\"https:\/\/hangarmusik.de\/wp-content\/uploads\/2025\/07\/AngelaBruntonTrueg@AndreasKnapp.jpg\" \/>\n<meta name=\"twitter:card\" content=\"summary_large_image\" \/>\n<meta name=\"twitter:label1\" content=\"Gesch\u00e4tzte Lesezeit\" \/>\n\t<meta name=\"twitter:data1\" content=\"6\u00a0Minuten\" \/>\n<script type=\"application\/ld+json\" class=\"yoast-schema-graph\">{\"@context\":\"https:\\\/\\\/schema.org\",\"@graph\":[{\"@type\":\"WebPage\",\"@id\":\"https:\\\/\\\/hangarmusik.de\\\/team\\\/\",\"url\":\"https:\\\/\\\/hangarmusik.de\\\/team\\\/\",\"name\":\"Team - HANGARMUSIK\",\"isPartOf\":{\"@id\":\"https:\\\/\\\/hangarmusik.de\\\/#website\"},\"primaryImageOfPage\":{\"@id\":\"https:\\\/\\\/hangarmusik.de\\\/team\\\/#primaryimage\"},\"image\":{\"@id\":\"https:\\\/\\\/hangarmusik.de\\\/team\\\/#primaryimage\"},\"thumbnailUrl\":\"https:\\\/\\\/hangarmusik.de\\\/wp-content\\\/uploads\\\/2025\\\/07\\\/AngelaBruntonTrueg@AndreasKnapp.jpg\",\"datePublished\":\"2023-07-05T07:44:26+00:00\",\"dateModified\":\"2026-02-01T00:39:25+00:00\",\"breadcrumb\":{\"@id\":\"https:\\\/\\\/hangarmusik.de\\\/team\\\/#breadcrumb\"},\"inLanguage\":\"de\",\"potentialAction\":[{\"@type\":\"ReadAction\",\"target\":[\"https:\\\/\\\/hangarmusik.de\\\/team\\\/\"]}]},{\"@type\":\"ImageObject\",\"inLanguage\":\"de\",\"@id\":\"https:\\\/\\\/hangarmusik.de\\\/team\\\/#primaryimage\",\"url\":\"https:\\\/\\\/hangarmusik.de\\\/wp-content\\\/uploads\\\/2025\\\/07\\\/AngelaBruntonTrueg@AndreasKnapp.jpg\",\"contentUrl\":\"https:\\\/\\\/hangarmusik.de\\\/wp-content\\\/uploads\\\/2025\\\/07\\\/AngelaBruntonTrueg@AndreasKnapp.jpg\"},{\"@type\":\"BreadcrumbList\",\"@id\":\"https:\\\/\\\/hangarmusik.de\\\/team\\\/#breadcrumb\",\"itemListElement\":[{\"@type\":\"ListItem\",\"position\":1,\"name\":\"Startseite\",\"item\":\"https:\\\/\\\/hangarmusik.de\\\/\"},{\"@type\":\"ListItem\",\"position\":2,\"name\":\"Team\"}]},{\"@type\":\"WebSite\",\"@id\":\"https:\\\/\\\/hangarmusik.de\\\/#website\",\"url\":\"https:\\\/\\\/hangarmusik.de\\\/\",\"name\":\"HANGARMUSIK\",\"description\":\"Soziale Integration durch Orchestermusik\",\"publisher\":{\"@id\":\"https:\\\/\\\/hangarmusik.de\\\/#organization\"},\"alternateName\":\"Hangarmusik\",\"potentialAction\":[{\"@type\":\"SearchAction\",\"target\":{\"@type\":\"EntryPoint\",\"urlTemplate\":\"https:\\\/\\\/hangarmusik.de\\\/?s={search_term_string}\"},\"query-input\":{\"@type\":\"PropertyValueSpecification\",\"valueRequired\":true,\"valueName\":\"search_term_string\"}}],\"inLanguage\":\"de\"},{\"@type\":\"Organization\",\"@id\":\"https:\\\/\\\/hangarmusik.de\\\/#organization\",\"name\":\"HANGARMUSIK\",\"url\":\"https:\\\/\\\/hangarmusik.de\\\/\",\"logo\":{\"@type\":\"ImageObject\",\"inLanguage\":\"de\",\"@id\":\"https:\\\/\\\/hangarmusik.de\\\/#\\\/schema\\\/logo\\\/image\\\/\",\"url\":\"https:\\\/\\\/hangarmusik.de\\\/wp-content\\\/uploads\\\/2023\\\/07\\\/Hangarmusik_Logo-scaled.jpg\",\"contentUrl\":\"https:\\\/\\\/hangarmusik.de\\\/wp-content\\\/uploads\\\/2023\\\/07\\\/Hangarmusik_Logo-scaled.jpg\",\"width\":2560,\"height\":1280,\"caption\":\"HANGARMUSIK\"},\"image\":{\"@id\":\"https:\\\/\\\/hangarmusik.de\\\/#\\\/schema\\\/logo\\\/image\\\/\"},\"sameAs\":[\"https:\\\/\\\/www.instagram.com\\\/hangarmusik\\\/\"]}]}<\/script>\n<!-- \/ Yoast SEO plugin. -->","yoast_head_json":{"title":"Team - HANGARMUSIK","robots":{"index":"index","follow":"follow","max-snippet":"max-snippet:-1","max-image-preview":"max-image-preview:large","max-video-preview":"max-video-preview:-1"},"canonical":"https:\/\/hangarmusik.de\/de\/team\/","og_locale":"de_DE","og_type":"article","og_title":"Team - HANGARMUSIK","og_description":"Leila Weber (Bratschistin, K\u00fcnstlerische Leiterin) unterrichtete auf Initiative des Deutschen Musikrats Kinder- und Jugendorchester bei \u201eEl Sistema&#8221; in Venezuela. Ihre Erfahrung bei \u201eEl Sistema\u201c inspirierte sie 2015 zur Gr\u00fcndung von HANGARMUSIK. Ausserdem arbeitete sie mit verschiedenen Jugendorchestern in Europa, S\u00fcdafrika und Jamaika und erwarb sich vielf\u00e4ltige Kompetenzen im Umgang mit Kindern aus sozialen Brennpunkten. Bratsche [&hellip;]","og_url":"https:\/\/hangarmusik.de\/de\/team\/","og_site_name":"HANGARMUSIK","article_modified_time":"2026-02-01T00:39:25+00:00","og_image":[{"url":"https:\/\/hangarmusik.de\/wp-content\/uploads\/2025\/07\/AngelaBruntonTrueg@AndreasKnapp.jpg","type":"","width":"","height":""}],"twitter_card":"summary_large_image","twitter_misc":{"Gesch\u00e4tzte Lesezeit":"6\u00a0Minuten"},"schema":{"@context":"https:\/\/schema.org","@graph":[{"@type":"WebPage","@id":"https:\/\/hangarmusik.de\/team\/","url":"https:\/\/hangarmusik.de\/team\/","name":"Team - HANGARMUSIK","isPartOf":{"@id":"https:\/\/hangarmusik.de\/#website"},"primaryImageOfPage":{"@id":"https:\/\/hangarmusik.de\/team\/#primaryimage"},"image":{"@id":"https:\/\/hangarmusik.de\/team\/#primaryimage"},"thumbnailUrl":"https:\/\/hangarmusik.de\/wp-content\/uploads\/2025\/07\/AngelaBruntonTrueg@AndreasKnapp.jpg","datePublished":"2023-07-05T07:44:26+00:00","dateModified":"2026-02-01T00:39:25+00:00","breadcrumb":{"@id":"https:\/\/hangarmusik.de\/team\/#breadcrumb"},"inLanguage":"de","potentialAction":[{"@type":"ReadAction","target":["https:\/\/hangarmusik.de\/team\/"]}]},{"@type":"ImageObject","inLanguage":"de","@id":"https:\/\/hangarmusik.de\/team\/#primaryimage","url":"https:\/\/hangarmusik.de\/wp-content\/uploads\/2025\/07\/AngelaBruntonTrueg@AndreasKnapp.jpg","contentUrl":"https:\/\/hangarmusik.de\/wp-content\/uploads\/2025\/07\/AngelaBruntonTrueg@AndreasKnapp.jpg"},{"@type":"BreadcrumbList","@id":"https:\/\/hangarmusik.de\/team\/#breadcrumb","itemListElement":[{"@type":"ListItem","position":1,"name":"Startseite","item":"https:\/\/hangarmusik.de\/"},{"@type":"ListItem","position":2,"name":"Team"}]},{"@type":"WebSite","@id":"https:\/\/hangarmusik.de\/#website","url":"https:\/\/hangarmusik.de\/","name":"HANGARMUSIK","description":"Soziale Integration durch Orchestermusik","publisher":{"@id":"https:\/\/hangarmusik.de\/#organization"},"alternateName":"Hangarmusik","potentialAction":[{"@type":"SearchAction","target":{"@type":"EntryPoint","urlTemplate":"https:\/\/hangarmusik.de\/?s={search_term_string}"},"query-input":{"@type":"PropertyValueSpecification","valueRequired":true,"valueName":"search_term_string"}}],"inLanguage":"de"},{"@type":"Organization","@id":"https:\/\/hangarmusik.de\/#organization","name":"HANGARMUSIK","url":"https:\/\/hangarmusik.de\/","logo":{"@type":"ImageObject","inLanguage":"de","@id":"https:\/\/hangarmusik.de\/#\/schema\/logo\/image\/","url":"https:\/\/hangarmusik.de\/wp-content\/uploads\/2023\/07\/Hangarmusik_Logo-scaled.jpg","contentUrl":"https:\/\/hangarmusik.de\/wp-content\/uploads\/2023\/07\/Hangarmusik_Logo-scaled.jpg","width":2560,"height":1280,"caption":"HANGARMUSIK"},"image":{"@id":"https:\/\/hangarmusik.de\/#\/schema\/logo\/image\/"},"sameAs":["https:\/\/www.instagram.com\/hangarmusik\/"]}]}},"_links":{"self":[{"href":"https:\/\/hangarmusik.de\/de\/wp-json\/wp\/v2\/pages\/452","targetHints":{"allow":["GET"]}}],"collection":[{"href":"https:\/\/hangarmusik.de\/de\/wp-json\/wp\/v2\/pages"}],"about":[{"href":"https:\/\/hangarmusik.de\/de\/wp-json\/wp\/v2\/types\/page"}],"author":[{"embeddable":true,"href":"https:\/\/hangarmusik.de\/de\/wp-json\/wp\/v2\/users\/2"}],"replies":[{"embeddable":true,"href":"https:\/\/hangarmusik.de\/de\/wp-json\/wp\/v2\/comments?post=452"}],"version-history":[{"count":561,"href":"https:\/\/hangarmusik.de\/de\/wp-json\/wp\/v2\/pages\/452\/revisions"}],"predecessor-version":[{"id":4948,"href":"https:\/\/hangarmusik.de\/de\/wp-json\/wp\/v2\/pages\/452\/revisions\/4948"}],"wp:attachment":[{"href":"https:\/\/hangarmusik.de\/de\/wp-json\/wp\/v2\/media?parent=452"}],"curies":[{"name":"wp","href":"https:\/\/api.w.org\/{rel}","templated":true}]}}