{"id":45,"date":"2023-07-02T09:15:14","date_gmt":"2023-07-02T07:15:14","guid":{"rendered":"https:\/\/hangarmusik-cm1aat3bjj.live-website.com\/?page_id=45"},"modified":"2025-08-27T10:54:29","modified_gmt":"2025-08-27T08:54:29","slug":"spenden","status":"publish","type":"page","link":"https:\/\/hangarmusik.de\/de\/spenden\/","title":{"rendered":"Spenden"},"content":{"rendered":"\n<div class=\"wp-block-cover alignfull is-light has-parallax\" style=\"border-style:none;border-width:0px;border-radius:0px;min-height:400px;aspect-ratio:unset;\"><div class=\"wp-block-cover__image-background wp-image-4530 size-full has-parallax\" style=\"background-position:50% 50%;background-image:url(https:\/\/hangarmusik.de\/wp-content\/uploads\/2025\/07\/2016-hangar-06-4343-scaled.jpg)\"><\/div><span aria-hidden=\"true\" class=\"wp-block-cover__background has-cyan-bluish-gray-background-color has-background-dim-10 has-background-dim\"><\/span><div class=\"wp-block-cover__inner-container is-layout-flow wp-block-cover-is-layout-flow\">\n<p class=\"has-text-align-center has-large-font-size\"><\/p>\n<\/div><\/div>\n\n\n\n<div class=\"wp-block-group has-global-padding is-layout-constrained wp-container-core-group-is-layout-02b14114 wp-block-group-is-layout-constrained\" style=\"padding-right:var(--wp--preset--spacing--30);padding-left:var(--wp--preset--spacing--30)\"><h2 style=\"margin-bottom:var(--wp--preset--spacing--50);\" class=\"has-text-align-center wp-block-post-title\">Spenden<\/h2>\n\n\n<div class=\"wp-block-group has-global-padding is-layout-constrained wp-block-group-is-layout-constrained\" style=\"padding-top:0;padding-bottom:0\">\n<p>Das Projekt HANGARMUSIK ist ohne Unterst\u00fctzung vieler Spender nicht m\u00f6glich. Sie sind das Fundament f\u00fcr diese Initiative. Ihre Spende gibt dem Team die Motivation, aus einer Vision Alltag werden zu lassen.<\/p>\n\n\n\n<p>Spenden f\u00fcr HANGARMUSIK sind steuerabzugsf\u00e4hig, und werden von der als gemeinn\u00fctzig anerkannten Seahorse GmbH verwaltet, die seit 2007 beim Amtsgericht Charlottenburg unter der Nummer HRB 110753 B registriert ist.<\/p>\n<\/div>\n\n\n\n<div class=\"wp-block-group has-global-padding is-layout-constrained wp-block-group-is-layout-constrained\" style=\"padding-top:0\">\n<div class=\"wp-block-group has-global-padding is-layout-constrained wp-container-core-group-is-layout-19e250f3 wp-block-group-is-layout-constrained\">\n<p>Kontakt:<\/p>\n\n\n\n<p>Seahorse GmbH, B\u00f6ckhstr. 33, D-10967 Berlin<\/p>\n\n\n\n<p>Gesch\u00e4ftsf\u00fchrung: Andreas Knapp<\/p>\n\n\n\n<p>e-mail: <a href=\"mailto:info@hangarmusik.de\">info@hangarmusik.de<\/a><\/p>\n\n\n\n<p><a href=\"Tel: +49 179 3470 230\">Tel: +49 179 3470 230<\/a><\/p>\n<\/div>\n\n\n\n<div class=\"wp-block-group has-global-padding is-layout-constrained wp-container-core-group-is-layout-dc634a16 wp-block-group-is-layout-constrained\" style=\"margin-top:var(--wp--preset--spacing--30)\">\n<p>Bankverbindung:<\/p>\n\n\n\n<p>Seahorse GmbH<\/p>\n\n\n\n<p>HypoVereinsbank<\/p>\n\n\n\n<p><strong>IBAN: DE96 1002 0890 0610 1006 86<\/strong><\/p>\n\n\n\n<p>BIC: HYVEDEMM488<\/p>\n\n\n\n<p>Betreff:&nbsp;<strong>Spende HANGARMUSIK<\/strong><\/p>\n<\/div>\n<\/div>\n\n\n\n<figure class=\"wp-block-image aligncenter size-full is-resized\"><img loading=\"lazy\" decoding=\"async\" width=\"256\" height=\"256\" src=\"https:\/\/hangarmusik.de\/wp-content\/uploads\/2025\/08\/HANGARMUSIK-QR-Code.png\" alt=\"\" class=\"wp-image-4707\" style=\"width:156px;height:auto\" srcset=\"https:\/\/hangarmusik.de\/wp-content\/uploads\/2025\/08\/HANGARMUSIK-QR-Code.png 256w, https:\/\/hangarmusik.de\/wp-content\/uploads\/2025\/08\/HANGARMUSIK-QR-Code-150x150.png 150w\" sizes=\"auto, (max-width: 256px) 100vw, 256px\" \/><figcaption class=\"wp-element-caption\"><a href=\"https:\/\/www.paypal.com\/donate\/?hosted_button_id=X9EWEBWRXU8QG&amp;source=qr\"><strong><code>Spenden<\/code> mit einem Klick<\/strong><\/a><\/figcaption><\/figure>\n\n\n\n<p><\/p>\n\n\n\n<p><\/p>\n\n\n\n<p><\/p>\n\n\n\n<p><\/p>\n\n\n\n<p><\/p>\n\n\n\n<p><strong>Freistellungstext f\u00fcr die Seahorse GmbH<\/strong>: Best\u00e4tigung \u00fcber Zuwendung im Sinne des \u00a7 10b des Einkommensteuergesetzes an eine der in \u00a7 5 Abs. 1 Nr. 9 des K\u00f6rperschaftsteuergesetzes bezeichneten K\u00f6rperschaft. Wir sind wegen F\u00f6rderung der Jugendhilfe, Kunst und Kultur, Volks- und Berufsbildung, Hilfe f\u00fcr politisch, rassisch oder religi\u00f6s Verfolgte, Fl\u00fcchtlinge und Vertriebene nach dem Freistellungsbescheid bzw. nach der Anlage zum K\u00f6rperschaftsteuerbescheid des Finanzamtes f\u00fcr K\u00f6rperschaften I, Steuer-Nr. 27\/612\/02108, vom 19.05.2025 f\u00fcr den letzten Veranlagungszeitraum 2023 nach \u00a7 5 Abs. 1 Nr. 9 des K\u00f6rperschaftsteuergesetzes von der K\u00f6rperschaftsteuer und nach \u00a7 3 Nr. 6 des Gewerbesteuergesetzes von der Gewerbesteuer befreit. Die Einhaltung der satzungsm\u00e4\u00dfigen Voraussetzungen nach den \u00a7\u00a7 51, 59, 60 und 61 AO wurde vom Finanzamt f\u00fcr K\u00f6rperschaften I, Berlin, Steuer-Nr. 27\/612\/02108 mit Bescheid vom 22.12.2020 nach \u00a7 60a AO gesondert festgestellt. Wir f\u00f6rdern nach unserer Satzung die Jugendhilfe, Kunst und Kultur, Volks- und Berufsbildung, Hilfe f\u00fcr politisch, rassisch oder religi\u00f6s Verfolgte, Fl\u00fcchtlinge und Vertriebene. Es wird best\u00e4tigt, dass die Zuwendung nur zur F\u00f6rderung der Jugendhilfe, Kunst und Kultur, Volks- und Berufsbildung und Hilfe f\u00fcr politisch, rassisch oder religi\u00f6s Verfolgte, Fl\u00fcchtlinge und Vertriebene verwendet wird. Es handelt sich nicht um den Verzicht auf Erstattung von Aufwendungen. Bis zu einer Zuwendungsh\u00f6he von EUR 300,- gilt diese Quittung zusammen mit dem Bankauszug als Nachweis f\u00fcr den Abzug von Zuwendungen (Spenden).  <\/p>\n<\/div>\n","protected":false},"excerpt":{"rendered":"<p>Das Projekt HANGARMUSIK ist ohne Unterst\u00fctzung vieler Spender nicht m\u00f6glich. Sie sind das Fundament f\u00fcr diese Initiative. Ihre Spende gibt dem Team die Motivation, aus einer Vision Alltag werden zu lassen. Spenden f\u00fcr HANGARMUSIK sind steuerabzugsf\u00e4hig, und werden von der als gemeinn\u00fctzig anerkannten Seahorse GmbH verwaltet, die seit 2007 beim Amtsgericht Charlottenburg unter der Nummer [&hellip;]<\/p>\n","protected":false},"author":2,"featured_media":0,"parent":0,"menu_order":0,"comment_status":"closed","ping_status":"closed","template":"","meta":{"footnotes":""},"class_list":["post-45","page","type-page","status-publish","hentry"],"yoast_head":"<!-- This site is optimized with the Yoast SEO plugin v27.3 - https:\/\/yoast.com\/product\/yoast-seo-wordpress\/ -->\n<title>Spenden - HANGARMUSIK<\/title>\n<meta name=\"robots\" content=\"index, follow, max-snippet:-1, max-image-preview:large, max-video-preview:-1\" \/>\n<link rel=\"canonical\" href=\"https:\/\/hangarmusik.de\/de\/spenden\/\" \/>\n<meta property=\"og:locale\" content=\"de_DE\" \/>\n<meta property=\"og:type\" content=\"article\" \/>\n<meta property=\"og:title\" content=\"Spenden - HANGARMUSIK\" \/>\n<meta property=\"og:description\" content=\"Das Projekt HANGARMUSIK ist ohne Unterst\u00fctzung vieler Spender nicht m\u00f6glich. Sie sind das Fundament f\u00fcr diese Initiative. Ihre Spende gibt dem Team die Motivation, aus einer Vision Alltag werden zu lassen. Spenden f\u00fcr HANGARMUSIK sind steuerabzugsf\u00e4hig, und werden von der als gemeinn\u00fctzig anerkannten Seahorse GmbH verwaltet, die seit 2007 beim Amtsgericht Charlottenburg unter der Nummer [&hellip;]\" \/>\n<meta property=\"og:url\" content=\"https:\/\/hangarmusik.de\/de\/spenden\/\" \/>\n<meta property=\"og:site_name\" content=\"HANGARMUSIK\" \/>\n<meta property=\"article:modified_time\" content=\"2025-08-27T08:54:29+00:00\" \/>\n<meta property=\"og:image\" content=\"https:\/\/hangarmusik.de\/wp-content\/uploads\/2025\/08\/HANGARMUSIK-QR-Code.png\" \/>\n\t<meta property=\"og:image:width\" content=\"256\" \/>\n\t<meta property=\"og:image:height\" content=\"256\" \/>\n\t<meta property=\"og:image:type\" content=\"image\/png\" \/>\n<meta name=\"twitter:card\" content=\"summary_large_image\" \/>\n<meta name=\"twitter:label1\" content=\"Gesch\u00e4tzte Lesezeit\" \/>\n\t<meta name=\"twitter:data1\" content=\"2\u00a0Minuten\" \/>\n<script type=\"application\/ld+json\" class=\"yoast-schema-graph\">{\"@context\":\"https:\\\/\\\/schema.org\",\"@graph\":[{\"@type\":\"WebPage\",\"@id\":\"https:\\\/\\\/hangarmusik.de\\\/spenden\\\/\",\"url\":\"https:\\\/\\\/hangarmusik.de\\\/spenden\\\/\",\"name\":\"Spenden - HANGARMUSIK\",\"isPartOf\":{\"@id\":\"https:\\\/\\\/hangarmusik.de\\\/#website\"},\"primaryImageOfPage\":{\"@id\":\"https:\\\/\\\/hangarmusik.de\\\/spenden\\\/#primaryimage\"},\"image\":{\"@id\":\"https:\\\/\\\/hangarmusik.de\\\/spenden\\\/#primaryimage\"},\"thumbnailUrl\":\"https:\\\/\\\/hangarmusik.de\\\/wp-content\\\/uploads\\\/2025\\\/08\\\/HANGARMUSIK-QR-Code.png\",\"datePublished\":\"2023-07-02T07:15:14+00:00\",\"dateModified\":\"2025-08-27T08:54:29+00:00\",\"breadcrumb\":{\"@id\":\"https:\\\/\\\/hangarmusik.de\\\/spenden\\\/#breadcrumb\"},\"inLanguage\":\"de\",\"potentialAction\":[{\"@type\":\"ReadAction\",\"target\":[\"https:\\\/\\\/hangarmusik.de\\\/spenden\\\/\"]}]},{\"@type\":\"ImageObject\",\"inLanguage\":\"de\",\"@id\":\"https:\\\/\\\/hangarmusik.de\\\/spenden\\\/#primaryimage\",\"url\":\"https:\\\/\\\/hangarmusik.de\\\/wp-content\\\/uploads\\\/2025\\\/08\\\/HANGARMUSIK-QR-Code.png\",\"contentUrl\":\"https:\\\/\\\/hangarmusik.de\\\/wp-content\\\/uploads\\\/2025\\\/08\\\/HANGARMUSIK-QR-Code.png\"},{\"@type\":\"BreadcrumbList\",\"@id\":\"https:\\\/\\\/hangarmusik.de\\\/spenden\\\/#breadcrumb\",\"itemListElement\":[{\"@type\":\"ListItem\",\"position\":1,\"name\":\"Startseite\",\"item\":\"https:\\\/\\\/hangarmusik.de\\\/\"},{\"@type\":\"ListItem\",\"position\":2,\"name\":\"Spenden\"}]},{\"@type\":\"WebSite\",\"@id\":\"https:\\\/\\\/hangarmusik.de\\\/#website\",\"url\":\"https:\\\/\\\/hangarmusik.de\\\/\",\"name\":\"HANGARMUSIK\",\"description\":\"Soziale Integration durch Orchestermusik\",\"publisher\":{\"@id\":\"https:\\\/\\\/hangarmusik.de\\\/#organization\"},\"alternateName\":\"Hangarmusik\",\"potentialAction\":[{\"@type\":\"SearchAction\",\"target\":{\"@type\":\"EntryPoint\",\"urlTemplate\":\"https:\\\/\\\/hangarmusik.de\\\/?s={search_term_string}\"},\"query-input\":{\"@type\":\"PropertyValueSpecification\",\"valueRequired\":true,\"valueName\":\"search_term_string\"}}],\"inLanguage\":\"de\"},{\"@type\":\"Organization\",\"@id\":\"https:\\\/\\\/hangarmusik.de\\\/#organization\",\"name\":\"HANGARMUSIK\",\"url\":\"https:\\\/\\\/hangarmusik.de\\\/\",\"logo\":{\"@type\":\"ImageObject\",\"inLanguage\":\"de\",\"@id\":\"https:\\\/\\\/hangarmusik.de\\\/#\\\/schema\\\/logo\\\/image\\\/\",\"url\":\"https:\\\/\\\/hangarmusik.de\\\/wp-content\\\/uploads\\\/2023\\\/07\\\/Hangarmusik_Logo-scaled.jpg\",\"contentUrl\":\"https:\\\/\\\/hangarmusik.de\\\/wp-content\\\/uploads\\\/2023\\\/07\\\/Hangarmusik_Logo-scaled.jpg\",\"width\":2560,\"height\":1280,\"caption\":\"HANGARMUSIK\"},\"image\":{\"@id\":\"https:\\\/\\\/hangarmusik.de\\\/#\\\/schema\\\/logo\\\/image\\\/\"},\"sameAs\":[\"https:\\\/\\\/www.instagram.com\\\/hangarmusik\\\/\"]}]}<\/script>\n<!-- \/ Yoast SEO plugin. -->","yoast_head_json":{"title":"Spenden - HANGARMUSIK","robots":{"index":"index","follow":"follow","max-snippet":"max-snippet:-1","max-image-preview":"max-image-preview:large","max-video-preview":"max-video-preview:-1"},"canonical":"https:\/\/hangarmusik.de\/de\/spenden\/","og_locale":"de_DE","og_type":"article","og_title":"Spenden - HANGARMUSIK","og_description":"Das Projekt HANGARMUSIK ist ohne Unterst\u00fctzung vieler Spender nicht m\u00f6glich. Sie sind das Fundament f\u00fcr diese Initiative. Ihre Spende gibt dem Team die Motivation, aus einer Vision Alltag werden zu lassen. Spenden f\u00fcr HANGARMUSIK sind steuerabzugsf\u00e4hig, und werden von der als gemeinn\u00fctzig anerkannten Seahorse GmbH verwaltet, die seit 2007 beim Amtsgericht Charlottenburg unter der Nummer [&hellip;]","og_url":"https:\/\/hangarmusik.de\/de\/spenden\/","og_site_name":"HANGARMUSIK","article_modified_time":"2025-08-27T08:54:29+00:00","og_image":[{"width":256,"height":256,"url":"https:\/\/hangarmusik.de\/wp-content\/uploads\/2025\/08\/HANGARMUSIK-QR-Code.png","type":"image\/png"}],"twitter_card":"summary_large_image","twitter_misc":{"Gesch\u00e4tzte Lesezeit":"2\u00a0Minuten"},"schema":{"@context":"https:\/\/schema.org","@graph":[{"@type":"WebPage","@id":"https:\/\/hangarmusik.de\/spenden\/","url":"https:\/\/hangarmusik.de\/spenden\/","name":"Spenden - HANGARMUSIK","isPartOf":{"@id":"https:\/\/hangarmusik.de\/#website"},"primaryImageOfPage":{"@id":"https:\/\/hangarmusik.de\/spenden\/#primaryimage"},"image":{"@id":"https:\/\/hangarmusik.de\/spenden\/#primaryimage"},"thumbnailUrl":"https:\/\/hangarmusik.de\/wp-content\/uploads\/2025\/08\/HANGARMUSIK-QR-Code.png","datePublished":"2023-07-02T07:15:14+00:00","dateModified":"2025-08-27T08:54:29+00:00","breadcrumb":{"@id":"https:\/\/hangarmusik.de\/spenden\/#breadcrumb"},"inLanguage":"de","potentialAction":[{"@type":"ReadAction","target":["https:\/\/hangarmusik.de\/spenden\/"]}]},{"@type":"ImageObject","inLanguage":"de","@id":"https:\/\/hangarmusik.de\/spenden\/#primaryimage","url":"https:\/\/hangarmusik.de\/wp-content\/uploads\/2025\/08\/HANGARMUSIK-QR-Code.png","contentUrl":"https:\/\/hangarmusik.de\/wp-content\/uploads\/2025\/08\/HANGARMUSIK-QR-Code.png"},{"@type":"BreadcrumbList","@id":"https:\/\/hangarmusik.de\/spenden\/#breadcrumb","itemListElement":[{"@type":"ListItem","position":1,"name":"Startseite","item":"https:\/\/hangarmusik.de\/"},{"@type":"ListItem","position":2,"name":"Spenden"}]},{"@type":"WebSite","@id":"https:\/\/hangarmusik.de\/#website","url":"https:\/\/hangarmusik.de\/","name":"HANGARMUSIK","description":"Soziale Integration durch Orchestermusik","publisher":{"@id":"https:\/\/hangarmusik.de\/#organization"},"alternateName":"Hangarmusik","potentialAction":[{"@type":"SearchAction","target":{"@type":"EntryPoint","urlTemplate":"https:\/\/hangarmusik.de\/?s={search_term_string}"},"query-input":{"@type":"PropertyValueSpecification","valueRequired":true,"valueName":"search_term_string"}}],"inLanguage":"de"},{"@type":"Organization","@id":"https:\/\/hangarmusik.de\/#organization","name":"HANGARMUSIK","url":"https:\/\/hangarmusik.de\/","logo":{"@type":"ImageObject","inLanguage":"de","@id":"https:\/\/hangarmusik.de\/#\/schema\/logo\/image\/","url":"https:\/\/hangarmusik.de\/wp-content\/uploads\/2023\/07\/Hangarmusik_Logo-scaled.jpg","contentUrl":"https:\/\/hangarmusik.de\/wp-content\/uploads\/2023\/07\/Hangarmusik_Logo-scaled.jpg","width":2560,"height":1280,"caption":"HANGARMUSIK"},"image":{"@id":"https:\/\/hangarmusik.de\/#\/schema\/logo\/image\/"},"sameAs":["https:\/\/www.instagram.com\/hangarmusik\/"]}]}},"_links":{"self":[{"href":"https:\/\/hangarmusik.de\/de\/wp-json\/wp\/v2\/pages\/45","targetHints":{"allow":["GET"]}}],"collection":[{"href":"https:\/\/hangarmusik.de\/de\/wp-json\/wp\/v2\/pages"}],"about":[{"href":"https:\/\/hangarmusik.de\/de\/wp-json\/wp\/v2\/types\/page"}],"author":[{"embeddable":true,"href":"https:\/\/hangarmusik.de\/de\/wp-json\/wp\/v2\/users\/2"}],"replies":[{"embeddable":true,"href":"https:\/\/hangarmusik.de\/de\/wp-json\/wp\/v2\/comments?post=45"}],"version-history":[{"count":149,"href":"https:\/\/hangarmusik.de\/de\/wp-json\/wp\/v2\/pages\/45\/revisions"}],"predecessor-version":[{"id":4735,"href":"https:\/\/hangarmusik.de\/de\/wp-json\/wp\/v2\/pages\/45\/revisions\/4735"}],"wp:attachment":[{"href":"https:\/\/hangarmusik.de\/de\/wp-json\/wp\/v2\/media?parent=45"}],"curies":[{"name":"wp","href":"https:\/\/api.w.org\/{rel}","templated":true}]}}