{"id":3777,"date":"2025-07-18T09:32:29","date_gmt":"2025-07-18T07:32:29","guid":{"rendered":"https:\/\/hangarmusik-cm1aat3bjj.live-website.com\/?page_id=3777"},"modified":"2025-11-08T16:36:39","modified_gmt":"2025-11-08T15:36:39","slug":"startseite","status":"publish","type":"page","link":"https:\/\/hangarmusik.de\/de\/","title":{"rendered":"Startseite"},"content":{"rendered":"\n<div class=\"wp-block-cover alignfull has-parallax has-small-font-size\" style=\"margin-top:0;margin-bottom:0;padding-top:0;padding-right:0;padding-bottom:0;padding-left:0;min-height:442px;aspect-ratio:unset;\"><div class=\"wp-block-cover__image-background wp-image-2788 has-parallax\" style=\"background-position:50% 50%;background-image:url(https:\/\/hangarmusik.de\/wp-content\/uploads\/2025\/04\/2016-hangarmusik-aknapp-3994-2.jpg)\"><\/div><span aria-hidden=\"true\" class=\"wp-block-cover__background has-background-dim-0 has-background-dim\" style=\"background-color:#664642\"><\/span><div class=\"wp-block-cover__inner-container is-layout-flow wp-container-core-cover-is-layout-1eefb4aa wp-block-cover-is-layout-flow\">\n<p class=\"has-text-align-center\" style=\"font-size:clamp(2.629rem, 2.629rem + ((1vw - 0.2rem) * 4.311), 5rem);\">HANGARMUSIK<\/p>\n\n\n\n<p class=\"has-text-align-center has-x-large-font-size\">Soziale Integration durch Orchestermusik<\/p>\n<\/div><\/div>\n\n\n\n<div class=\"wp-block-group has-global-padding is-layout-constrained wp-container-core-group-is-layout-3f2af813 wp-block-group-is-layout-constrained\" style=\"margin-bottom:0;padding-top:var(--wp--preset--spacing--30);padding-right:var(--wp--preset--spacing--30);padding-bottom:0px;padding-left:var(--wp--preset--spacing--30)\">\n<p class=\"has-text-align-center\"><sup>&#8220;Orchester. Eine Klangwundermaschine aus Menschen&#8221; (Nikolaus Harnoncourt)<\/sup><\/p>\n\n\n\n<div class=\"wp-block-group has-global-padding is-layout-constrained wp-container-core-group-is-layout-3e8d3b36 wp-block-group-is-layout-constrained\" style=\"margin-bottom:var(--wp--preset--spacing--50);padding-right:var(--wp--preset--spacing--60);padding-left:var(--wp--preset--spacing--60)\">\n<div class=\"wp-block-group has-global-padding is-layout-constrained wp-container-core-group-is-layout-54f6e021 wp-block-group-is-layout-constrained\" style=\"margin-top:var(--wp--preset--spacing--40);padding-right:0;padding-left:0\">\n<p class=\"has-text-align-left\" style=\"font-size:clamp(1.25rem, 1.25rem + ((1vw - 0.2rem) * 1.364), 2rem);\"><strong>Schwierige Zeiten werden durch Musik leichter.<\/strong><\/p>\n\n\n\n<p class=\"has-text-align-left\" style=\"font-size:clamp(1.25rem, 1.25rem + ((1vw - 0.2rem) * 1.364), 2rem);\"><strong>Sehr schwierige Zeiten brauchen viel Musik!<\/strong><\/p>\n<\/div>\n\n\n\n<p class=\"has-text-align-left\" style=\"font-size:clamp(0.984rem, 0.984rem + ((1vw - 0.2rem) * 0.938), 1.5rem);\">HANGARMUSIK wurde 2016 von Leila Weber und Andreas Knapp in den Hangars des ehemaligen Flughafens Tempelhof Berlin gegr\u00fcndet. Kinder und Jugendliche aus verschiedenen L\u00e4ndern und Kulturen lernen ohne musikalische Vorkenntnisse das Musizieren klassischer Orchestermusik. In gemeinsamen Proben werden alle daf\u00fcr notwendigen F\u00e4higkeiten erlernt. Das Projekt f\u00f6rdert nicht nur kulturelle Bildung, sondern st\u00e4rkt auch soziale Kompetenzen und innere Stabilit\u00e4t. Im Jahr 2021 war HANGARMUSIK zus\u00e4tzlich neun Monate lang im EU-Hotspot-Fl\u00fcchtlingscamp Vial auf der griechischen Insel Chios aktiv. HANGARMUSIK ist ein gesellschaftliches Integrationsprojekt, in das auch Berliner Kinder und Jugendliche eingebunden sind. 2022 wurden die Gr\u00fcnder von Bundespr\u00e4sident Frank-Walter Steinmeier mit dem Verdienstorden der Bundesrepublik Deutschland am Bande ausgezeichnet &#8220;f\u00fcr ihre k\u00fcnstlerische Arbeit, ihr humanistisches Engagement und ihre F\u00e4higkeit, Br\u00fccken zu bauen.&#8221;<\/p>\n<\/div>\n\n\n\n<div class=\"wp-block-group has-global-padding is-layout-constrained wp-container-core-group-is-layout-bb8c9475 wp-block-group-is-layout-constrained\" style=\"margin-top:var(--wp--preset--spacing--40);margin-bottom:var(--wp--preset--spacing--50);padding-right:var(--wp--preset--spacing--50);padding-left:var(--wp--preset--spacing--50)\">\n<p class=\"has-text-align-center\" style=\"font-size:clamp(0.984rem, 0.984rem + ((1vw - 0.2rem) * 0.938), 1.5rem);\">HANGARMUSIK finanziert sich durch Spenden. <br><br>\u2028Sie k\u00f6nnen HANGARMUSIK mit einer Spende an die als gemeinn\u00fctzig anerkannte Seahorse GmbH unterst\u00fctzen:<br><br>Seahorse GmbH<br>HypoVereinsbank<br><strong>IBAN: DE96 1002 0890 0610 1006 86<\/strong> <br>BIC: HYVEDEMM488<br>Betreff: <strong>Spende HANGARMUSIK<\/strong><\/p>\n<\/div>\n<\/div>\n\n\n\n<figure class=\"wp-block-image aligncenter size-full is-resized\"><img loading=\"lazy\" decoding=\"async\" width=\"256\" height=\"256\" src=\"https:\/\/hangarmusik.de\/wp-content\/uploads\/2025\/08\/HANGARMUSIK-QR-Code-1.png\" alt=\"\" class=\"wp-image-4711\" style=\"width:154px;height:auto\" srcset=\"https:\/\/hangarmusik.de\/wp-content\/uploads\/2025\/08\/HANGARMUSIK-QR-Code-1.png 256w, https:\/\/hangarmusik.de\/wp-content\/uploads\/2025\/08\/HANGARMUSIK-QR-Code-1-150x150.png 150w\" sizes=\"auto, (max-width: 256px) 100vw, 256px\" \/><figcaption class=\"wp-element-caption\"><a href=\"https:\/\/www.paypal.com\/donate\/?hosted_button_id=X9EWEBWRXU8QG&amp;source=qr\"><code>Spenden via paypal<\/code><\/a><\/figcaption><\/figure>\n\n\n\n<p><\/p>\n","protected":false},"excerpt":{"rendered":"<p>&#8220;Orchester. Eine Klangwundermaschine aus Menschen&#8221; (Nikolaus Harnoncourt) Schwierige Zeiten werden durch Musik leichter. Sehr schwierige Zeiten brauchen viel Musik! HANGARMUSIK wurde 2016 von Leila Weber und Andreas Knapp in den Hangars des ehemaligen Flughafens Tempelhof Berlin gegr\u00fcndet. Kinder und Jugendliche aus verschiedenen L\u00e4ndern und Kulturen lernen ohne musikalische Vorkenntnisse das Musizieren klassischer Orchestermusik. In gemeinsamen [&hellip;]<\/p>\n","protected":false},"author":2,"featured_media":2788,"parent":0,"menu_order":0,"comment_status":"closed","ping_status":"closed","template":"","meta":{"footnotes":""},"class_list":["post-3777","page","type-page","status-publish","has-post-thumbnail","hentry"],"yoast_head":"<!-- This site is optimized with the Yoast SEO plugin v27.3 - https:\/\/yoast.com\/product\/yoast-seo-wordpress\/ -->\n<title>Startseite - HANGARMUSIK<\/title>\n<meta name=\"robots\" content=\"index, follow, max-snippet:-1, max-image-preview:large, max-video-preview:-1\" \/>\n<link rel=\"canonical\" href=\"https:\/\/hangarmusik.de\/de\/\" \/>\n<meta property=\"og:locale\" content=\"de_DE\" \/>\n<meta property=\"og:type\" content=\"article\" \/>\n<meta property=\"og:title\" content=\"Startseite - HANGARMUSIK\" \/>\n<meta property=\"og:description\" content=\"&#8220;Orchester. Eine Klangwundermaschine aus Menschen&#8221; (Nikolaus Harnoncourt) Schwierige Zeiten werden durch Musik leichter. Sehr schwierige Zeiten brauchen viel Musik! HANGARMUSIK wurde 2016 von Leila Weber und Andreas Knapp in den Hangars des ehemaligen Flughafens Tempelhof Berlin gegr\u00fcndet. Kinder und Jugendliche aus verschiedenen L\u00e4ndern und Kulturen lernen ohne musikalische Vorkenntnisse das Musizieren klassischer Orchestermusik. In gemeinsamen [&hellip;]\" \/>\n<meta property=\"og:url\" content=\"https:\/\/hangarmusik.de\/de\/\" \/>\n<meta property=\"og:site_name\" content=\"HANGARMUSIK\" \/>\n<meta property=\"article:modified_time\" content=\"2025-11-08T15:36:39+00:00\" \/>\n<meta property=\"og:image\" content=\"https:\/\/hangarmusik.de\/wp-content\/uploads\/2025\/04\/2016-hangarmusik-aknapp-3994-2.jpg\" \/>\n\t<meta property=\"og:image:width\" content=\"1181\" \/>\n\t<meta property=\"og:image:height\" content=\"787\" \/>\n\t<meta property=\"og:image:type\" content=\"image\/jpeg\" \/>\n<meta name=\"twitter:card\" content=\"summary_large_image\" \/>\n<meta name=\"twitter:label1\" content=\"Gesch\u00e4tzte Lesezeit\" \/>\n\t<meta name=\"twitter:data1\" content=\"1\u00a0Minute\" \/>\n<script type=\"application\/ld+json\" class=\"yoast-schema-graph\">{\"@context\":\"https:\\\/\\\/schema.org\",\"@graph\":[{\"@type\":\"WebPage\",\"@id\":\"https:\\\/\\\/hangarmusik.de\\\/\",\"url\":\"https:\\\/\\\/hangarmusik.de\\\/\",\"name\":\"Startseite - HANGARMUSIK\",\"isPartOf\":{\"@id\":\"https:\\\/\\\/hangarmusik.de\\\/#website\"},\"primaryImageOfPage\":{\"@id\":\"https:\\\/\\\/hangarmusik.de\\\/#primaryimage\"},\"image\":{\"@id\":\"https:\\\/\\\/hangarmusik.de\\\/#primaryimage\"},\"thumbnailUrl\":\"https:\\\/\\\/hangarmusik.de\\\/wp-content\\\/uploads\\\/2025\\\/04\\\/2016-hangarmusik-aknapp-3994-2.jpg\",\"datePublished\":\"2025-07-18T07:32:29+00:00\",\"dateModified\":\"2025-11-08T15:36:39+00:00\",\"breadcrumb\":{\"@id\":\"https:\\\/\\\/hangarmusik.de\\\/#breadcrumb\"},\"inLanguage\":\"de\",\"potentialAction\":[{\"@type\":\"ReadAction\",\"target\":[\"https:\\\/\\\/hangarmusik.de\\\/\"]}]},{\"@type\":\"ImageObject\",\"inLanguage\":\"de\",\"@id\":\"https:\\\/\\\/hangarmusik.de\\\/#primaryimage\",\"url\":\"https:\\\/\\\/hangarmusik.de\\\/wp-content\\\/uploads\\\/2025\\\/04\\\/2016-hangarmusik-aknapp-3994-2.jpg\",\"contentUrl\":\"https:\\\/\\\/hangarmusik.de\\\/wp-content\\\/uploads\\\/2025\\\/04\\\/2016-hangarmusik-aknapp-3994-2.jpg\",\"width\":1181,\"height\":787,\"caption\":\"www.hangarmusik.de\"},{\"@type\":\"BreadcrumbList\",\"@id\":\"https:\\\/\\\/hangarmusik.de\\\/#breadcrumb\",\"itemListElement\":[{\"@type\":\"ListItem\",\"position\":1,\"name\":\"Startseite\",\"item\":\"https:\\\/\\\/hangarmusik.de\\\/\"},{\"@type\":\"ListItem\",\"position\":2,\"name\":\"Startseite\"}]},{\"@type\":\"WebSite\",\"@id\":\"https:\\\/\\\/hangarmusik.de\\\/#website\",\"url\":\"https:\\\/\\\/hangarmusik.de\\\/\",\"name\":\"HANGARMUSIK\",\"description\":\"Soziale Integration durch Orchestermusik\",\"publisher\":{\"@id\":\"https:\\\/\\\/hangarmusik.de\\\/#organization\"},\"alternateName\":\"Hangarmusik\",\"potentialAction\":[{\"@type\":\"SearchAction\",\"target\":{\"@type\":\"EntryPoint\",\"urlTemplate\":\"https:\\\/\\\/hangarmusik.de\\\/?s={search_term_string}\"},\"query-input\":{\"@type\":\"PropertyValueSpecification\",\"valueRequired\":true,\"valueName\":\"search_term_string\"}}],\"inLanguage\":\"de\"},{\"@type\":\"Organization\",\"@id\":\"https:\\\/\\\/hangarmusik.de\\\/#organization\",\"name\":\"HANGARMUSIK\",\"url\":\"https:\\\/\\\/hangarmusik.de\\\/\",\"logo\":{\"@type\":\"ImageObject\",\"inLanguage\":\"de\",\"@id\":\"https:\\\/\\\/hangarmusik.de\\\/#\\\/schema\\\/logo\\\/image\\\/\",\"url\":\"https:\\\/\\\/hangarmusik.de\\\/wp-content\\\/uploads\\\/2023\\\/07\\\/Hangarmusik_Logo-scaled.jpg\",\"contentUrl\":\"https:\\\/\\\/hangarmusik.de\\\/wp-content\\\/uploads\\\/2023\\\/07\\\/Hangarmusik_Logo-scaled.jpg\",\"width\":2560,\"height\":1280,\"caption\":\"HANGARMUSIK\"},\"image\":{\"@id\":\"https:\\\/\\\/hangarmusik.de\\\/#\\\/schema\\\/logo\\\/image\\\/\"},\"sameAs\":[\"https:\\\/\\\/www.instagram.com\\\/hangarmusik\\\/\"]}]}<\/script>\n<!-- \/ Yoast SEO plugin. -->","yoast_head_json":{"title":"Startseite - HANGARMUSIK","robots":{"index":"index","follow":"follow","max-snippet":"max-snippet:-1","max-image-preview":"max-image-preview:large","max-video-preview":"max-video-preview:-1"},"canonical":"https:\/\/hangarmusik.de\/de\/","og_locale":"de_DE","og_type":"article","og_title":"Startseite - HANGARMUSIK","og_description":"&#8220;Orchester. Eine Klangwundermaschine aus Menschen&#8221; (Nikolaus Harnoncourt) Schwierige Zeiten werden durch Musik leichter. Sehr schwierige Zeiten brauchen viel Musik! HANGARMUSIK wurde 2016 von Leila Weber und Andreas Knapp in den Hangars des ehemaligen Flughafens Tempelhof Berlin gegr\u00fcndet. Kinder und Jugendliche aus verschiedenen L\u00e4ndern und Kulturen lernen ohne musikalische Vorkenntnisse das Musizieren klassischer Orchestermusik. In gemeinsamen [&hellip;]","og_url":"https:\/\/hangarmusik.de\/de\/","og_site_name":"HANGARMUSIK","article_modified_time":"2025-11-08T15:36:39+00:00","og_image":[{"width":1181,"height":787,"url":"https:\/\/hangarmusik.de\/wp-content\/uploads\/2025\/04\/2016-hangarmusik-aknapp-3994-2.jpg","type":"image\/jpeg"}],"twitter_card":"summary_large_image","twitter_misc":{"Gesch\u00e4tzte Lesezeit":"1\u00a0Minute"},"schema":{"@context":"https:\/\/schema.org","@graph":[{"@type":"WebPage","@id":"https:\/\/hangarmusik.de\/","url":"https:\/\/hangarmusik.de\/","name":"Startseite - HANGARMUSIK","isPartOf":{"@id":"https:\/\/hangarmusik.de\/#website"},"primaryImageOfPage":{"@id":"https:\/\/hangarmusik.de\/#primaryimage"},"image":{"@id":"https:\/\/hangarmusik.de\/#primaryimage"},"thumbnailUrl":"https:\/\/hangarmusik.de\/wp-content\/uploads\/2025\/04\/2016-hangarmusik-aknapp-3994-2.jpg","datePublished":"2025-07-18T07:32:29+00:00","dateModified":"2025-11-08T15:36:39+00:00","breadcrumb":{"@id":"https:\/\/hangarmusik.de\/#breadcrumb"},"inLanguage":"de","potentialAction":[{"@type":"ReadAction","target":["https:\/\/hangarmusik.de\/"]}]},{"@type":"ImageObject","inLanguage":"de","@id":"https:\/\/hangarmusik.de\/#primaryimage","url":"https:\/\/hangarmusik.de\/wp-content\/uploads\/2025\/04\/2016-hangarmusik-aknapp-3994-2.jpg","contentUrl":"https:\/\/hangarmusik.de\/wp-content\/uploads\/2025\/04\/2016-hangarmusik-aknapp-3994-2.jpg","width":1181,"height":787,"caption":"www.hangarmusik.de"},{"@type":"BreadcrumbList","@id":"https:\/\/hangarmusik.de\/#breadcrumb","itemListElement":[{"@type":"ListItem","position":1,"name":"Startseite","item":"https:\/\/hangarmusik.de\/"},{"@type":"ListItem","position":2,"name":"Startseite"}]},{"@type":"WebSite","@id":"https:\/\/hangarmusik.de\/#website","url":"https:\/\/hangarmusik.de\/","name":"HANGARMUSIK","description":"Soziale Integration durch Orchestermusik","publisher":{"@id":"https:\/\/hangarmusik.de\/#organization"},"alternateName":"Hangarmusik","potentialAction":[{"@type":"SearchAction","target":{"@type":"EntryPoint","urlTemplate":"https:\/\/hangarmusik.de\/?s={search_term_string}"},"query-input":{"@type":"PropertyValueSpecification","valueRequired":true,"valueName":"search_term_string"}}],"inLanguage":"de"},{"@type":"Organization","@id":"https:\/\/hangarmusik.de\/#organization","name":"HANGARMUSIK","url":"https:\/\/hangarmusik.de\/","logo":{"@type":"ImageObject","inLanguage":"de","@id":"https:\/\/hangarmusik.de\/#\/schema\/logo\/image\/","url":"https:\/\/hangarmusik.de\/wp-content\/uploads\/2023\/07\/Hangarmusik_Logo-scaled.jpg","contentUrl":"https:\/\/hangarmusik.de\/wp-content\/uploads\/2023\/07\/Hangarmusik_Logo-scaled.jpg","width":2560,"height":1280,"caption":"HANGARMUSIK"},"image":{"@id":"https:\/\/hangarmusik.de\/#\/schema\/logo\/image\/"},"sameAs":["https:\/\/www.instagram.com\/hangarmusik\/"]}]}},"_links":{"self":[{"href":"https:\/\/hangarmusik.de\/de\/wp-json\/wp\/v2\/pages\/3777","targetHints":{"allow":["GET"]}}],"collection":[{"href":"https:\/\/hangarmusik.de\/de\/wp-json\/wp\/v2\/pages"}],"about":[{"href":"https:\/\/hangarmusik.de\/de\/wp-json\/wp\/v2\/types\/page"}],"author":[{"embeddable":true,"href":"https:\/\/hangarmusik.de\/de\/wp-json\/wp\/v2\/users\/2"}],"replies":[{"embeddable":true,"href":"https:\/\/hangarmusik.de\/de\/wp-json\/wp\/v2\/comments?post=3777"}],"version-history":[{"count":39,"href":"https:\/\/hangarmusik.de\/de\/wp-json\/wp\/v2\/pages\/3777\/revisions"}],"predecessor-version":[{"id":4838,"href":"https:\/\/hangarmusik.de\/de\/wp-json\/wp\/v2\/pages\/3777\/revisions\/4838"}],"wp:featuredmedia":[{"embeddable":true,"href":"https:\/\/hangarmusik.de\/de\/wp-json\/wp\/v2\/media\/2788"}],"wp:attachment":[{"href":"https:\/\/hangarmusik.de\/de\/wp-json\/wp\/v2\/media?parent=3777"}],"curies":[{"name":"wp","href":"https:\/\/api.w.org\/{rel}","templated":true}]}}