{"id":3478,"date":"2025-07-07T16:52:25","date_gmt":"2025-07-07T14:52:25","guid":{"rendered":"https:\/\/hangarmusik-cm1aat3bjj.live-website.com\/?page_id=3478"},"modified":"2025-08-02T13:08:55","modified_gmt":"2025-08-02T11:08:55","slug":"workshops","status":"publish","type":"page","link":"https:\/\/hangarmusik.de\/de\/workshops\/","title":{"rendered":"Workshops"},"content":{"rendered":"\n<div class=\"wp-block-cover alignfull has-parallax\" style=\"min-height:400px;aspect-ratio:unset;\"><div class=\"wp-block-cover__image-background wp-image-2812 size-full has-parallax\" style=\"background-position:50% 50%;background-image:url(https:\/\/hangarmusik.de\/wp-content\/uploads\/2025\/04\/Hangarmusik\u00a9AKnapp-8033.jpeg)\"><\/div><span aria-hidden=\"true\" class=\"wp-block-cover__background has-background-dim-0 has-background-dim\" style=\"background-color:#76716d\"><\/span><div class=\"wp-block-cover__inner-container has-global-padding is-layout-constrained wp-block-cover-is-layout-constrained\">\n<p class=\"has-text-align-center has-large-font-size\"><\/p>\n<\/div><\/div>\n\n\n<h2 style=\"margin-bottom:var(--wp--preset--spacing--50);\" class=\"has-text-align-center wp-block-post-title\">Workshops<\/h2>\n\n\n<div class=\"wp-block-group has-global-padding is-layout-constrained wp-container-core-group-is-layout-0f1330e2 wp-block-group-is-layout-constrained\" style=\"margin-top:var(--wp--preset--spacing--30);padding-right:var(--wp--preset--spacing--30);padding-left:var(--wp--preset--spacing--30)\">\n<div class=\"wp-block-query is-layout-flow wp-block-query-is-layout-flow\"><ul class=\"wp-block-post-template is-layout-flow wp-container-core-post-template-is-layout-c4582066 wp-block-post-template-is-layout-flow\"><li class=\"wp-block-post post-2898 post type-post status-publish format-standard hentry category-workshops tag-anselm-kiefer tag-fluechtlingsarbeit tag-hangarmusik tag-musik tag-orchestermusik\">\n<h2 style=\"font-size:clamp(0.929rem, 0.929rem + ((1vw - 0.2rem) * 0.856), 1.4rem);font-style:normal;font-weight:700; margin-top:0;margin-bottom:0;\" class=\"wp-block-post-title\"><a href=\"https:\/\/hangarmusik.de\/de\/hm-opus-2\/\" target=\"_self\" >HM opus 2<\/a><\/h2>\n\n<div style=\"padding-bottom:var(--wp--preset--spacing--30);margin-top:var(--wp--preset--spacing--30);\" class=\"has-text-align-left wp-block-post-date has-medium-font-size\"><time datetime=\"2025-03-15T17:37:02+01:00\">15. M\u00e4rz 2025<\/time><\/div>\n\n<div style=\"padding-top:0;padding-bottom:0;margin-top:0;margin-bottom:var(--wp--preset--spacing--30);margin-left:0;margin-right:0;\" class=\"has-text-align-left wp-block-post-excerpt has-medium-font-size\"><p class=\"wp-block-post-excerpt__excerpt\">Von Januar bis M\u00e4rz 2025 komponierten die Musikerinnen und Musiker von Hangarmusik gemeinsam HM Opus 2. Die dreiteilige Komposition ist Anselm Kiefer gewidmet und das klingende Echo eines unvergesslichen&hellip;<\/p><p class=\"wp-block-post-excerpt__more-text\"><a class=\"wp-block-post-excerpt__more-link\" href=\"https:\/\/hangarmusik.de\/de\/hm-opus-2\/\">Mehr<\/a><\/p><\/div>\n\n\n<hr class=\"wp-block-separator has-css-opacity is-style-wide\" style=\"margin-top:0;margin-bottom:0\"\/>\n\n<\/li><li class=\"wp-block-post post-2923 post type-post status-publish format-standard hentry category-workshops\">\n<h2 style=\"font-size:clamp(0.929rem, 0.929rem + ((1vw - 0.2rem) * 0.856), 1.4rem);font-style:normal;font-weight:700; margin-top:0;margin-bottom:0;\" class=\"wp-block-post-title\"><a href=\"https:\/\/hangarmusik.de\/de\/dirigierworkshop-mit-catherine-larsen-maquire\/\" target=\"_self\" >Dirigierworkshop mit Catherine Larsen-Maquire<\/a><\/h2>\n\n<div style=\"padding-bottom:var(--wp--preset--spacing--30);margin-top:var(--wp--preset--spacing--30);\" class=\"has-text-align-left wp-block-post-date has-medium-font-size\"><time datetime=\"2024-02-10T22:22:06+01:00\">10. Februar 2024<\/time><\/div>\n\n<div style=\"padding-top:0;padding-bottom:0;margin-top:0;margin-bottom:var(--wp--preset--spacing--30);margin-left:0;margin-right:0;\" class=\"has-text-align-left wp-block-post-excerpt has-medium-font-size\"><p class=\"wp-block-post-excerpt__excerpt\">Die Dirigentin Catherine Larsen-Maguire f\u00fchrte uns in die Kunst des Dirigierens ein. Gemeinsam mit ihr gingen wir grundlegenden Fragen nach: Wie funktioniert Dirigieren? Und warum ist es so entscheidend&hellip;<\/p><p class=\"wp-block-post-excerpt__more-text\"><a class=\"wp-block-post-excerpt__more-link\" href=\"https:\/\/hangarmusik.de\/de\/dirigierworkshop-mit-catherine-larsen-maquire\/\">Mehr<\/a><\/p><\/div>\n\n\n<hr class=\"wp-block-separator has-css-opacity is-style-wide\" style=\"margin-top:0;margin-bottom:0\"\/>\n\n<\/li><li class=\"wp-block-post post-3063 post type-post status-publish format-standard hentry category-workshops\">\n<h2 style=\"font-size:clamp(0.929rem, 0.929rem + ((1vw - 0.2rem) * 0.856), 1.4rem);font-style:normal;font-weight:700; margin-top:0;margin-bottom:0;\" class=\"wp-block-post-title\"><a href=\"https:\/\/hangarmusik.de\/de\/grosse-musik-mit-brigitte-taeubl-und-sarah-laengle\/\" target=\"_self\" >&#8220;Grosse Musik&#8221; mit Brigitte T\u00e4ubl und Sarah L\u00e4ngle<\/a><\/h2>\n\n<div style=\"padding-bottom:var(--wp--preset--spacing--30);margin-top:var(--wp--preset--spacing--30);\" class=\"has-text-align-left wp-block-post-date has-medium-font-size\"><time datetime=\"2023-12-02T23:50:04+01:00\">2. Dezember 2023<\/time><\/div>\n\n<div style=\"padding-top:0;padding-bottom:0;margin-top:0;margin-bottom:var(--wp--preset--spacing--30);margin-left:0;margin-right:0;\" class=\"has-text-align-left wp-block-post-excerpt has-medium-font-size\"><p class=\"wp-block-post-excerpt__excerpt\">In einem besonderen Workshop mit Brigitte T\u00e4ubl vom Freiburger Barockorchester tauchten wir erneut in die Welt der barocken Musik ein. Gemeinsam erarbeiteten wir \u201eLa Folia\u201c von Francesco Geminiani.Den Abschluss&hellip;<\/p><p class=\"wp-block-post-excerpt__more-text\"><a class=\"wp-block-post-excerpt__more-link\" href=\"https:\/\/hangarmusik.de\/de\/grosse-musik-mit-brigitte-taeubl-und-sarah-laengle\/\">Mehr<\/a><\/p><\/div>\n\n\n<hr class=\"wp-block-separator has-css-opacity is-style-wide\" style=\"margin-top:0;margin-bottom:0\"\/>\n\n<\/li><li class=\"wp-block-post post-1849 post type-post status-publish format-standard hentry category-workshops\">\n<h2 style=\"font-size:clamp(0.929rem, 0.929rem + ((1vw - 0.2rem) * 0.856), 1.4rem);font-style:normal;font-weight:700; margin-top:0;margin-bottom:0;\" class=\"wp-block-post-title\"><a href=\"https:\/\/hangarmusik.de\/de\/test\/\" target=\"_self\" >HANGARMUSIK komponiert!<\/a><\/h2>\n\n<div style=\"padding-bottom:var(--wp--preset--spacing--30);margin-top:var(--wp--preset--spacing--30);\" class=\"has-text-align-left wp-block-post-date has-medium-font-size\"><time datetime=\"2023-08-22T13:13:16+02:00\">22. August 2023<\/time><\/div>\n\n<div style=\"padding-top:0;padding-bottom:0;margin-top:0;margin-bottom:var(--wp--preset--spacing--30);margin-left:0;margin-right:0;\" class=\"has-text-align-left wp-block-post-excerpt has-medium-font-size\"><p class=\"wp-block-post-excerpt__excerpt\">HANGARMUSIK komponiert gemeinsam &#8220;HM opus 1&#8221; Wie funktionieren die Prozesse eigene musikalische Ideen zu kreieren und sie anschlie\u00dfend in eine Form zu bringen, um sie mit anderen gemeinsam zu&hellip;<\/p><p class=\"wp-block-post-excerpt__more-text\"><a class=\"wp-block-post-excerpt__more-link\" href=\"https:\/\/hangarmusik.de\/de\/test\/\">Mehr<\/a><\/p><\/div>\n\n\n<hr class=\"wp-block-separator has-css-opacity is-style-wide\" style=\"margin-top:0;margin-bottom:0\"\/>\n\n<\/li><li class=\"wp-block-post post-1006 post type-post status-publish format-standard hentry category-workshops\">\n<h2 style=\"font-size:clamp(0.929rem, 0.929rem + ((1vw - 0.2rem) * 0.856), 1.4rem);font-style:normal;font-weight:700; margin-top:0;margin-bottom:0;\" class=\"wp-block-post-title\"><a href=\"https:\/\/hangarmusik.de\/de\/freiburger-barock-zu-gast\/\" target=\"_self\" >Musiker des Freiburger Barockorchesters zu Gast<\/a><\/h2>\n\n<div style=\"padding-bottom:var(--wp--preset--spacing--30);margin-top:var(--wp--preset--spacing--30);\" class=\"has-text-align-left wp-block-post-date has-medium-font-size\"><time datetime=\"2019-07-16T15:49:24+02:00\">16. Juli 2019<\/time><\/div>\n\n<div style=\"padding-top:0;padding-bottom:0;margin-top:0;margin-bottom:var(--wp--preset--spacing--30);margin-left:0;margin-right:0;\" class=\"has-text-align-left wp-block-post-excerpt has-medium-font-size\"><p class=\"wp-block-post-excerpt__excerpt\">Im Dezember 2018 und M\u00e4rz 2019 hatten wir die gro\u00dfe Freude, zwei Besucher zu empfangen, die den Kindern besondere Merkmale der musikalischen Zeit von Bach und Mozart n\u00e4herbrachten:Gerd-Uwe Klein,&hellip;<\/p><p class=\"wp-block-post-excerpt__more-text\"><a class=\"wp-block-post-excerpt__more-link\" href=\"https:\/\/hangarmusik.de\/de\/freiburger-barock-zu-gast\/\">Mehr<\/a><\/p><\/div>\n\n\n<hr class=\"wp-block-separator has-css-opacity is-style-wide\" style=\"margin-top:0;margin-bottom:0\"\/>\n\n<\/li><li class=\"wp-block-post post-992 post type-post status-publish format-standard hentry category-workshops\">\n<h2 style=\"font-size:clamp(0.929rem, 0.929rem + ((1vw - 0.2rem) * 0.856), 1.4rem);font-style:normal;font-weight:700; margin-top:0;margin-bottom:0;\" class=\"wp-block-post-title\"><a href=\"https:\/\/hangarmusik.de\/de\/workshop-mit-dem-demos-orkestre-takajouer-aus-frankreich\/\" target=\"_self\" >Workshop mit dem D\u00e9mos Orkestre Takajouer aus Montb\u00e9liard, Frankreich<\/a><\/h2>\n\n<div style=\"padding-bottom:var(--wp--preset--spacing--30);margin-top:var(--wp--preset--spacing--30);\" class=\"has-text-align-left wp-block-post-date has-medium-font-size\"><time datetime=\"2018-11-16T15:30:59+01:00\">16. November 2018<\/time><\/div>\n\n<div style=\"padding-top:0;padding-bottom:0;margin-top:0;margin-bottom:var(--wp--preset--spacing--30);margin-left:0;margin-right:0;\" class=\"has-text-align-left wp-block-post-excerpt has-medium-font-size\"><p class=\"wp-block-post-excerpt__excerpt\">Vom 22. bis 26. Oktober 2018 war das \u201eOrkestre Takajouer\u201c aus Montb\u00e9liard zu Gast, um gemeinsam mit HANGARMUSIK zu musizieren.\u2028 Takajouer ist Teil des DEMOS-Projekts der Philharmonie de Paris.Erg\u00e4nzend&hellip;<\/p><p class=\"wp-block-post-excerpt__more-text\"><a class=\"wp-block-post-excerpt__more-link\" href=\"https:\/\/hangarmusik.de\/de\/workshop-mit-dem-demos-orkestre-takajouer-aus-frankreich\/\">Mehr<\/a><\/p><\/div>\n\n\n<hr class=\"wp-block-separator has-css-opacity is-style-wide\" style=\"margin-top:0;margin-bottom:0\"\/>\n\n<\/li><li class=\"wp-block-post post-3053 post type-post status-publish format-standard hentry category-workshops\">\n<h2 style=\"font-size:clamp(0.929rem, 0.929rem + ((1vw - 0.2rem) * 0.856), 1.4rem);font-style:normal;font-weight:700; margin-top:0;margin-bottom:0;\" class=\"wp-block-post-title\"><a href=\"https:\/\/hangarmusik.de\/de\/der-beginn-in-hangar-7\/\" target=\"_self\" >Der Beginn von Hangarmusik<\/a><\/h2>\n\n<div style=\"padding-bottom:var(--wp--preset--spacing--30);margin-top:var(--wp--preset--spacing--30);\" class=\"has-text-align-left wp-block-post-date has-medium-font-size\"><time datetime=\"2016-02-02T19:38:10+01:00\">2. Februar 2016<\/time><\/div>\n\n<div style=\"padding-top:0;padding-bottom:0;margin-top:0;margin-bottom:var(--wp--preset--spacing--30);margin-left:0;margin-right:0;\" class=\"has-text-align-left wp-block-post-excerpt has-medium-font-size\"><p class=\"wp-block-post-excerpt__excerpt\">Auf seinen Instrumenten spielend zog das Team von Hangarmusik regelm\u00e4\u00dfig durch Hangar 7, um die Kinder auf das Projekt aufmerksam zu machen. Anschlie\u00dfend versammelten wir uns im Kinderbetreuungsraum, der&hellip;<\/p><p class=\"wp-block-post-excerpt__more-text\"><a class=\"wp-block-post-excerpt__more-link\" href=\"https:\/\/hangarmusik.de\/de\/der-beginn-in-hangar-7\/\">Mehr<\/a><\/p><\/div>\n\n\n<hr class=\"wp-block-separator has-css-opacity is-style-wide\" style=\"margin-top:0;margin-bottom:0\"\/>\n\n<\/li><\/ul><\/div>\n<\/div>\n","protected":false},"excerpt":{"rendered":"","protected":false},"author":1,"featured_media":0,"parent":0,"menu_order":0,"comment_status":"closed","ping_status":"closed","template":"","meta":{"footnotes":""},"class_list":["post-3478","page","type-page","status-publish","hentry"],"yoast_head":"<!-- This site is optimized with the Yoast SEO plugin v27.5 - https:\/\/yoast.com\/product\/yoast-seo-wordpress\/ -->\n<title>Workshops - HANGARMUSIK<\/title>\n<meta name=\"robots\" content=\"index, follow, max-snippet:-1, max-image-preview:large, max-video-preview:-1\" \/>\n<link rel=\"canonical\" href=\"https:\/\/hangarmusik.de\/de\/workshops\/\" \/>\n<meta property=\"og:locale\" content=\"de_DE\" \/>\n<meta property=\"og:type\" content=\"article\" \/>\n<meta property=\"og:title\" content=\"Workshops - HANGARMUSIK\" \/>\n<meta property=\"og:url\" content=\"https:\/\/hangarmusik.de\/de\/workshops\/\" \/>\n<meta property=\"og:site_name\" content=\"HANGARMUSIK\" \/>\n<meta property=\"article:modified_time\" content=\"2025-08-02T11:08:55+00:00\" \/>\n<meta name=\"twitter:card\" content=\"summary_large_image\" \/>\n<script type=\"application\/ld+json\" class=\"yoast-schema-graph\">{\"@context\":\"https:\\\/\\\/schema.org\",\"@graph\":[{\"@type\":\"WebPage\",\"@id\":\"https:\\\/\\\/hangarmusik.de\\\/workshops\\\/\",\"url\":\"https:\\\/\\\/hangarmusik.de\\\/workshops\\\/\",\"name\":\"Workshops - HANGARMUSIK\",\"isPartOf\":{\"@id\":\"https:\\\/\\\/hangarmusik.de\\\/#website\"},\"datePublished\":\"2025-07-07T14:52:25+00:00\",\"dateModified\":\"2025-08-02T11:08:55+00:00\",\"breadcrumb\":{\"@id\":\"https:\\\/\\\/hangarmusik.de\\\/workshops\\\/#breadcrumb\"},\"inLanguage\":\"de\",\"potentialAction\":[{\"@type\":\"ReadAction\",\"target\":[\"https:\\\/\\\/hangarmusik.de\\\/workshops\\\/\"]}]},{\"@type\":\"BreadcrumbList\",\"@id\":\"https:\\\/\\\/hangarmusik.de\\\/workshops\\\/#breadcrumb\",\"itemListElement\":[{\"@type\":\"ListItem\",\"position\":1,\"name\":\"Startseite\",\"item\":\"https:\\\/\\\/hangarmusik.de\\\/\"},{\"@type\":\"ListItem\",\"position\":2,\"name\":\"Workshops\"}]},{\"@type\":\"WebSite\",\"@id\":\"https:\\\/\\\/hangarmusik.de\\\/#website\",\"url\":\"https:\\\/\\\/hangarmusik.de\\\/\",\"name\":\"HANGARMUSIK\",\"description\":\"Soziale Integration durch Orchestermusik\",\"publisher\":{\"@id\":\"https:\\\/\\\/hangarmusik.de\\\/#organization\"},\"alternateName\":\"Hangarmusik\",\"potentialAction\":[{\"@type\":\"SearchAction\",\"target\":{\"@type\":\"EntryPoint\",\"urlTemplate\":\"https:\\\/\\\/hangarmusik.de\\\/?s={search_term_string}\"},\"query-input\":{\"@type\":\"PropertyValueSpecification\",\"valueRequired\":true,\"valueName\":\"search_term_string\"}}],\"inLanguage\":\"de\"},{\"@type\":\"Organization\",\"@id\":\"https:\\\/\\\/hangarmusik.de\\\/#organization\",\"name\":\"HANGARMUSIK\",\"url\":\"https:\\\/\\\/hangarmusik.de\\\/\",\"logo\":{\"@type\":\"ImageObject\",\"inLanguage\":\"de\",\"@id\":\"https:\\\/\\\/hangarmusik.de\\\/#\\\/schema\\\/logo\\\/image\\\/\",\"url\":\"https:\\\/\\\/hangarmusik.de\\\/wp-content\\\/uploads\\\/2023\\\/07\\\/Hangarmusik_Logo-scaled.jpg\",\"contentUrl\":\"https:\\\/\\\/hangarmusik.de\\\/wp-content\\\/uploads\\\/2023\\\/07\\\/Hangarmusik_Logo-scaled.jpg\",\"width\":2560,\"height\":1280,\"caption\":\"HANGARMUSIK\"},\"image\":{\"@id\":\"https:\\\/\\\/hangarmusik.de\\\/#\\\/schema\\\/logo\\\/image\\\/\"},\"sameAs\":[\"https:\\\/\\\/www.instagram.com\\\/hangarmusik\\\/\"]}]}<\/script>\n<!-- \/ Yoast SEO plugin. -->","yoast_head_json":{"title":"Workshops - HANGARMUSIK","robots":{"index":"index","follow":"follow","max-snippet":"max-snippet:-1","max-image-preview":"max-image-preview:large","max-video-preview":"max-video-preview:-1"},"canonical":"https:\/\/hangarmusik.de\/de\/workshops\/","og_locale":"de_DE","og_type":"article","og_title":"Workshops - HANGARMUSIK","og_url":"https:\/\/hangarmusik.de\/de\/workshops\/","og_site_name":"HANGARMUSIK","article_modified_time":"2025-08-02T11:08:55+00:00","twitter_card":"summary_large_image","schema":{"@context":"https:\/\/schema.org","@graph":[{"@type":"WebPage","@id":"https:\/\/hangarmusik.de\/workshops\/","url":"https:\/\/hangarmusik.de\/workshops\/","name":"Workshops - HANGARMUSIK","isPartOf":{"@id":"https:\/\/hangarmusik.de\/#website"},"datePublished":"2025-07-07T14:52:25+00:00","dateModified":"2025-08-02T11:08:55+00:00","breadcrumb":{"@id":"https:\/\/hangarmusik.de\/workshops\/#breadcrumb"},"inLanguage":"de","potentialAction":[{"@type":"ReadAction","target":["https:\/\/hangarmusik.de\/workshops\/"]}]},{"@type":"BreadcrumbList","@id":"https:\/\/hangarmusik.de\/workshops\/#breadcrumb","itemListElement":[{"@type":"ListItem","position":1,"name":"Startseite","item":"https:\/\/hangarmusik.de\/"},{"@type":"ListItem","position":2,"name":"Workshops"}]},{"@type":"WebSite","@id":"https:\/\/hangarmusik.de\/#website","url":"https:\/\/hangarmusik.de\/","name":"HANGARMUSIK","description":"Soziale Integration durch Orchestermusik","publisher":{"@id":"https:\/\/hangarmusik.de\/#organization"},"alternateName":"Hangarmusik","potentialAction":[{"@type":"SearchAction","target":{"@type":"EntryPoint","urlTemplate":"https:\/\/hangarmusik.de\/?s={search_term_string}"},"query-input":{"@type":"PropertyValueSpecification","valueRequired":true,"valueName":"search_term_string"}}],"inLanguage":"de"},{"@type":"Organization","@id":"https:\/\/hangarmusik.de\/#organization","name":"HANGARMUSIK","url":"https:\/\/hangarmusik.de\/","logo":{"@type":"ImageObject","inLanguage":"de","@id":"https:\/\/hangarmusik.de\/#\/schema\/logo\/image\/","url":"https:\/\/hangarmusik.de\/wp-content\/uploads\/2023\/07\/Hangarmusik_Logo-scaled.jpg","contentUrl":"https:\/\/hangarmusik.de\/wp-content\/uploads\/2023\/07\/Hangarmusik_Logo-scaled.jpg","width":2560,"height":1280,"caption":"HANGARMUSIK"},"image":{"@id":"https:\/\/hangarmusik.de\/#\/schema\/logo\/image\/"},"sameAs":["https:\/\/www.instagram.com\/hangarmusik\/"]}]}},"_links":{"self":[{"href":"https:\/\/hangarmusik.de\/de\/wp-json\/wp\/v2\/pages\/3478","targetHints":{"allow":["GET"]}}],"collection":[{"href":"https:\/\/hangarmusik.de\/de\/wp-json\/wp\/v2\/pages"}],"about":[{"href":"https:\/\/hangarmusik.de\/de\/wp-json\/wp\/v2\/types\/page"}],"author":[{"embeddable":true,"href":"https:\/\/hangarmusik.de\/de\/wp-json\/wp\/v2\/users\/1"}],"replies":[{"embeddable":true,"href":"https:\/\/hangarmusik.de\/de\/wp-json\/wp\/v2\/comments?post=3478"}],"version-history":[{"count":27,"href":"https:\/\/hangarmusik.de\/de\/wp-json\/wp\/v2\/pages\/3478\/revisions"}],"predecessor-version":[{"id":4352,"href":"https:\/\/hangarmusik.de\/de\/wp-json\/wp\/v2\/pages\/3478\/revisions\/4352"}],"wp:attachment":[{"href":"https:\/\/hangarmusik.de\/de\/wp-json\/wp\/v2\/media?parent=3478"}],"curies":[{"name":"wp","href":"https:\/\/api.w.org\/{rel}","templated":true}]}}