{"id":3402,"date":"2025-07-07T16:05:36","date_gmt":"2025-07-07T14:05:36","guid":{"rendered":"https:\/\/hangarmusik-cm1aat3bjj.live-website.com\/?page_id=3402"},"modified":"2025-10-20T19:19:09","modified_gmt":"2025-10-20T17:19:09","slug":"auftritte","status":"publish","type":"page","link":"https:\/\/hangarmusik.de\/de\/auftritte\/","title":{"rendered":"Auftritte"},"content":{"rendered":"\n<div class=\"wp-block-cover alignfull is-light has-parallax\" style=\"min-height:400px;aspect-ratio:unset;\"><div class=\"wp-block-cover__image-background wp-image-4386 size-full has-parallax\" style=\"background-position:50% 50%;background-image:url(https:\/\/hangarmusik.de\/wp-content\/uploads\/2025\/07\/AK_V0281.jpg)\"><\/div><span aria-hidden=\"true\" class=\"wp-block-cover__background has-background-dim-0 has-background-dim\" style=\"background-color:#978580\"><\/span><div class=\"wp-block-cover__inner-container has-global-padding is-layout-constrained wp-block-cover-is-layout-constrained\">\n<p class=\"has-text-align-center has-large-font-size\"><\/p>\n<\/div><\/div>\n\n\n<h2 style=\"margin-bottom:var(--wp--preset--spacing--50);\" class=\"has-text-align-center wp-block-post-title\">Auftritte<\/h2>\n\n\n<div class=\"wp-block-group has-global-padding is-layout-constrained wp-container-core-group-is-layout-0f1330e2 wp-block-group-is-layout-constrained\" style=\"margin-top:var(--wp--preset--spacing--30);padding-right:var(--wp--preset--spacing--30);padding-left:var(--wp--preset--spacing--30)\">\n<div class=\"wp-block-query is-layout-flow wp-block-query-is-layout-flow\"><ul class=\"wp-block-post-template is-layout-flow wp-container-core-post-template-is-layout-c4582066 wp-block-post-template-is-layout-flow\"><li class=\"wp-block-post post-3451 post type-post status-publish format-standard hentry category-auftritte tag-evangelische-akademie-zu-berlin tag-fluechtlingsschutz tag-hangarmusik\">\n<h2 style=\"font-size:clamp(0.929rem, 0.929rem + ((1vw - 0.2rem) * 0.856), 1.4rem);font-style:normal;font-weight:700; margin-top:0;margin-bottom:0;\" class=\"wp-block-post-title\"><a href=\"https:\/\/hangarmusik.de\/de\/auftritt-beim-symposium-zum-fluechtlingsschutz\/\" target=\"_self\" >25. Berliner Symposium zum Fl\u00fcchtlingsschutz<\/a><\/h2>\n\n<div style=\"padding-bottom:var(--wp--preset--spacing--30);margin-top:var(--wp--preset--spacing--30);\" class=\"has-text-align-left wp-block-post-date has-medium-font-size\"><time datetime=\"2025-06-23T21:41:53+02:00\">23. Juni 2025<\/time><\/div>\n\n<div style=\"padding-top:0;padding-bottom:0;margin-top:0;margin-bottom:var(--wp--preset--spacing--30);margin-left:0;margin-right:0;\" class=\"has-text-align-left wp-block-post-excerpt has-medium-font-size\"><p class=\"wp-block-post-excerpt__excerpt\">Die Evangelische Akademie zu Berlin lud HANGARMUSIK anl\u00e4sslich des 25. Berliner Symposiums zum Fl\u00fcchtlingschutz zu einem Auftritt ein. In der Franz\u00f6sischen Friedrichstadtkirche musizierten wir zusammen mit der Sopranistin Sarah&hellip;<\/p><p class=\"wp-block-post-excerpt__more-text\"><a class=\"wp-block-post-excerpt__more-link\" href=\"https:\/\/hangarmusik.de\/de\/auftritt-beim-symposium-zum-fluechtlingsschutz\/\">Mehr<\/a><\/p><\/div>\n\n\n<hr class=\"wp-block-separator has-css-opacity is-style-wide\" style=\"margin-top:0;margin-bottom:0\"\/>\n\n<\/li><li class=\"wp-block-post post-2896 post type-post status-publish format-standard hentry category-auftritte tag-hangarmusik tag-konzert\">\n<h2 style=\"font-size:clamp(0.929rem, 0.929rem + ((1vw - 0.2rem) * 0.856), 1.4rem);font-style:normal;font-weight:700; margin-top:0;margin-bottom:0;\" class=\"wp-block-post-title\"><a href=\"https:\/\/hangarmusik.de\/de\/chonchi\/\" target=\"_self\" >Orquesta Patrimonial de Chonchi, Chile<\/a><\/h2>\n\n<div style=\"padding-bottom:var(--wp--preset--spacing--30);margin-top:var(--wp--preset--spacing--30);\" class=\"has-text-align-left wp-block-post-date has-medium-font-size\"><time datetime=\"2024-10-22T18:00:44+02:00\">22. Oktober 2024<\/time><\/div>\n\n<div style=\"padding-top:0;padding-bottom:0;margin-top:0;margin-bottom:var(--wp--preset--spacing--30);margin-left:0;margin-right:0;\" class=\"has-text-align-left wp-block-post-excerpt has-medium-font-size\"><p class=\"wp-block-post-excerpt__excerpt\">Aus dem S\u00fcden Chiles reiste das Orquesta Patrimonial de Chonchi nach Berlin, um gemeinsam mit HANGARMUSIK zwei Konzerte zu geben. Dank der Unterst\u00fctzung der Camaro Stiftung konnten die gemeinsamen&hellip;<\/p><p class=\"wp-block-post-excerpt__more-text\"><a class=\"wp-block-post-excerpt__more-link\" href=\"https:\/\/hangarmusik.de\/de\/chonchi\/\">Mehr<\/a><\/p><\/div>\n\n\n<hr class=\"wp-block-separator has-css-opacity is-style-wide\" style=\"margin-top:0;margin-bottom:0\"\/>\n\n<\/li><li class=\"wp-block-post post-2215 post type-post status-publish format-standard hentry category-auftritte tag-fluechtlingschutz tag-hangarmusik tag-musik\">\n<h2 style=\"font-size:clamp(0.929rem, 0.929rem + ((1vw - 0.2rem) * 0.856), 1.4rem);font-style:normal;font-weight:700; margin-top:0;margin-bottom:0;\" class=\"wp-block-post-title\"><a href=\"https:\/\/hangarmusik.de\/de\/auftritt-beim-jubilaeum-30-jahre-forum-menschenrechte\/\" target=\"_self\" >30 Jahre &#8220;Forum Menschenrechte&#8221;<\/a><\/h2>\n\n<div style=\"padding-bottom:var(--wp--preset--spacing--30);margin-top:var(--wp--preset--spacing--30);\" class=\"has-text-align-left wp-block-post-date has-medium-font-size\"><time datetime=\"2024-10-09T18:30:46+02:00\">9. Oktober 2024<\/time><\/div>\n\n<div style=\"padding-top:0;padding-bottom:0;margin-top:0;margin-bottom:var(--wp--preset--spacing--30);margin-left:0;margin-right:0;\" class=\"has-text-align-left wp-block-post-excerpt has-medium-font-size\"><p class=\"wp-block-post-excerpt__excerpt\">Auf Einladung des \u201eForum Menschenrechte\u201c anl\u00e4sslich seines 30-j\u00e4hrigen Bestehens spielte HANGARMUSIK in der Franz\u00f6sischen Kirche am Gendarmenmarkt Werke von Lully, Rameau, Mahler und M\u00e1rquez.<\/p><p class=\"wp-block-post-excerpt__more-text\"><a class=\"wp-block-post-excerpt__more-link\" href=\"https:\/\/hangarmusik.de\/de\/auftritt-beim-jubilaeum-30-jahre-forum-menschenrechte\/\">Mehr<\/a><\/p><\/div>\n\n\n<hr class=\"wp-block-separator has-css-opacity is-style-wide\" style=\"margin-top:0;margin-bottom:0\"\/>\n\n<\/li><li class=\"wp-block-post post-2234 post type-post status-publish format-standard hentry category-auftritte tag-catherine-larsen-maquire tag-dirigieren tag-hangarmusik tag-musik tag-orchestermusik\">\n<h2 style=\"font-size:clamp(0.929rem, 0.929rem + ((1vw - 0.2rem) * 0.856), 1.4rem);font-style:normal;font-weight:700; margin-top:0;margin-bottom:0;\" class=\"wp-block-post-title\"><a href=\"https:\/\/hangarmusik.de\/de\/hangarmusik-spielt-in-la-ribaute\/\" target=\"_self\" >HANGARMUSIK spielt in La Ribaute auf Einladung von Anselm Kiefer<\/a><\/h2>\n\n<div style=\"padding-bottom:var(--wp--preset--spacing--30);margin-top:var(--wp--preset--spacing--30);\" class=\"has-text-align-left wp-block-post-date has-medium-font-size\"><time datetime=\"2024-06-01T07:24:56+02:00\">1. Juni 2024<\/time><\/div>\n\n<div style=\"padding-top:0;padding-bottom:0;margin-top:0;margin-bottom:var(--wp--preset--spacing--30);margin-left:0;margin-right:0;\" class=\"has-text-align-left wp-block-post-excerpt has-medium-font-size\"><p class=\"wp-block-post-excerpt__excerpt\">La Ribaute ist ein einzigartiges Gesamtkunstwerk von Anselm Kiefer, in dem HANGARMUSIK als erstes Orchester \u00fcberhaupt auftreten durfte. Wir hatten das Gl\u00fcck, mehrere Tage in der Kunst von Anselm&hellip;<\/p><p class=\"wp-block-post-excerpt__more-text\"><a class=\"wp-block-post-excerpt__more-link\" href=\"https:\/\/hangarmusik.de\/de\/hangarmusik-spielt-in-la-ribaute\/\">Mehr<\/a><\/p><\/div>\n\n\n<hr class=\"wp-block-separator has-css-opacity is-style-wide\" style=\"margin-top:0;margin-bottom:0\"\/>\n\n<\/li><li class=\"wp-block-post post-3065 post type-post status-publish format-standard hentry category-auftritte\">\n<h2 style=\"font-size:clamp(0.929rem, 0.929rem + ((1vw - 0.2rem) * 0.856), 1.4rem);font-style:normal;font-weight:700; margin-top:0;margin-bottom:0;\" class=\"wp-block-post-title\"><a href=\"https:\/\/hangarmusik.de\/de\/hangarmusik-in-hamburg\/\" target=\"_self\" >HANGARMUSIK in Hamburg                                                                     30 Jahre Deutsche Nationalstiftung<\/a><\/h2>\n\n<div style=\"padding-bottom:var(--wp--preset--spacing--30);margin-top:var(--wp--preset--spacing--30);\" class=\"has-text-align-left wp-block-post-date has-medium-font-size\"><time datetime=\"2023-10-03T23:57:10+02:00\">3. Oktober 2023<\/time><\/div>\n\n<div style=\"padding-top:0;padding-bottom:0;margin-top:0;margin-bottom:var(--wp--preset--spacing--30);margin-left:0;margin-right:0;\" class=\"has-text-align-left wp-block-post-excerpt has-medium-font-size\"><p class=\"wp-block-post-excerpt__excerpt\">Auf Einladung der Gesch\u00e4ftsf\u00fchrerin der Deutschen Nationalstiftung, Dr. Agatha Klaus und des Vorstands, konnten wir vom 1. bis 3. Oktober eine weitere Reise unternehmen, diesmal nach Hamburg, wo die&hellip;<\/p><p class=\"wp-block-post-excerpt__more-text\"><a class=\"wp-block-post-excerpt__more-link\" href=\"https:\/\/hangarmusik.de\/de\/hangarmusik-in-hamburg\/\">Mehr<\/a><\/p><\/div>\n\n\n<hr class=\"wp-block-separator has-css-opacity is-style-wide\" style=\"margin-top:0;margin-bottom:0\"\/>\n\n<\/li><li class=\"wp-block-post post-1130 post type-post status-publish format-standard hentry category-auftritte\">\n<h2 style=\"font-size:clamp(0.929rem, 0.929rem + ((1vw - 0.2rem) * 0.856), 1.4rem);font-style:normal;font-weight:700; margin-top:0;margin-bottom:0;\" class=\"wp-block-post-title\"><a href=\"https:\/\/hangarmusik.de\/de\/60-jahre-dfjw-ofaj\/\" target=\"_self\" >60 Jahre Deutsch-Franz\u00f6sisches Jugendwerk<\/a><\/h2>\n\n<div style=\"padding-bottom:var(--wp--preset--spacing--30);margin-top:var(--wp--preset--spacing--30);\" class=\"has-text-align-left wp-block-post-date has-medium-font-size\"><time datetime=\"2023-07-05T22:23:47+02:00\">5. Juli 2023<\/time><\/div>\n\n<div style=\"padding-top:0;padding-bottom:0;margin-top:0;margin-bottom:var(--wp--preset--spacing--30);margin-left:0;margin-right:0;\" class=\"has-text-align-left wp-block-post-excerpt has-medium-font-size\"><p class=\"wp-block-post-excerpt__excerpt\">Zur Jubil\u00e4umsfeier des Deutsch-Franz\u00f6sischen Jugendwerks in der Malzfabrik Berlin spielte ein Ensemble von HANGARMUSIK als Repr\u00e4sentantin des Deutsch-Franz\u00f6sischen D\u00c9MOS Jugendorchesters unter der Leitung von Leila Weber die \u201eEuropahymne\u201c von&hellip;<\/p><p class=\"wp-block-post-excerpt__more-text\"><a class=\"wp-block-post-excerpt__more-link\" href=\"https:\/\/hangarmusik.de\/de\/60-jahre-dfjw-ofaj\/\">Mehr<\/a><\/p><\/div>\n\n\n<hr class=\"wp-block-separator has-css-opacity is-style-wide\" style=\"margin-top:0;margin-bottom:0\"\/>\n\n<\/li><li class=\"wp-block-post post-810 post type-post status-publish format-standard hentry category-auftritte\">\n<h2 style=\"font-size:clamp(0.929rem, 0.929rem + ((1vw - 0.2rem) * 0.856), 1.4rem);font-style:normal;font-weight:700; margin-top:0;margin-bottom:0;\" class=\"wp-block-post-title\"><a href=\"https:\/\/hangarmusik.de\/de\/deutsch-franzoesisches-demos-jugendorchester-mit-hangarmusik-in-paris-von-16-23-januar-2023\/\" target=\"_self\" >HANGARMUSIK im Panth\u00e9on Paris<\/a><\/h2>\n\n<div style=\"padding-bottom:var(--wp--preset--spacing--30);margin-top:var(--wp--preset--spacing--30);\" class=\"has-text-align-left wp-block-post-date has-medium-font-size\"><time datetime=\"2023-01-22T20:41:00+01:00\">22. Januar 2023<\/time><\/div>\n\n<div style=\"padding-top:0;padding-bottom:0;margin-top:0;margin-bottom:var(--wp--preset--spacing--30);margin-left:0;margin-right:0;\" class=\"has-text-align-left wp-block-post-excerpt has-medium-font-size\"><p class=\"wp-block-post-excerpt__excerpt\">HANGARMUSIK repr\u00e4sentierte die Bundesrepublik Deutschland bei den Feierlichkeiten zum 60. Jahrestages des Elyse\u00e9-Vertrags als Teil des Deutsch-Franz\u00f6sischen D\u00c9MOS-Jugendorchesters, das zu diesem Anlass gegr\u00fcndet wurde. 70 Jugendliche aus beiden L\u00e4ndern&hellip;<\/p><p class=\"wp-block-post-excerpt__more-text\"><a class=\"wp-block-post-excerpt__more-link\" href=\"https:\/\/hangarmusik.de\/de\/deutsch-franzoesisches-demos-jugendorchester-mit-hangarmusik-in-paris-von-16-23-januar-2023\/\">Mehr<\/a><\/p><\/div>\n\n\n<hr class=\"wp-block-separator has-css-opacity is-style-wide\" style=\"margin-top:0;margin-bottom:0\"\/>\n\n<\/li><li class=\"wp-block-post post-794 post type-post status-publish format-standard hentry category-auftritte\">\n<h2 style=\"font-size:clamp(0.929rem, 0.929rem + ((1vw - 0.2rem) * 0.856), 1.4rem);font-style:normal;font-weight:700; margin-top:0;margin-bottom:0;\" class=\"wp-block-post-title\"><a href=\"https:\/\/hangarmusik.de\/de\/hangarmusik-partner-des-projektes-ode-demos-der-philharmonie-de-paris\/\" target=\"_self\" >HANGARMUSIK Partner des ODE-DEMOS Orchesters der Philharmonie de Paris in Paris und Stra\u00dfburg 2022<\/a><\/h2>\n\n<div style=\"padding-bottom:var(--wp--preset--spacing--30);margin-top:var(--wp--preset--spacing--30);\" class=\"has-text-align-left wp-block-post-date has-medium-font-size\"><time datetime=\"2022-01-24T20:27:00+01:00\">24. Januar 2022<\/time><\/div>\n\n<div style=\"padding-top:0;padding-bottom:0;margin-top:0;margin-bottom:var(--wp--preset--spacing--30);margin-left:0;margin-right:0;\" class=\"has-text-align-left wp-block-post-excerpt has-medium-font-size\"><p class=\"wp-block-post-excerpt__excerpt\">HANGARMUSIK war Kooperationspartner des ODE-D\u00c9MOS Projektes der Philharmonie de Paris. Musikerinnen von HANGARMUSIK musizierten im Orchestre D\u00e9mos Europe (ODE) zusammen mit Jugendlichen aus allen 27 Mitgliedsstaaten der Europ\u00e4ischen Union&hellip;<\/p><p class=\"wp-block-post-excerpt__more-text\"><a class=\"wp-block-post-excerpt__more-link\" href=\"https:\/\/hangarmusik.de\/de\/hangarmusik-partner-des-projektes-ode-demos-der-philharmonie-de-paris\/\">Mehr<\/a><\/p><\/div>\n\n\n<hr class=\"wp-block-separator has-css-opacity is-style-wide\" style=\"margin-top:0;margin-bottom:0\"\/>\n\n<\/li><li class=\"wp-block-post post-999 post type-post status-publish format-standard hentry category-auftritte\">\n<h2 style=\"font-size:clamp(0.929rem, 0.929rem + ((1vw - 0.2rem) * 0.856), 1.4rem);font-style:normal;font-weight:700; margin-top:0;margin-bottom:0;\" class=\"wp-block-post-title\"><a href=\"https:\/\/hangarmusik.de\/de\/ensemble-modern-hangarmusik-im-pierre-boulez-saal-berlin\/\" target=\"_self\" >Ensemble Modern &#038; Hangarmusik im Pierre Boulez Saal Berlin<\/a><\/h2>\n\n<div style=\"padding-bottom:var(--wp--preset--spacing--30);margin-top:var(--wp--preset--spacing--30);\" class=\"has-text-align-left wp-block-post-date has-medium-font-size\"><time datetime=\"2018-03-12T15:38:22+01:00\">12. M\u00e4rz 2018<\/time><\/div>\n\n<div style=\"padding-top:0;padding-bottom:0;margin-top:0;margin-bottom:var(--wp--preset--spacing--30);margin-left:0;margin-right:0;\" class=\"has-text-align-left wp-block-post-excerpt has-medium-font-size\"><p class=\"wp-block-post-excerpt__excerpt\">Am 11. und 12. M\u00e4rz 2018 spielten Kinder von HANGARMUSIK zusammen mit Musikerinnen des Ensemble Modern unter gro\u00dfem Beifall der Konzertbesucher ihre ersten \u00f6ffentlichen Konzerte im Pierre-Boulez-Saal Berlin. Auf&hellip;<\/p><p class=\"wp-block-post-excerpt__more-text\"><a class=\"wp-block-post-excerpt__more-link\" href=\"https:\/\/hangarmusik.de\/de\/ensemble-modern-hangarmusik-im-pierre-boulez-saal-berlin\/\">Mehr<\/a><\/p><\/div>\n\n\n<hr class=\"wp-block-separator has-css-opacity is-style-wide\" style=\"margin-top:0;margin-bottom:0\"\/>\n\n<\/li><li class=\"wp-block-post post-2901 post type-post status-publish format-standard hentry category-auftritte\">\n<h2 style=\"font-size:clamp(0.929rem, 0.929rem + ((1vw - 0.2rem) * 0.856), 1.4rem);font-style:normal;font-weight:700; margin-top:0;margin-bottom:0;\" class=\"wp-block-post-title\"><a href=\"https:\/\/hangarmusik.de\/de\/grosse-musik-2016\/\" target=\"_self\" >&#8220;Gro\u00dfe Musik&#8221; in der Zollgarage<\/a><\/h2>\n\n<div style=\"padding-bottom:var(--wp--preset--spacing--30);margin-top:var(--wp--preset--spacing--30);\" class=\"has-text-align-left wp-block-post-date has-medium-font-size\"><time datetime=\"2016-11-06T17:39:55+01:00\">6. November 2016<\/time><\/div>\n\n<div style=\"padding-top:0;padding-bottom:0;margin-top:0;margin-bottom:var(--wp--preset--spacing--30);margin-left:0;margin-right:0;\" class=\"has-text-align-left wp-block-post-excerpt has-medium-font-size\"><p class=\"wp-block-post-excerpt__excerpt\">Die Kinder von Hangarmusik haben ihren ganz eigenen Begriff f\u00fcr ein Konzert.\u2028 Anfangs stand \u201eMusik\u201c einfach f\u00fcr eine Probe, ein gemeinsames Spielen. Doch wenn viele Menschen mit verschiedenen Instrumenten&hellip;<\/p><p class=\"wp-block-post-excerpt__more-text\"><a class=\"wp-block-post-excerpt__more-link\" href=\"https:\/\/hangarmusik.de\/de\/grosse-musik-2016\/\">Mehr<\/a><\/p><\/div>\n\n\n<hr class=\"wp-block-separator has-css-opacity is-style-wide\" style=\"margin-top:0;margin-bottom:0\"\/>\n\n<\/li><\/ul><\/div>\n<\/div>\n","protected":false},"excerpt":{"rendered":"","protected":false},"author":1,"featured_media":0,"parent":0,"menu_order":0,"comment_status":"closed","ping_status":"closed","template":"","meta":{"footnotes":""},"class_list":["post-3402","page","type-page","status-publish","hentry"],"yoast_head":"<!-- This site is optimized with the Yoast SEO plugin v27.5 - https:\/\/yoast.com\/product\/yoast-seo-wordpress\/ -->\n<title>Auftritte - HANGARMUSIK<\/title>\n<meta name=\"robots\" content=\"index, follow, max-snippet:-1, max-image-preview:large, max-video-preview:-1\" \/>\n<link rel=\"canonical\" href=\"https:\/\/hangarmusik.de\/de\/auftritte\/\" \/>\n<meta property=\"og:locale\" content=\"de_DE\" \/>\n<meta property=\"og:type\" content=\"article\" \/>\n<meta property=\"og:title\" content=\"Auftritte - HANGARMUSIK\" \/>\n<meta property=\"og:url\" content=\"https:\/\/hangarmusik.de\/de\/auftritte\/\" \/>\n<meta property=\"og:site_name\" content=\"HANGARMUSIK\" \/>\n<meta property=\"article:modified_time\" content=\"2025-10-20T17:19:09+00:00\" \/>\n<meta name=\"twitter:card\" content=\"summary_large_image\" \/>\n<script type=\"application\/ld+json\" class=\"yoast-schema-graph\">{\"@context\":\"https:\\\/\\\/schema.org\",\"@graph\":[{\"@type\":\"WebPage\",\"@id\":\"https:\\\/\\\/hangarmusik.de\\\/auftritte\\\/\",\"url\":\"https:\\\/\\\/hangarmusik.de\\\/auftritte\\\/\",\"name\":\"Auftritte - HANGARMUSIK\",\"isPartOf\":{\"@id\":\"https:\\\/\\\/hangarmusik.de\\\/#website\"},\"datePublished\":\"2025-07-07T14:05:36+00:00\",\"dateModified\":\"2025-10-20T17:19:09+00:00\",\"breadcrumb\":{\"@id\":\"https:\\\/\\\/hangarmusik.de\\\/auftritte\\\/#breadcrumb\"},\"inLanguage\":\"de\",\"potentialAction\":[{\"@type\":\"ReadAction\",\"target\":[\"https:\\\/\\\/hangarmusik.de\\\/auftritte\\\/\"]}]},{\"@type\":\"BreadcrumbList\",\"@id\":\"https:\\\/\\\/hangarmusik.de\\\/auftritte\\\/#breadcrumb\",\"itemListElement\":[{\"@type\":\"ListItem\",\"position\":1,\"name\":\"Startseite\",\"item\":\"https:\\\/\\\/hangarmusik.de\\\/\"},{\"@type\":\"ListItem\",\"position\":2,\"name\":\"Auftritte\"}]},{\"@type\":\"WebSite\",\"@id\":\"https:\\\/\\\/hangarmusik.de\\\/#website\",\"url\":\"https:\\\/\\\/hangarmusik.de\\\/\",\"name\":\"HANGARMUSIK\",\"description\":\"Soziale Integration durch Orchestermusik\",\"publisher\":{\"@id\":\"https:\\\/\\\/hangarmusik.de\\\/#organization\"},\"alternateName\":\"Hangarmusik\",\"potentialAction\":[{\"@type\":\"SearchAction\",\"target\":{\"@type\":\"EntryPoint\",\"urlTemplate\":\"https:\\\/\\\/hangarmusik.de\\\/?s={search_term_string}\"},\"query-input\":{\"@type\":\"PropertyValueSpecification\",\"valueRequired\":true,\"valueName\":\"search_term_string\"}}],\"inLanguage\":\"de\"},{\"@type\":\"Organization\",\"@id\":\"https:\\\/\\\/hangarmusik.de\\\/#organization\",\"name\":\"HANGARMUSIK\",\"url\":\"https:\\\/\\\/hangarmusik.de\\\/\",\"logo\":{\"@type\":\"ImageObject\",\"inLanguage\":\"de\",\"@id\":\"https:\\\/\\\/hangarmusik.de\\\/#\\\/schema\\\/logo\\\/image\\\/\",\"url\":\"https:\\\/\\\/hangarmusik.de\\\/wp-content\\\/uploads\\\/2023\\\/07\\\/Hangarmusik_Logo-scaled.jpg\",\"contentUrl\":\"https:\\\/\\\/hangarmusik.de\\\/wp-content\\\/uploads\\\/2023\\\/07\\\/Hangarmusik_Logo-scaled.jpg\",\"width\":2560,\"height\":1280,\"caption\":\"HANGARMUSIK\"},\"image\":{\"@id\":\"https:\\\/\\\/hangarmusik.de\\\/#\\\/schema\\\/logo\\\/image\\\/\"},\"sameAs\":[\"https:\\\/\\\/www.instagram.com\\\/hangarmusik\\\/\"]}]}<\/script>\n<!-- \/ Yoast SEO plugin. -->","yoast_head_json":{"title":"Auftritte - HANGARMUSIK","robots":{"index":"index","follow":"follow","max-snippet":"max-snippet:-1","max-image-preview":"max-image-preview:large","max-video-preview":"max-video-preview:-1"},"canonical":"https:\/\/hangarmusik.de\/de\/auftritte\/","og_locale":"de_DE","og_type":"article","og_title":"Auftritte - HANGARMUSIK","og_url":"https:\/\/hangarmusik.de\/de\/auftritte\/","og_site_name":"HANGARMUSIK","article_modified_time":"2025-10-20T17:19:09+00:00","twitter_card":"summary_large_image","schema":{"@context":"https:\/\/schema.org","@graph":[{"@type":"WebPage","@id":"https:\/\/hangarmusik.de\/auftritte\/","url":"https:\/\/hangarmusik.de\/auftritte\/","name":"Auftritte - HANGARMUSIK","isPartOf":{"@id":"https:\/\/hangarmusik.de\/#website"},"datePublished":"2025-07-07T14:05:36+00:00","dateModified":"2025-10-20T17:19:09+00:00","breadcrumb":{"@id":"https:\/\/hangarmusik.de\/auftritte\/#breadcrumb"},"inLanguage":"de","potentialAction":[{"@type":"ReadAction","target":["https:\/\/hangarmusik.de\/auftritte\/"]}]},{"@type":"BreadcrumbList","@id":"https:\/\/hangarmusik.de\/auftritte\/#breadcrumb","itemListElement":[{"@type":"ListItem","position":1,"name":"Startseite","item":"https:\/\/hangarmusik.de\/"},{"@type":"ListItem","position":2,"name":"Auftritte"}]},{"@type":"WebSite","@id":"https:\/\/hangarmusik.de\/#website","url":"https:\/\/hangarmusik.de\/","name":"HANGARMUSIK","description":"Soziale Integration durch Orchestermusik","publisher":{"@id":"https:\/\/hangarmusik.de\/#organization"},"alternateName":"Hangarmusik","potentialAction":[{"@type":"SearchAction","target":{"@type":"EntryPoint","urlTemplate":"https:\/\/hangarmusik.de\/?s={search_term_string}"},"query-input":{"@type":"PropertyValueSpecification","valueRequired":true,"valueName":"search_term_string"}}],"inLanguage":"de"},{"@type":"Organization","@id":"https:\/\/hangarmusik.de\/#organization","name":"HANGARMUSIK","url":"https:\/\/hangarmusik.de\/","logo":{"@type":"ImageObject","inLanguage":"de","@id":"https:\/\/hangarmusik.de\/#\/schema\/logo\/image\/","url":"https:\/\/hangarmusik.de\/wp-content\/uploads\/2023\/07\/Hangarmusik_Logo-scaled.jpg","contentUrl":"https:\/\/hangarmusik.de\/wp-content\/uploads\/2023\/07\/Hangarmusik_Logo-scaled.jpg","width":2560,"height":1280,"caption":"HANGARMUSIK"},"image":{"@id":"https:\/\/hangarmusik.de\/#\/schema\/logo\/image\/"},"sameAs":["https:\/\/www.instagram.com\/hangarmusik\/"]}]}},"_links":{"self":[{"href":"https:\/\/hangarmusik.de\/de\/wp-json\/wp\/v2\/pages\/3402","targetHints":{"allow":["GET"]}}],"collection":[{"href":"https:\/\/hangarmusik.de\/de\/wp-json\/wp\/v2\/pages"}],"about":[{"href":"https:\/\/hangarmusik.de\/de\/wp-json\/wp\/v2\/types\/page"}],"author":[{"embeddable":true,"href":"https:\/\/hangarmusik.de\/de\/wp-json\/wp\/v2\/users\/1"}],"replies":[{"embeddable":true,"href":"https:\/\/hangarmusik.de\/de\/wp-json\/wp\/v2\/comments?post=3402"}],"version-history":[{"count":38,"href":"https:\/\/hangarmusik.de\/de\/wp-json\/wp\/v2\/pages\/3402\/revisions"}],"predecessor-version":[{"id":4389,"href":"https:\/\/hangarmusik.de\/de\/wp-json\/wp\/v2\/pages\/3402\/revisions\/4389"}],"wp:attachment":[{"href":"https:\/\/hangarmusik.de\/de\/wp-json\/wp\/v2\/media?parent=3402"}],"curies":[{"name":"wp","href":"https:\/\/api.w.org\/{rel}","templated":true}]}}