{"id":1678,"date":"2023-08-11T13:37:13","date_gmt":"2023-08-11T11:37:13","guid":{"rendered":"https:\/\/hangarmusik-cm1aat3bjj.live-website.com\/?page_id=1678"},"modified":"2025-10-09T12:26:52","modified_gmt":"2025-10-09T10:26:52","slug":"hangarmusik","status":"publish","type":"page","link":"https:\/\/hangarmusik.de\/de\/hangarmusik\/","title":{"rendered":"HANGARMUSIK"},"content":{"rendered":"\n<div class=\"wp-block-cover alignfull is-light has-parallax\" style=\"min-height:400px;aspect-ratio:unset;\"><div class=\"wp-block-cover__image-background wp-image-4630 size-full has-parallax\" style=\"background-position:50% 50%;background-image:url(https:\/\/hangarmusik.de\/wp-content\/uploads\/2025\/08\/2016-hangar-03-08-1140823-2-4-scaled.jpg)\"><\/div><span aria-hidden=\"true\" class=\"wp-block-cover__background has-background-dim-0 has-background-dim\" style=\"background-color:#878889\"><\/span><div class=\"wp-block-cover__inner-container is-layout-flow wp-block-cover-is-layout-flow\">\n<p class=\"has-text-align-center has-large-font-size\"><\/p>\n<\/div><\/div>\n\n\n\n<div class=\"wp-block-group has-global-padding is-layout-constrained wp-container-core-group-is-layout-ff778368 wp-block-group-is-layout-constrained\" style=\"padding-right:var(--wp--preset--spacing--30);padding-left:var(--wp--preset--spacing--30)\">\n<div class=\"wp-block-group has-global-padding is-layout-constrained wp-container-core-group-is-layout-7db9d80f wp-block-group-is-layout-constrained\" style=\"padding-right:0;padding-left:0\"><h2 class=\"has-text-align-center wp-block-post-title\">HANGARMUSIK<\/h2>\n\n\n<p>In den Jahren 2015\/2016 wurden \u00fcber 3.000 Gefl\u00fcchtete in den Hangars des ehemaligen Flughafens Berlin-Tempelhof in einer Notunterkunft untergebracht. Dort gr\u00fcndeten wir im Februar 2016 HANGARMUSIK. Dieser besondere Ort gab nicht nur dem Projekt seinen Namen, sondern er symbolisiert auch den Schutzraum, den Kinder und Jugendliche hier finden, einen Raum, in dem sie gemeinsam das Spielen von Streichinstrumenten erlernen. In den w\u00f6chentlichen Proben wird klassische Orchestermusik gespielt.<br>Im ersten Jahr probten wir in den Hangars 6&amp;7, bis wir schlie\u00dflich in der \u201eZollgarage\u201c unser erstes Zuhause fanden. Mit der Er\u00f6ffnung des Containerdorfs \u201eTempohome\u201c auf dem Flughafenvorfeld im Jahr 2018 kam ein weiterer wichtiger Probenort hinzu. In den folgenden Jahren waren wir zus\u00e4tzlich auch in verschiedenen Unterk\u00fcnften f\u00fcr Gefl\u00fcchtete aktiv. Die \u201eZollgarage\u201c blieb bis 2021 unser Hauptprobenort.\u2028 Heute stellt uns das \u201eCamaro Haus\u201c Probenr\u00e4ume zur Verf\u00fcgung, hier haben wir ein neues Zuhause gefunden.<\/p>\n<\/div>\n\n\n\n<figure class=\"wp-block-gallery has-nested-images columns-default is-cropped wp-block-gallery-1 is-layout-flex wp-block-gallery-is-layout-flex\">\n<figure class=\"wp-block-image size-full\"><img loading=\"lazy\" decoding=\"async\" width=\"1000\" height=\"667\" data-id=\"4396\" src=\"https:\/\/hangarmusik.de\/wp-content\/uploads\/2025\/07\/2016-09-29-hangar-aknapp-8012-scaled-e1747833920154.jpg\" alt=\"\" class=\"wp-image-4396\" srcset=\"https:\/\/hangarmusik.de\/wp-content\/uploads\/2025\/07\/2016-09-29-hangar-aknapp-8012-scaled-e1747833920154.jpg 1000w, https:\/\/hangarmusik.de\/wp-content\/uploads\/2025\/07\/2016-09-29-hangar-aknapp-8012-scaled-e1747833920154-300x200.jpg 300w, https:\/\/hangarmusik.de\/wp-content\/uploads\/2025\/07\/2016-09-29-hangar-aknapp-8012-scaled-e1747833920154-768x512.jpg 768w\" sizes=\"auto, (max-width: 1000px) 100vw, 1000px\" \/><\/figure>\n\n\n\n<figure class=\"wp-block-image size-large\"><img loading=\"lazy\" decoding=\"async\" width=\"1024\" height=\"682\" data-id=\"4395\" src=\"https:\/\/hangarmusik.de\/wp-content\/uploads\/2025\/07\/L1000195-1024x682.jpg\" alt=\"\" class=\"wp-image-4395\" srcset=\"https:\/\/hangarmusik.de\/wp-content\/uploads\/2025\/07\/L1000195-1024x682.jpg 1024w, https:\/\/hangarmusik.de\/wp-content\/uploads\/2025\/07\/L1000195-300x200.jpg 300w, https:\/\/hangarmusik.de\/wp-content\/uploads\/2025\/07\/L1000195-768x512.jpg 768w, https:\/\/hangarmusik.de\/wp-content\/uploads\/2025\/07\/L1000195-1536x1024.jpg 1536w, https:\/\/hangarmusik.de\/wp-content\/uploads\/2025\/07\/L1000195.jpg 2000w\" sizes=\"auto, (max-width: 1024px) 100vw, 1024px\" \/><\/figure>\n\n\n\n<figure class=\"wp-block-image size-large\"><img loading=\"lazy\" decoding=\"async\" width=\"1024\" height=\"682\" data-id=\"2811\" src=\"https:\/\/hangarmusik.de\/wp-content\/uploads\/2025\/04\/Hangarmusik\u00a9AKnapp-8035-1024x682.jpeg\" alt=\"\" class=\"wp-image-2811\" srcset=\"https:\/\/hangarmusik.de\/wp-content\/uploads\/2025\/04\/Hangarmusik\u00a9AKnapp-8035-1024x682.jpeg 1024w, https:\/\/hangarmusik.de\/wp-content\/uploads\/2025\/04\/Hangarmusik\u00a9AKnapp-8035-300x200.jpeg 300w, https:\/\/hangarmusik.de\/wp-content\/uploads\/2025\/04\/Hangarmusik\u00a9AKnapp-8035-768x512.jpeg 768w, https:\/\/hangarmusik.de\/wp-content\/uploads\/2025\/04\/Hangarmusik\u00a9AKnapp-8035-18x12.jpeg 18w, https:\/\/hangarmusik.de\/wp-content\/uploads\/2025\/04\/Hangarmusik\u00a9AKnapp-8035.jpeg 1181w\" sizes=\"auto, (max-width: 1024px) 100vw, 1024px\" \/><\/figure>\n<\/figure>\n<\/div>\n\n\n\n<div style=\"height:100px\" aria-hidden=\"true\" class=\"wp-block-spacer\"><\/div>\n","protected":false},"excerpt":{"rendered":"<p>In den Jahren 2015\/2016 wurden \u00fcber 3.000 Gefl\u00fcchtete in den Hangars des ehemaligen Flughafens Berlin-Tempelhof in einer Notunterkunft untergebracht. Dort gr\u00fcndeten wir im Februar 2016 HANGARMUSIK. Dieser besondere Ort gab nicht nur dem Projekt seinen Namen, sondern er symbolisiert auch den Schutzraum, den Kinder und Jugendliche hier finden, einen Raum, in dem sie gemeinsam das [&hellip;]<\/p>\n","protected":false},"author":2,"featured_media":4391,"parent":0,"menu_order":0,"comment_status":"closed","ping_status":"closed","template":"","meta":{"footnotes":""},"class_list":["post-1678","page","type-page","status-publish","has-post-thumbnail","hentry"],"yoast_head":"<!-- This site is optimized with the Yoast SEO plugin v27.5 - https:\/\/yoast.com\/product\/yoast-seo-wordpress\/ -->\n<title>HANGARMUSIK - HANGARMUSIK<\/title>\n<meta name=\"robots\" content=\"index, follow, max-snippet:-1, max-image-preview:large, max-video-preview:-1\" \/>\n<link rel=\"canonical\" href=\"https:\/\/hangarmusik.de\/de\/hangarmusik\/\" \/>\n<meta property=\"og:locale\" content=\"de_DE\" \/>\n<meta property=\"og:type\" content=\"article\" \/>\n<meta property=\"og:title\" content=\"HANGARMUSIK - HANGARMUSIK\" \/>\n<meta property=\"og:description\" content=\"In den Jahren 2015\/2016 wurden \u00fcber 3.000 Gefl\u00fcchtete in den Hangars des ehemaligen Flughafens Berlin-Tempelhof in einer Notunterkunft untergebracht. Dort gr\u00fcndeten wir im Februar 2016 HANGARMUSIK. Dieser besondere Ort gab nicht nur dem Projekt seinen Namen, sondern er symbolisiert auch den Schutzraum, den Kinder und Jugendliche hier finden, einen Raum, in dem sie gemeinsam das [&hellip;]\" \/>\n<meta property=\"og:url\" content=\"https:\/\/hangarmusik.de\/de\/hangarmusik\/\" \/>\n<meta property=\"og:site_name\" content=\"HANGARMUSIK\" \/>\n<meta property=\"article:modified_time\" content=\"2025-10-09T10:26:52+00:00\" \/>\n<meta property=\"og:image\" content=\"https:\/\/hangarmusik.de\/wp-content\/uploads\/2025\/07\/2016-hangar-03-08-1140823.jpg\" \/>\n\t<meta property=\"og:image:width\" content=\"2000\" \/>\n\t<meta property=\"og:image:height\" content=\"867\" \/>\n\t<meta property=\"og:image:type\" content=\"image\/jpeg\" \/>\n<meta name=\"twitter:card\" content=\"summary_large_image\" \/>\n<meta name=\"twitter:label1\" content=\"Gesch\u00e4tzte Lesezeit\" \/>\n\t<meta name=\"twitter:data1\" content=\"2\u00a0Minuten\" \/>\n<script type=\"application\/ld+json\" class=\"yoast-schema-graph\">{\"@context\":\"https:\\\/\\\/schema.org\",\"@graph\":[{\"@type\":\"WebPage\",\"@id\":\"https:\\\/\\\/hangarmusik.de\\\/hangarmusik\\\/\",\"url\":\"https:\\\/\\\/hangarmusik.de\\\/hangarmusik\\\/\",\"name\":\"HANGARMUSIK - HANGARMUSIK\",\"isPartOf\":{\"@id\":\"https:\\\/\\\/hangarmusik.de\\\/#website\"},\"primaryImageOfPage\":{\"@id\":\"https:\\\/\\\/hangarmusik.de\\\/hangarmusik\\\/#primaryimage\"},\"image\":{\"@id\":\"https:\\\/\\\/hangarmusik.de\\\/hangarmusik\\\/#primaryimage\"},\"thumbnailUrl\":\"https:\\\/\\\/hangarmusik.de\\\/wp-content\\\/uploads\\\/2025\\\/07\\\/2016-hangar-03-08-1140823.jpg\",\"datePublished\":\"2023-08-11T11:37:13+00:00\",\"dateModified\":\"2025-10-09T10:26:52+00:00\",\"breadcrumb\":{\"@id\":\"https:\\\/\\\/hangarmusik.de\\\/hangarmusik\\\/#breadcrumb\"},\"inLanguage\":\"de\",\"potentialAction\":[{\"@type\":\"ReadAction\",\"target\":[\"https:\\\/\\\/hangarmusik.de\\\/hangarmusik\\\/\"]}]},{\"@type\":\"ImageObject\",\"inLanguage\":\"de\",\"@id\":\"https:\\\/\\\/hangarmusik.de\\\/hangarmusik\\\/#primaryimage\",\"url\":\"https:\\\/\\\/hangarmusik.de\\\/wp-content\\\/uploads\\\/2025\\\/07\\\/2016-hangar-03-08-1140823.jpg\",\"contentUrl\":\"https:\\\/\\\/hangarmusik.de\\\/wp-content\\\/uploads\\\/2025\\\/07\\\/2016-hangar-03-08-1140823.jpg\",\"width\":2000,\"height\":867},{\"@type\":\"BreadcrumbList\",\"@id\":\"https:\\\/\\\/hangarmusik.de\\\/hangarmusik\\\/#breadcrumb\",\"itemListElement\":[{\"@type\":\"ListItem\",\"position\":1,\"name\":\"Startseite\",\"item\":\"https:\\\/\\\/hangarmusik.de\\\/\"},{\"@type\":\"ListItem\",\"position\":2,\"name\":\"HANGARMUSIK\"}]},{\"@type\":\"WebSite\",\"@id\":\"https:\\\/\\\/hangarmusik.de\\\/#website\",\"url\":\"https:\\\/\\\/hangarmusik.de\\\/\",\"name\":\"HANGARMUSIK\",\"description\":\"Soziale Integration durch Orchestermusik\",\"publisher\":{\"@id\":\"https:\\\/\\\/hangarmusik.de\\\/#organization\"},\"alternateName\":\"Hangarmusik\",\"potentialAction\":[{\"@type\":\"SearchAction\",\"target\":{\"@type\":\"EntryPoint\",\"urlTemplate\":\"https:\\\/\\\/hangarmusik.de\\\/?s={search_term_string}\"},\"query-input\":{\"@type\":\"PropertyValueSpecification\",\"valueRequired\":true,\"valueName\":\"search_term_string\"}}],\"inLanguage\":\"de\"},{\"@type\":\"Organization\",\"@id\":\"https:\\\/\\\/hangarmusik.de\\\/#organization\",\"name\":\"HANGARMUSIK\",\"url\":\"https:\\\/\\\/hangarmusik.de\\\/\",\"logo\":{\"@type\":\"ImageObject\",\"inLanguage\":\"de\",\"@id\":\"https:\\\/\\\/hangarmusik.de\\\/#\\\/schema\\\/logo\\\/image\\\/\",\"url\":\"https:\\\/\\\/hangarmusik.de\\\/wp-content\\\/uploads\\\/2023\\\/07\\\/Hangarmusik_Logo-scaled.jpg\",\"contentUrl\":\"https:\\\/\\\/hangarmusik.de\\\/wp-content\\\/uploads\\\/2023\\\/07\\\/Hangarmusik_Logo-scaled.jpg\",\"width\":2560,\"height\":1280,\"caption\":\"HANGARMUSIK\"},\"image\":{\"@id\":\"https:\\\/\\\/hangarmusik.de\\\/#\\\/schema\\\/logo\\\/image\\\/\"},\"sameAs\":[\"https:\\\/\\\/www.instagram.com\\\/hangarmusik\\\/\"]}]}<\/script>\n<!-- \/ Yoast SEO plugin. -->","yoast_head_json":{"title":"HANGARMUSIK - HANGARMUSIK","robots":{"index":"index","follow":"follow","max-snippet":"max-snippet:-1","max-image-preview":"max-image-preview:large","max-video-preview":"max-video-preview:-1"},"canonical":"https:\/\/hangarmusik.de\/de\/hangarmusik\/","og_locale":"de_DE","og_type":"article","og_title":"HANGARMUSIK - HANGARMUSIK","og_description":"In den Jahren 2015\/2016 wurden \u00fcber 3.000 Gefl\u00fcchtete in den Hangars des ehemaligen Flughafens Berlin-Tempelhof in einer Notunterkunft untergebracht. Dort gr\u00fcndeten wir im Februar 2016 HANGARMUSIK. Dieser besondere Ort gab nicht nur dem Projekt seinen Namen, sondern er symbolisiert auch den Schutzraum, den Kinder und Jugendliche hier finden, einen Raum, in dem sie gemeinsam das [&hellip;]","og_url":"https:\/\/hangarmusik.de\/de\/hangarmusik\/","og_site_name":"HANGARMUSIK","article_modified_time":"2025-10-09T10:26:52+00:00","og_image":[{"width":2000,"height":867,"url":"https:\/\/hangarmusik.de\/wp-content\/uploads\/2025\/07\/2016-hangar-03-08-1140823.jpg","type":"image\/jpeg"}],"twitter_card":"summary_large_image","twitter_misc":{"Gesch\u00e4tzte Lesezeit":"2\u00a0Minuten"},"schema":{"@context":"https:\/\/schema.org","@graph":[{"@type":"WebPage","@id":"https:\/\/hangarmusik.de\/hangarmusik\/","url":"https:\/\/hangarmusik.de\/hangarmusik\/","name":"HANGARMUSIK - HANGARMUSIK","isPartOf":{"@id":"https:\/\/hangarmusik.de\/#website"},"primaryImageOfPage":{"@id":"https:\/\/hangarmusik.de\/hangarmusik\/#primaryimage"},"image":{"@id":"https:\/\/hangarmusik.de\/hangarmusik\/#primaryimage"},"thumbnailUrl":"https:\/\/hangarmusik.de\/wp-content\/uploads\/2025\/07\/2016-hangar-03-08-1140823.jpg","datePublished":"2023-08-11T11:37:13+00:00","dateModified":"2025-10-09T10:26:52+00:00","breadcrumb":{"@id":"https:\/\/hangarmusik.de\/hangarmusik\/#breadcrumb"},"inLanguage":"de","potentialAction":[{"@type":"ReadAction","target":["https:\/\/hangarmusik.de\/hangarmusik\/"]}]},{"@type":"ImageObject","inLanguage":"de","@id":"https:\/\/hangarmusik.de\/hangarmusik\/#primaryimage","url":"https:\/\/hangarmusik.de\/wp-content\/uploads\/2025\/07\/2016-hangar-03-08-1140823.jpg","contentUrl":"https:\/\/hangarmusik.de\/wp-content\/uploads\/2025\/07\/2016-hangar-03-08-1140823.jpg","width":2000,"height":867},{"@type":"BreadcrumbList","@id":"https:\/\/hangarmusik.de\/hangarmusik\/#breadcrumb","itemListElement":[{"@type":"ListItem","position":1,"name":"Startseite","item":"https:\/\/hangarmusik.de\/"},{"@type":"ListItem","position":2,"name":"HANGARMUSIK"}]},{"@type":"WebSite","@id":"https:\/\/hangarmusik.de\/#website","url":"https:\/\/hangarmusik.de\/","name":"HANGARMUSIK","description":"Soziale Integration durch Orchestermusik","publisher":{"@id":"https:\/\/hangarmusik.de\/#organization"},"alternateName":"Hangarmusik","potentialAction":[{"@type":"SearchAction","target":{"@type":"EntryPoint","urlTemplate":"https:\/\/hangarmusik.de\/?s={search_term_string}"},"query-input":{"@type":"PropertyValueSpecification","valueRequired":true,"valueName":"search_term_string"}}],"inLanguage":"de"},{"@type":"Organization","@id":"https:\/\/hangarmusik.de\/#organization","name":"HANGARMUSIK","url":"https:\/\/hangarmusik.de\/","logo":{"@type":"ImageObject","inLanguage":"de","@id":"https:\/\/hangarmusik.de\/#\/schema\/logo\/image\/","url":"https:\/\/hangarmusik.de\/wp-content\/uploads\/2023\/07\/Hangarmusik_Logo-scaled.jpg","contentUrl":"https:\/\/hangarmusik.de\/wp-content\/uploads\/2023\/07\/Hangarmusik_Logo-scaled.jpg","width":2560,"height":1280,"caption":"HANGARMUSIK"},"image":{"@id":"https:\/\/hangarmusik.de\/#\/schema\/logo\/image\/"},"sameAs":["https:\/\/www.instagram.com\/hangarmusik\/"]}]}},"_links":{"self":[{"href":"https:\/\/hangarmusik.de\/de\/wp-json\/wp\/v2\/pages\/1678","targetHints":{"allow":["GET"]}}],"collection":[{"href":"https:\/\/hangarmusik.de\/de\/wp-json\/wp\/v2\/pages"}],"about":[{"href":"https:\/\/hangarmusik.de\/de\/wp-json\/wp\/v2\/types\/page"}],"author":[{"embeddable":true,"href":"https:\/\/hangarmusik.de\/de\/wp-json\/wp\/v2\/users\/2"}],"replies":[{"embeddable":true,"href":"https:\/\/hangarmusik.de\/de\/wp-json\/wp\/v2\/comments?post=1678"}],"version-history":[{"count":79,"href":"https:\/\/hangarmusik.de\/de\/wp-json\/wp\/v2\/pages\/1678\/revisions"}],"predecessor-version":[{"id":4757,"href":"https:\/\/hangarmusik.de\/de\/wp-json\/wp\/v2\/pages\/1678\/revisions\/4757"}],"wp:featuredmedia":[{"embeddable":true,"href":"https:\/\/hangarmusik.de\/de\/wp-json\/wp\/v2\/media\/4391"}],"wp:attachment":[{"href":"https:\/\/hangarmusik.de\/de\/wp-json\/wp\/v2\/media?parent=1678"}],"curies":[{"name":"wp","href":"https:\/\/api.w.org\/{rel}","templated":true}]}}