{"id":1537,"date":"2023-08-11T08:17:43","date_gmt":"2023-08-11T06:17:43","guid":{"rendered":"https:\/\/hangarmusik-cm1aat3bjj.live-website.com\/?page_id=1537"},"modified":"2026-01-26T18:26:19","modified_gmt":"2026-01-26T17:26:19","slug":"hangarmusik-vial-griechenland","status":"publish","type":"page","link":"https:\/\/hangarmusik.de\/de\/hangarmusik-vial-griechenland\/","title":{"rendered":"HANGARMUSIK im Camp Vial Chios Griechenland"},"content":{"rendered":"\n<div class=\"wp-block-cover alignfull is-light has-parallax\" style=\"min-height:400px;aspect-ratio:unset;\"><div class=\"wp-block-cover__image-background wp-image-4418 size-large has-parallax\" style=\"background-position:50% 50%;background-image:url(https:\/\/hangarmusik.de\/wp-content\/uploads\/2025\/07\/vial2-1024x682.jpg)\"><\/div><span aria-hidden=\"true\" class=\"wp-block-cover__background has-background-dim-0 has-background-dim\" style=\"background-color:#8f8a84\"><\/span><div class=\"wp-block-cover__inner-container has-global-padding is-layout-constrained wp-block-cover-is-layout-constrained\">\n<p class=\"has-text-align-center has-large-font-size\"><\/p>\n<\/div><\/div>\n\n\n\n<div class=\"wp-block-group has-global-padding is-layout-constrained wp-container-core-group-is-layout-ff778368 wp-block-group-is-layout-constrained\" style=\"padding-right:var(--wp--preset--spacing--30);padding-left:var(--wp--preset--spacing--30)\">\n<div class=\"wp-block-group has-global-padding is-layout-constrained wp-block-group-is-layout-constrained\">\n<div class=\"wp-block-group has-global-padding is-layout-constrained wp-block-group-is-layout-constrained\"><h2 class=\"has-text-align-center wp-block-post-title has-x-large-font-size\">HANGARMUSIK im Camp Vial Chios Griechenland<\/h2>\n\n\n<div class=\"wp-block-group has-global-padding is-content-justification-center is-layout-constrained wp-container-core-group-is-layout-d7a71814 wp-block-group-is-layout-constrained\" style=\"padding-right:0;padding-left:0\">\n<p class=\"has-text-align-left\">Die Verh\u00e4ltnisse auf den griechischen Inseln sind besonders f\u00fcr gefl\u00fcchtete Kinder katastrophal. In den \u00fcberf\u00fcllten Camps an den Aussengrenzen Europas herrschen menschenunw\u00fcrdige Zust\u00e4nde. Inmitten dieser Realit\u00e4t versuchen Kinder, einen eigenen Weg des \u00dcberlebens zu finden.<br>Von Januar bis Juli 2021 war HANGARMUSIK im EU-Hotspot-Camp auf der Insel Chios\/Griechenland aktiv.<\/p>\n\n\n\n<p>Durch die Unterst\u00fctzung der Hilfsorganisation \u201eWir packen\u2019s an\u201c aus Bad Freienwalde konnten Geigen und Celli nach Chios transportiert werden. Vor Ort erm\u00f6glichten uns Kooperationen mit den Organisationen \u201eAction for Education\u201c und \u201eMetaDrasi\u201c den Zugang zu verschiedenen Einrichtungen: Der Containerschule im Camp VIAL, einer Unterkunft f\u00fcr unbegleitete minderj\u00e4hrige Gefl\u00fcchtete in Chios-Stadt und weiteren Orten wo Kinder ohne Zugang zu Schulen untergebracht waren.<br>An all diesen Orten begannen wir mit Kindern und Jugendlichen auf Geigen und Celli zu arbeiten. Die Musik erm\u00f6glichte Verbindung und Gemeinschaft in der schweren Lebenssituation. Die Arbeit auf Chios war gepr\u00e4gt von der \u00dcberzeugung, dass Musik kein Luxus ist, sondern ein Menschenrecht.<\/p>\n<\/div>\n<\/div>\n<\/div>\n\n\n\n<figure class=\"wp-block-gallery has-nested-images columns-default is-cropped wp-block-gallery-1 is-layout-flex wp-block-gallery-is-layout-flex\">\n<figure class=\"wp-block-image size-large\"><img loading=\"lazy\" decoding=\"async\" width=\"1024\" height=\"684\" data-id=\"765\" src=\"https:\/\/hangarmusik.de\/wp-content\/uploads\/2023\/07\/HM-20211112-1024x684.jpg\" alt=\"\" class=\"wp-image-765\" srcset=\"https:\/\/hangarmusik.de\/wp-content\/uploads\/2023\/07\/HM-20211112-1024x684.jpg 1024w, https:\/\/hangarmusik.de\/wp-content\/uploads\/2023\/07\/HM-20211112-300x200.jpg 300w, https:\/\/hangarmusik.de\/wp-content\/uploads\/2023\/07\/HM-20211112-768x513.jpg 768w, https:\/\/hangarmusik.de\/wp-content\/uploads\/2023\/07\/HM-20211112-1536x1025.jpg 1536w, https:\/\/hangarmusik.de\/wp-content\/uploads\/2023\/07\/HM-20211112.jpg 1600w\" sizes=\"auto, (max-width: 1024px) 100vw, 1024px\" \/><\/figure>\n\n\n\n<figure class=\"wp-block-image size-large\"><img loading=\"lazy\" decoding=\"async\" width=\"1024\" height=\"576\" data-id=\"2999\" src=\"https:\/\/hangarmusik.de\/wp-content\/uploads\/2025\/05\/IH@hangarmusik-2-12-1.jpg\" alt=\"\" class=\"wp-image-2999\" srcset=\"https:\/\/hangarmusik.de\/wp-content\/uploads\/2025\/05\/IH@hangarmusik-2-12-1.jpg 1024w, https:\/\/hangarmusik.de\/wp-content\/uploads\/2025\/05\/IH@hangarmusik-2-12-1-300x169.jpg 300w, https:\/\/hangarmusik.de\/wp-content\/uploads\/2025\/05\/IH@hangarmusik-2-12-1-768x432.jpg 768w, https:\/\/hangarmusik.de\/wp-content\/uploads\/2025\/05\/IH@hangarmusik-2-12-1-18x10.jpg 18w\" sizes=\"auto, (max-width: 1024px) 100vw, 1024px\" \/><\/figure>\n\n\n\n<figure class=\"wp-block-image size-large\"><img loading=\"lazy\" decoding=\"async\" width=\"1024\" height=\"768\" data-id=\"4416\" src=\"https:\/\/hangarmusik.de\/wp-content\/uploads\/2025\/07\/\u039c\u03bf\u03c5\u03c3\u03b9\u03ba\u03ae-2-1024x768.jpg\" alt=\"\" class=\"wp-image-4416\" srcset=\"https:\/\/hangarmusik.de\/wp-content\/uploads\/2025\/07\/\u039c\u03bf\u03c5\u03c3\u03b9\u03ba\u03ae-2-1024x768.jpg 1024w, https:\/\/hangarmusik.de\/wp-content\/uploads\/2025\/07\/\u039c\u03bf\u03c5\u03c3\u03b9\u03ba\u03ae-2-300x225.jpg 300w, https:\/\/hangarmusik.de\/wp-content\/uploads\/2025\/07\/\u039c\u03bf\u03c5\u03c3\u03b9\u03ba\u03ae-2-768x576.jpg 768w, https:\/\/hangarmusik.de\/wp-content\/uploads\/2025\/07\/\u039c\u03bf\u03c5\u03c3\u03b9\u03ba\u03ae-2-1536x1152.jpg 1536w, https:\/\/hangarmusik.de\/wp-content\/uploads\/2025\/07\/\u039c\u03bf\u03c5\u03c3\u03b9\u03ba\u03ae-2.jpg 2000w\" sizes=\"auto, (max-width: 1024px) 100vw, 1024px\" \/><\/figure>\n\n\n\n<figure class=\"wp-block-image size-large\"><img loading=\"lazy\" decoding=\"async\" width=\"1024\" height=\"684\" data-id=\"2889\" src=\"https:\/\/hangarmusik.de\/wp-content\/uploads\/2025\/04\/39f45ca0-1d8e-4b50-a6c1-1344d621a741-camp_jpg-1024x684.png\" alt=\"\" class=\"wp-image-2889\" srcset=\"https:\/\/hangarmusik.de\/wp-content\/uploads\/2025\/04\/39f45ca0-1d8e-4b50-a6c1-1344d621a741-camp_jpg-1024x684.png 1024w, https:\/\/hangarmusik.de\/wp-content\/uploads\/2025\/04\/39f45ca0-1d8e-4b50-a6c1-1344d621a741-camp_jpg-300x200.png 300w, https:\/\/hangarmusik.de\/wp-content\/uploads\/2025\/04\/39f45ca0-1d8e-4b50-a6c1-1344d621a741-camp_jpg-768x513.png 768w, https:\/\/hangarmusik.de\/wp-content\/uploads\/2025\/04\/39f45ca0-1d8e-4b50-a6c1-1344d621a741-camp_jpg-18x12.png 18w, https:\/\/hangarmusik.de\/wp-content\/uploads\/2025\/04\/39f45ca0-1d8e-4b50-a6c1-1344d621a741-camp_jpg.png 1181w\" sizes=\"auto, (max-width: 1024px) 100vw, 1024px\" \/><\/figure>\n\n\n\n<figure class=\"wp-block-image size-large\"><img loading=\"lazy\" decoding=\"async\" width=\"1024\" height=\"682\" data-id=\"1036\" src=\"https:\/\/hangarmusik.de\/wp-content\/uploads\/2023\/07\/ak@chios-1043-Bearbeitet-2-1024x682.jpg\" alt=\"\" class=\"wp-image-1036\" srcset=\"https:\/\/hangarmusik.de\/wp-content\/uploads\/2023\/07\/ak@chios-1043-Bearbeitet-2-1024x682.jpg 1024w, https:\/\/hangarmusik.de\/wp-content\/uploads\/2023\/07\/ak@chios-1043-Bearbeitet-2-300x200.jpg 300w, https:\/\/hangarmusik.de\/wp-content\/uploads\/2023\/07\/ak@chios-1043-Bearbeitet-2-768x512.jpg 768w, https:\/\/hangarmusik.de\/wp-content\/uploads\/2023\/07\/ak@chios-1043-Bearbeitet-2-1536x1024.jpg 1536w, https:\/\/hangarmusik.de\/wp-content\/uploads\/2023\/07\/ak@chios-1043-Bearbeitet-2-1200x800.jpg 1200w, https:\/\/hangarmusik.de\/wp-content\/uploads\/2023\/07\/ak@chios-1043-Bearbeitet-2-1980x1320.jpg 1980w, https:\/\/hangarmusik.de\/wp-content\/uploads\/2023\/07\/ak@chios-1043-Bearbeitet-2.jpg 2000w\" sizes=\"auto, (max-width: 1024px) 100vw, 1024px\" \/><\/figure>\n<\/figure>\n<\/div>\n","protected":false},"excerpt":{"rendered":"<p>Die Verh\u00e4ltnisse auf den griechischen Inseln sind besonders f\u00fcr gefl\u00fcchtete Kinder katastrophal. In den \u00fcberf\u00fcllten Camps an den Aussengrenzen Europas herrschen menschenunw\u00fcrdige Zust\u00e4nde. Inmitten dieser Realit\u00e4t versuchen Kinder, einen eigenen Weg des \u00dcberlebens zu finden.Von Januar bis Juli 2021 war HANGARMUSIK im EU-Hotspot-Camp auf der Insel Chios\/Griechenland aktiv. Durch die Unterst\u00fctzung der Hilfsorganisation \u201eWir packen\u2019s [&hellip;]<\/p>\n","protected":false},"author":2,"featured_media":0,"parent":0,"menu_order":0,"comment_status":"closed","ping_status":"closed","template":"","meta":{"footnotes":""},"class_list":["post-1537","page","type-page","status-publish","hentry"],"yoast_head":"<!-- This site is optimized with the Yoast SEO plugin v27.5 - https:\/\/yoast.com\/product\/yoast-seo-wordpress\/ -->\n<title>HANGARMUSIK im Camp Vial Chios Griechenland - HANGARMUSIK<\/title>\n<meta name=\"robots\" content=\"index, follow, max-snippet:-1, max-image-preview:large, max-video-preview:-1\" \/>\n<link rel=\"canonical\" href=\"https:\/\/hangarmusik.de\/de\/hangarmusik-vial-griechenland\/\" \/>\n<meta property=\"og:locale\" content=\"de_DE\" \/>\n<meta property=\"og:type\" content=\"article\" \/>\n<meta property=\"og:title\" content=\"HANGARMUSIK im Camp Vial Chios Griechenland - HANGARMUSIK\" \/>\n<meta property=\"og:description\" content=\"Die Verh\u00e4ltnisse auf den griechischen Inseln sind besonders f\u00fcr gefl\u00fcchtete Kinder katastrophal. In den \u00fcberf\u00fcllten Camps an den Aussengrenzen Europas herrschen menschenunw\u00fcrdige Zust\u00e4nde. Inmitten dieser Realit\u00e4t versuchen Kinder, einen eigenen Weg des \u00dcberlebens zu finden.Von Januar bis Juli 2021 war HANGARMUSIK im EU-Hotspot-Camp auf der Insel Chios\/Griechenland aktiv. Durch die Unterst\u00fctzung der Hilfsorganisation \u201eWir packen\u2019s [&hellip;]\" \/>\n<meta property=\"og:url\" content=\"https:\/\/hangarmusik.de\/de\/hangarmusik-vial-griechenland\/\" \/>\n<meta property=\"og:site_name\" content=\"HANGARMUSIK\" \/>\n<meta property=\"article:modified_time\" content=\"2026-01-26T17:26:19+00:00\" \/>\n<meta property=\"og:image\" content=\"https:\/\/hangarmusik.de\/wp-content\/uploads\/2023\/07\/HM-20211112.jpg\" \/>\n\t<meta property=\"og:image:width\" content=\"1600\" \/>\n\t<meta property=\"og:image:height\" content=\"1068\" \/>\n\t<meta property=\"og:image:type\" content=\"image\/jpeg\" \/>\n<meta name=\"twitter:card\" content=\"summary_large_image\" \/>\n<meta name=\"twitter:label1\" content=\"Gesch\u00e4tzte Lesezeit\" \/>\n\t<meta name=\"twitter:data1\" content=\"2\u00a0Minuten\" \/>\n<script type=\"application\/ld+json\" class=\"yoast-schema-graph\">{\"@context\":\"https:\\\/\\\/schema.org\",\"@graph\":[{\"@type\":\"WebPage\",\"@id\":\"https:\\\/\\\/hangarmusik.de\\\/hangarmusik-vial-griechenland\\\/\",\"url\":\"https:\\\/\\\/hangarmusik.de\\\/hangarmusik-vial-griechenland\\\/\",\"name\":\"HANGARMUSIK im Camp Vial Chios Griechenland - HANGARMUSIK\",\"isPartOf\":{\"@id\":\"https:\\\/\\\/hangarmusik.de\\\/#website\"},\"primaryImageOfPage\":{\"@id\":\"https:\\\/\\\/hangarmusik.de\\\/hangarmusik-vial-griechenland\\\/#primaryimage\"},\"image\":{\"@id\":\"https:\\\/\\\/hangarmusik.de\\\/hangarmusik-vial-griechenland\\\/#primaryimage\"},\"thumbnailUrl\":\"https:\\\/\\\/hangarmusik.de\\\/wp-content\\\/uploads\\\/2023\\\/07\\\/HM-20211112-1024x684.jpg\",\"datePublished\":\"2023-08-11T06:17:43+00:00\",\"dateModified\":\"2026-01-26T17:26:19+00:00\",\"breadcrumb\":{\"@id\":\"https:\\\/\\\/hangarmusik.de\\\/hangarmusik-vial-griechenland\\\/#breadcrumb\"},\"inLanguage\":\"de\",\"potentialAction\":[{\"@type\":\"ReadAction\",\"target\":[\"https:\\\/\\\/hangarmusik.de\\\/hangarmusik-vial-griechenland\\\/\"]}]},{\"@type\":\"ImageObject\",\"inLanguage\":\"de\",\"@id\":\"https:\\\/\\\/hangarmusik.de\\\/hangarmusik-vial-griechenland\\\/#primaryimage\",\"url\":\"https:\\\/\\\/hangarmusik.de\\\/wp-content\\\/uploads\\\/2023\\\/07\\\/HM-20211112-1024x684.jpg\",\"contentUrl\":\"https:\\\/\\\/hangarmusik.de\\\/wp-content\\\/uploads\\\/2023\\\/07\\\/HM-20211112-1024x684.jpg\"},{\"@type\":\"BreadcrumbList\",\"@id\":\"https:\\\/\\\/hangarmusik.de\\\/hangarmusik-vial-griechenland\\\/#breadcrumb\",\"itemListElement\":[{\"@type\":\"ListItem\",\"position\":1,\"name\":\"Startseite\",\"item\":\"https:\\\/\\\/hangarmusik.de\\\/\"},{\"@type\":\"ListItem\",\"position\":2,\"name\":\"HANGARMUSIK im Camp Vial Chios Griechenland\"}]},{\"@type\":\"WebSite\",\"@id\":\"https:\\\/\\\/hangarmusik.de\\\/#website\",\"url\":\"https:\\\/\\\/hangarmusik.de\\\/\",\"name\":\"HANGARMUSIK\",\"description\":\"Soziale Integration durch Orchestermusik\",\"publisher\":{\"@id\":\"https:\\\/\\\/hangarmusik.de\\\/#organization\"},\"alternateName\":\"Hangarmusik\",\"potentialAction\":[{\"@type\":\"SearchAction\",\"target\":{\"@type\":\"EntryPoint\",\"urlTemplate\":\"https:\\\/\\\/hangarmusik.de\\\/?s={search_term_string}\"},\"query-input\":{\"@type\":\"PropertyValueSpecification\",\"valueRequired\":true,\"valueName\":\"search_term_string\"}}],\"inLanguage\":\"de\"},{\"@type\":\"Organization\",\"@id\":\"https:\\\/\\\/hangarmusik.de\\\/#organization\",\"name\":\"HANGARMUSIK\",\"url\":\"https:\\\/\\\/hangarmusik.de\\\/\",\"logo\":{\"@type\":\"ImageObject\",\"inLanguage\":\"de\",\"@id\":\"https:\\\/\\\/hangarmusik.de\\\/#\\\/schema\\\/logo\\\/image\\\/\",\"url\":\"https:\\\/\\\/hangarmusik.de\\\/wp-content\\\/uploads\\\/2023\\\/07\\\/Hangarmusik_Logo-scaled.jpg\",\"contentUrl\":\"https:\\\/\\\/hangarmusik.de\\\/wp-content\\\/uploads\\\/2023\\\/07\\\/Hangarmusik_Logo-scaled.jpg\",\"width\":2560,\"height\":1280,\"caption\":\"HANGARMUSIK\"},\"image\":{\"@id\":\"https:\\\/\\\/hangarmusik.de\\\/#\\\/schema\\\/logo\\\/image\\\/\"},\"sameAs\":[\"https:\\\/\\\/www.instagram.com\\\/hangarmusik\\\/\"]}]}<\/script>\n<!-- \/ Yoast SEO plugin. -->","yoast_head_json":{"title":"HANGARMUSIK im Camp Vial Chios Griechenland - HANGARMUSIK","robots":{"index":"index","follow":"follow","max-snippet":"max-snippet:-1","max-image-preview":"max-image-preview:large","max-video-preview":"max-video-preview:-1"},"canonical":"https:\/\/hangarmusik.de\/de\/hangarmusik-vial-griechenland\/","og_locale":"de_DE","og_type":"article","og_title":"HANGARMUSIK im Camp Vial Chios Griechenland - HANGARMUSIK","og_description":"Die Verh\u00e4ltnisse auf den griechischen Inseln sind besonders f\u00fcr gefl\u00fcchtete Kinder katastrophal. In den \u00fcberf\u00fcllten Camps an den Aussengrenzen Europas herrschen menschenunw\u00fcrdige Zust\u00e4nde. Inmitten dieser Realit\u00e4t versuchen Kinder, einen eigenen Weg des \u00dcberlebens zu finden.Von Januar bis Juli 2021 war HANGARMUSIK im EU-Hotspot-Camp auf der Insel Chios\/Griechenland aktiv. Durch die Unterst\u00fctzung der Hilfsorganisation \u201eWir packen\u2019s [&hellip;]","og_url":"https:\/\/hangarmusik.de\/de\/hangarmusik-vial-griechenland\/","og_site_name":"HANGARMUSIK","article_modified_time":"2026-01-26T17:26:19+00:00","og_image":[{"width":1600,"height":1068,"url":"https:\/\/hangarmusik.de\/wp-content\/uploads\/2023\/07\/HM-20211112.jpg","type":"image\/jpeg"}],"twitter_card":"summary_large_image","twitter_misc":{"Gesch\u00e4tzte Lesezeit":"2\u00a0Minuten"},"schema":{"@context":"https:\/\/schema.org","@graph":[{"@type":"WebPage","@id":"https:\/\/hangarmusik.de\/hangarmusik-vial-griechenland\/","url":"https:\/\/hangarmusik.de\/hangarmusik-vial-griechenland\/","name":"HANGARMUSIK im Camp Vial Chios Griechenland - HANGARMUSIK","isPartOf":{"@id":"https:\/\/hangarmusik.de\/#website"},"primaryImageOfPage":{"@id":"https:\/\/hangarmusik.de\/hangarmusik-vial-griechenland\/#primaryimage"},"image":{"@id":"https:\/\/hangarmusik.de\/hangarmusik-vial-griechenland\/#primaryimage"},"thumbnailUrl":"https:\/\/hangarmusik.de\/wp-content\/uploads\/2023\/07\/HM-20211112-1024x684.jpg","datePublished":"2023-08-11T06:17:43+00:00","dateModified":"2026-01-26T17:26:19+00:00","breadcrumb":{"@id":"https:\/\/hangarmusik.de\/hangarmusik-vial-griechenland\/#breadcrumb"},"inLanguage":"de","potentialAction":[{"@type":"ReadAction","target":["https:\/\/hangarmusik.de\/hangarmusik-vial-griechenland\/"]}]},{"@type":"ImageObject","inLanguage":"de","@id":"https:\/\/hangarmusik.de\/hangarmusik-vial-griechenland\/#primaryimage","url":"https:\/\/hangarmusik.de\/wp-content\/uploads\/2023\/07\/HM-20211112-1024x684.jpg","contentUrl":"https:\/\/hangarmusik.de\/wp-content\/uploads\/2023\/07\/HM-20211112-1024x684.jpg"},{"@type":"BreadcrumbList","@id":"https:\/\/hangarmusik.de\/hangarmusik-vial-griechenland\/#breadcrumb","itemListElement":[{"@type":"ListItem","position":1,"name":"Startseite","item":"https:\/\/hangarmusik.de\/"},{"@type":"ListItem","position":2,"name":"HANGARMUSIK im Camp Vial Chios Griechenland"}]},{"@type":"WebSite","@id":"https:\/\/hangarmusik.de\/#website","url":"https:\/\/hangarmusik.de\/","name":"HANGARMUSIK","description":"Soziale Integration durch Orchestermusik","publisher":{"@id":"https:\/\/hangarmusik.de\/#organization"},"alternateName":"Hangarmusik","potentialAction":[{"@type":"SearchAction","target":{"@type":"EntryPoint","urlTemplate":"https:\/\/hangarmusik.de\/?s={search_term_string}"},"query-input":{"@type":"PropertyValueSpecification","valueRequired":true,"valueName":"search_term_string"}}],"inLanguage":"de"},{"@type":"Organization","@id":"https:\/\/hangarmusik.de\/#organization","name":"HANGARMUSIK","url":"https:\/\/hangarmusik.de\/","logo":{"@type":"ImageObject","inLanguage":"de","@id":"https:\/\/hangarmusik.de\/#\/schema\/logo\/image\/","url":"https:\/\/hangarmusik.de\/wp-content\/uploads\/2023\/07\/Hangarmusik_Logo-scaled.jpg","contentUrl":"https:\/\/hangarmusik.de\/wp-content\/uploads\/2023\/07\/Hangarmusik_Logo-scaled.jpg","width":2560,"height":1280,"caption":"HANGARMUSIK"},"image":{"@id":"https:\/\/hangarmusik.de\/#\/schema\/logo\/image\/"},"sameAs":["https:\/\/www.instagram.com\/hangarmusik\/"]}]}},"_links":{"self":[{"href":"https:\/\/hangarmusik.de\/de\/wp-json\/wp\/v2\/pages\/1537","targetHints":{"allow":["GET"]}}],"collection":[{"href":"https:\/\/hangarmusik.de\/de\/wp-json\/wp\/v2\/pages"}],"about":[{"href":"https:\/\/hangarmusik.de\/de\/wp-json\/wp\/v2\/types\/page"}],"author":[{"embeddable":true,"href":"https:\/\/hangarmusik.de\/de\/wp-json\/wp\/v2\/users\/2"}],"replies":[{"embeddable":true,"href":"https:\/\/hangarmusik.de\/de\/wp-json\/wp\/v2\/comments?post=1537"}],"version-history":[{"count":51,"href":"https:\/\/hangarmusik.de\/de\/wp-json\/wp\/v2\/pages\/1537\/revisions"}],"predecessor-version":[{"id":4932,"href":"https:\/\/hangarmusik.de\/de\/wp-json\/wp\/v2\/pages\/1537\/revisions\/4932"}],"wp:attachment":[{"href":"https:\/\/hangarmusik.de\/de\/wp-json\/wp\/v2\/media?parent=1537"}],"curies":[{"name":"wp","href":"https:\/\/api.w.org\/{rel}","templated":true}]}}